{"id":810,"date":"2024-02-13T20:36:20","date_gmt":"2024-02-13T19:36:20","guid":{"rendered":"https:\/\/www.blackcatstudioart.com\/?page_id=810"},"modified":"2025-01-27T20:08:28","modified_gmt":"2025-01-27T19:08:28","slug":"cm-comissions","status":"publish","type":"page","link":"https:\/\/www.blackcatstudioart.com\/en\/cm-comissions\/","title":{"rendered":"CM Comissions"},"content":{"rendered":"<div class=\"wp-block-group\"><div class=\"wp-block-group__inner-container is-layout-constrained wp-block-group-is-layout-constrained\">\n<div class=\"wp-block-columns is-layout-flex wp-container-core-columns-is-layout-9d6595d7 wp-block-columns-is-layout-flex\">\n<div class=\"wp-block-column is-layout-flow wp-block-column-is-layout-flow\" style=\"flex-basis:100%\"><style>.kb-row-layout-id810_d023a0-ac > .kt-row-column-wrap{align-content:center;}:where(.kb-row-layout-id810_d023a0-ac > .kt-row-column-wrap) > .wp-block-kadence-column{justify-content:center;}.kb-row-layout-id810_d023a0-ac > .kt-row-column-wrap{column-gap:var(--global-kb-gap-md, 2rem);row-gap:var(--global-kb-gap-md, 2rem);max-width:var( --global-content-width, 1290px );padding-left:var(--global-content-edge-padding);padding-right:var(--global-content-edge-padding);padding-top:var(--global-kb-spacing-lg, 3rem);padding-bottom:var(--global-kb-spacing-lg, 3rem);grid-template-columns:minmax(0, 1fr);}.kb-row-layout-id810_d023a0-ac{background-color:#dee2e6;}.kb-row-layout-id810_d023a0-ac > .kt-row-layout-overlay{opacity:1;background-image:url('https:\/\/xoeyed-bear-defo.instawp.xyz\/wp-content\/uploads\/2021\/10\/lines.jpeg');background-size:cover;background-position:center center;background-attachment:scroll;background-repeat:no-repeat;mix-blend-mode:multiply;}@media all and (max-width: 1024px){.kb-row-layout-id810_d023a0-ac > .kt-row-column-wrap{grid-template-columns:minmax(0, 1fr);}}@media all and (max-width: 767px){.kb-row-layout-id810_d023a0-ac > .kt-row-column-wrap{grid-template-columns:minmax(0, 1fr);}}<\/style><div class=\"kb-row-layout-wrap kb-row-layout-id810_d023a0-ac alignnone kt-row-has-bg wp-block-kadence-rowlayout\"><div class=\"kt-row-layout-overlay kt-row-overlay-normal\"><\/div><div class=\"kt-row-column-wrap kt-has-1-columns kt-row-layout-equal kt-tab-layout-inherit kt-mobile-layout-row kt-row-valign-middle kb-theme-content-width\">\n<style>.kadence-column810_3373a3-75 > .kt-inside-inner-col,.kadence-column810_3373a3-75 > .kt-inside-inner-col:before{border-top-left-radius:0px;border-top-right-radius:0px;border-bottom-right-radius:0px;border-bottom-left-radius:0px;}.kadence-column810_3373a3-75 > .kt-inside-inner-col{column-gap:var(--global-kb-gap-sm, 1rem);}.kadence-column810_3373a3-75 > .kt-inside-inner-col{flex-direction:column;}.kadence-column810_3373a3-75 > .kt-inside-inner-col > .aligncenter{width:100%;}.kadence-column810_3373a3-75 > .kt-inside-inner-col:before{opacity:0.3;}.kadence-column810_3373a3-75{text-align:center;}.kadence-column810_3373a3-75{position:relative;}@media all and (max-width: 1024px){.kadence-column810_3373a3-75 > .kt-inside-inner-col{flex-direction:column;justify-content:center;}}@media all and (max-width: 767px){.kadence-column810_3373a3-75 > .kt-inside-inner-col{flex-direction:column;justify-content:center;}}<\/style>\n<div class=\"wp-block-kadence-column kadence-column810_3373a3-75 inner-column-1\"><div class=\"kt-inside-inner-col\"><style>.wp-block-kadence-advancedheading.kt-adv-heading810_cb552d-ad, .wp-block-kadence-advancedheading.kt-adv-heading810_cb552d-ad[data-kb-block=\"kb-adv-heading810_cb552d-ad\"]{padding-top:var(--global-kb-spacing-xs, 1rem);padding-bottom:var(--global-kb-spacing-xs, 1rem);font-size:var(--global-kb-font-size-xl, 3rem);line-height:1.2;font-style:normal;}.wp-block-kadence-advancedheading.kt-adv-heading810_cb552d-ad mark.kt-highlight, .wp-block-kadence-advancedheading.kt-adv-heading810_cb552d-ad[data-kb-block=\"kb-adv-heading810_cb552d-ad\"] mark.kt-highlight{font-style:normal;color:#f76a0c;-webkit-box-decoration-break:clone;box-decoration-break:clone;padding-top:0px;padding-right:0px;padding-bottom:0px;padding-left:0px;}@media all and (max-width: 767px){.wp-block-kadence-advancedheading.kt-adv-heading810_cb552d-ad, .wp-block-kadence-advancedheading.kt-adv-heading810_cb552d-ad[data-kb-block=\"kb-adv-heading810_cb552d-ad\"]{max-width:871px;font-size:24px;text-align:center!important;}}<\/style>\n<h2 class=\"kt-adv-heading810_cb552d-ad wp-block-kadence-advancedheading has-theme-palette-3-color has-text-color\" data-kb-block=\"kb-adv-heading810_cb552d-ad\">CM-Comissions<\/h2>\n\n\n<style>.wp-block-kadence-advancedheading.kt-adv-heading810_660b1b-4c, .wp-block-kadence-advancedheading.kt-adv-heading810_660b1b-4c[data-kb-block=\"kb-adv-heading810_660b1b-4c\"]{max-width:600px;margin-right:auto;margin-left:auto;padding-top:0px;padding-right:0px;padding-bottom:0px;padding-left:0px;text-align:center;font-style:normal;}.wp-block-kadence-advancedheading.kt-adv-heading810_660b1b-4c mark.kt-highlight, .wp-block-kadence-advancedheading.kt-adv-heading810_660b1b-4c[data-kb-block=\"kb-adv-heading810_660b1b-4c\"] mark.kt-highlight{font-style:normal;color:#f76a0c;-webkit-box-decoration-break:clone;box-decoration-break:clone;padding-top:0px;padding-right:0px;padding-bottom:0px;padding-left:0px;}<\/style>\n<p class=\"kt-adv-heading810_660b1b-4c wp-block-kadence-advancedheading has-theme-palette-3-color has-text-color\" data-kb-block=\"kb-adv-heading810_660b1b-4c\">I am very pleased to finally be able to offer cm-comissions for your models. I can customize all models from Large Tradi to Venti, whether resin or rubber, according to your wishes.<\/p>\n\n\n\n<p>Please note: My main focus is working on my own Resins so I only take comissions I like to do. That\u00b4s nothing personal, I only want to give the best results and happy customers. Comissions take time - please keep that in mind.<\/p>\n\n\n\n<div class=\"wp-block-columns is-not-stacked-on-mobile is-layout-flex wp-container-core-columns-is-layout-9d6595d7 wp-block-columns-is-layout-flex\">\n<div class=\"wp-block-column is-layout-flow wp-block-column-is-layout-flow\">\n<h3 class=\"wp-block-heading\">What I do:<\/h3>\n<\/div>\n\n\n\n<div class=\"wp-block-column is-layout-flow wp-block-column-is-layout-flow\">\n<h3 class=\"wp-block-heading\">This is what it costs:<\/h3>\n<\/div>\n<\/div>\n\n\n\n<div class=\"wp-block-columns is-not-stacked-on-mobile is-layout-flex wp-container-core-columns-is-layout-9d6595d7 wp-block-columns-is-layout-flex\">\n<div class=\"wp-block-column is-layout-flow wp-block-column-is-layout-flow\">\n<h5 class=\"wp-block-heading translation-block\"><strong>Trad. size<\/strong> (Resin, OF)<\/h5>\n<\/div>\n\n\n\n<div class=\"wp-block-column is-layout-flow wp-block-column-is-layout-flow\">\n<h5 class=\"wp-block-heading\">Price<\/h5>\n<\/div>\n<\/div>\n\n\n\n<figure class=\"wp-block-table\"><table class=\"has-fixed-layout\"><tbody><tr><td>Mane<\/td><td>from <strong>50\u20ac<\/strong><\/td><\/tr><tr><td>Tale<\/td><td>from <strong>70\u20ac<\/strong><\/td><\/tr><tr><td>Neck<\/td><td class=\"translation-block\">from <strong>40\u20ac<\/strong>\/ completely new from <strong>60\u20ac<\/strong><\/td><\/tr><tr><td>legs<\/td><td>from <strong>25\u20ac<\/strong><\/td><\/tr><tr><td class=\"translation-block\">others (ear positions, hooves, etc.)<\/td><td>from <strong>20\u20ac<\/strong><\/td><\/tr><\/tbody><\/table><\/figure>\n\n\n\n<p><\/p>\n\n\n\n<div class=\"wp-block-columns is-not-stacked-on-mobile is-layout-flex wp-container-core-columns-is-layout-9d6595d7 wp-block-columns-is-layout-flex\">\n<div class=\"wp-block-column is-layout-flow wp-block-column-is-layout-flow\">\n<h5 class=\"wp-block-heading\"><strong>Classic<\/strong>:<\/h5>\n<\/div>\n\n\n\n<div class=\"wp-block-column is-layout-flow wp-block-column-is-layout-flow\">\n<h4 class=\"wp-block-heading\">Price<\/h4>\n<\/div>\n<\/div>\n\n\n\n<figure class=\"wp-block-table\"><table class=\"has-fixed-layout\"><tbody><tr><td><strong>Mane<\/strong><\/td><td>from <strong>25\u20ac<\/strong><\/td><\/tr><tr><td><strong>Tale<\/strong><\/td><td>from <strong>35\u20ac<\/strong><\/td><\/tr><tr><td><strong>Neck<\/strong><\/td><td class=\"translation-block\">from <strong>20\u20ac<\/strong>\/ completely new from <strong>30\u20ac<\/strong><\/td><\/tr><tr><td><strong>legs<\/strong><\/td><td>from <strong>10\u20ac<\/strong><\/td><\/tr><tr><td class=\"translation-block\">others (ear positions, hooves, etc.)<\/td><td>from <strong>10\u20ac<\/strong><\/td><\/tr><\/tbody><\/table><\/figure>\n\n\n\n<p><\/p>\n\n\n\n<div class=\"wp-block-columns is-not-stacked-on-mobile is-layout-flex wp-container-core-columns-is-layout-9d6595d7 wp-block-columns-is-layout-flex\">\n<div class=\"wp-block-column is-layout-flow wp-block-column-is-layout-flow\">\n<h5 class=\"wp-block-heading\"><strong>Gummi:<\/strong><\/h5>\n<\/div>\n\n\n\n<div class=\"wp-block-column is-layout-flow wp-block-column-is-layout-flow\">\n<h5 class=\"wp-block-heading\"><strong>Price<\/strong>:<\/h5>\n<\/div>\n<\/div>\n\n\n\n<figure class=\"wp-block-table\"><table class=\"has-fixed-layout\"><tbody><tr><td><strong>Mane<\/strong><\/td><td>from <strong>15\u20ac<\/strong><\/td><\/tr><tr><td><strong>Tale<\/strong><\/td><td>from <strong>25\u20ac<\/strong><\/td><\/tr><tr><td><strong>Neck<\/strong><\/td><td class=\"translation-block\">from <strong>5\u20ac<\/strong>\/ completely new from <strong>20\u20ac<\/strong><\/td><\/tr><tr><td><strong>legs<\/strong><\/td><td>from<strong> 5\u20ac <\/strong><\/td><\/tr><tr><td class=\"translation-block\">others (ear positions, hooves, etc.)<\/td><td>from <strong>5\u20ac<\/strong><\/td><\/tr><\/tbody><\/table><\/figure>\n\n\n\n<p><\/p>\n\n\n\n<p>Work includes improvements to the original condition: that means if I remove a mane, I resculpt the neck and add the mane. The same applies to all other work. This work is included in the price.<\/p>\n\n\n\n<p>In general, all prices vary depending on the length and\/or individual effort, time and material costs. Everything is discussed in detail beforehand so that we can find an exact price and it is clear what will be done. <\/p>\n\n\n\n<p><\/p>\n\n\n\n<p><strong>Attention:<\/strong><\/p>\n\n\n\n<p>Please keep in mind that I retain a certain amount of artistic freedom to comissions. I will work as closely as possible to your ideas, but unfortunately I don't see your ideas. <\/p>\n\n\n\n<p>Orders are binding! I only accept models and orders that I am confident about. If you are not satisfied, I will improve to a certain (reasonable) extent, after which an agreement must be reached regarding payment - if you are still not satisfied. <\/p>\n\n\n\n<p>I do not accept prepping orders! Even models that I change will not be worked on any further than agreed. That means: I should change the mane, so I only do that. Removing cast seams, filling pinholes, etc. are NOT included in the price.<\/p>\n\n\n\n<p>I do not copy the work of other artists or imitate their style. Whoever commissions work from me recognizes my style and agrees with its individual appearance.<\/p>\n\n\n\n<p><\/p>\n\n\n\n<h3 class=\"wp-block-heading\"><strong>How to order your comission:<\/strong><\/h3>\n\n\n\n<p>If you are interested, simply send an e-mail to mail@blackcatstudioart.de. Please include a photo of the model, the size and what you would like to change. I will take a look at everything, draw up a plan and send you everything. If you agree, I will need your personal details, send you an order confirmation and ask for a deposit. As soon as I receive this and the model, I start to work. Clients will get updates here and there. Once the model is ready, I send pictures of the work. After that the rest of the payment is due and the model will be shipped as soon as I have received the money. <strong>mail@blackcatstudioart.de<\/strong> schicken. Bitte ein Fotos des Modells, die Gr\u00f6\u00dfe und die W\u00fcnsche,w as ver\u00e4ndert werden soll mit. Ich schaue mir alles an, entwerfe einen Plan und sende dir alles zu. Bei Zustimmung werden dann die pers\u00f6nlichen daten ben\u00f6tigt, eine Bestellbest\u00e4tigung verschickt und eine Anzahlung f\u00e4llig. Sobald diese und das Modell bei mir sind fange ich an zu arbeiten. Auftraggeber werden von mir auf dem Laufenden gehalten. Ist das Modell fertig, verschicke ich Bilder der Arbeit. Danach ist die restliche Zahlung f\u00e4llig und das Modell wird verschickt sobald das Geld bei mir eingegenagen ist. <\/p>\n\n\n\n<p>The general terms and conditions apply.<\/p>\n<\/div><\/div>\n\n<\/div><\/div><\/div>\n<\/div>\n<\/div><\/div>","protected":false},"excerpt":{"rendered":"<p>CM-Auftragsarbeiten Ich freue mich sehr, endlich auch das Ver\u00e4ndern von Modellen anbieten zu k\u00f6nnen. Ich ver\u00e4ndere euch alle Modelle von Large Tradi bis Venti sowie von Resin bis Gummi ganz nach euren W\u00fcnschen. Bitte beachtete: Da ich viel an meinen Resineditionen arbeite nehme ich auschlie\u00dflich Auftr\u00e4ge an, auf die ich wirklich Lust habe. Das ist&#8230;<\/p>","protected":false},"author":1,"featured_media":0,"parent":0,"menu_order":0,"comment_status":"closed","ping_status":"closed","template":"","meta":{"_kadence_starter_templates_imported_post":false,"_kad_post_transparent":"","_kad_post_title":"hide","_kad_post_layout":"narrow","_kad_post_sidebar_id":"","_kad_post_content_style":"unboxed","_kad_post_vertical_padding":"hide","_kad_post_feature":"hide","_kad_post_feature_position":"","_kad_post_header":false,"_kad_post_footer":false,"footnotes":""},"class_list":["post-810","page","type-page","status-publish","hentry"],"_links":{"self":[{"href":"https:\/\/www.blackcatstudioart.com\/en\/wp-json\/wp\/v2\/pages\/810","targetHints":{"allow":["GET"]}}],"collection":[{"href":"https:\/\/www.blackcatstudioart.com\/en\/wp-json\/wp\/v2\/pages"}],"about":[{"href":"https:\/\/www.blackcatstudioart.com\/en\/wp-json\/wp\/v2\/types\/page"}],"author":[{"embeddable":true,"href":"https:\/\/www.blackcatstudioart.com\/en\/wp-json\/wp\/v2\/users\/1"}],"replies":[{"embeddable":true,"href":"https:\/\/www.blackcatstudioart.com\/en\/wp-json\/wp\/v2\/comments?post=810"}],"version-history":[{"count":18,"href":"https:\/\/www.blackcatstudioart.com\/en\/wp-json\/wp\/v2\/pages\/810\/revisions"}],"predecessor-version":[{"id":1220,"href":"https:\/\/www.blackcatstudioart.com\/en\/wp-json\/wp\/v2\/pages\/810\/revisions\/1220"}],"wp:attachment":[{"href":"https:\/\/www.blackcatstudioart.com\/en\/wp-json\/wp\/v2\/media?parent=810"}],"curies":[{"name":"wp","href":"https:\/\/api.w.org\/{rel}","templated":true}]}}