{"id":659,"date":"2024-02-13T00:28:52","date_gmt":"2024-02-12T23:28:52","guid":{"rendered":"https:\/\/www.blackcatstudioart.com\/?page_id=659"},"modified":"2024-12-08T15:47:20","modified_gmt":"2024-12-08T14:47:20","slug":"medaillon","status":"publish","type":"page","link":"https:\/\/www.blackcatstudioart.com\/en\/medaillon\/","title":{"rendered":"Medaillon"},"content":{"rendered":"<style>.kb-row-layout-id659_bd1d28-99 > .kt-row-column-wrap{align-content:center;}:where(.kb-row-layout-id659_bd1d28-99 > .kt-row-column-wrap) > .wp-block-kadence-column{justify-content:center;}.kb-row-layout-id659_bd1d28-99 > .kt-row-column-wrap{column-gap:var(--global-kb-gap-none, 0rem );row-gap:var(--global-kb-gap-md, 2rem);max-width:var( --global-content-width, 1290px );padding-left:var(--global-content-edge-padding);padding-right:var(--global-content-edge-padding);padding-top:var(--global-kb-spacing-xxl, 5rem);padding-bottom:var(--global-kb-spacing-xxl, 5rem);grid-template-columns:repeat(2, minmax(0, 1fr));}.kb-row-layout-id659_bd1d28-99{background-color:#dee2e6;}.kb-row-layout-id659_bd1d28-99 > .kt-row-layout-overlay{opacity:0.30;}.kb-row-layout-id659_bd1d28-99 .kt-row-layout-top-sep{height:100px;}.kb-row-layout-id659_bd1d28-99 .kt-row-layout-top-sep svg{width:100%;}.kb-row-layout-id659_bd1d28-99 .kt-row-layout-top-sep svg{fill:#212529!important;}@media all and (max-width: 1024px){.kb-row-layout-id659_bd1d28-99 > .kt-row-column-wrap{grid-template-columns:minmax(0, 1fr);}}@media all and (max-width: 767px){.kb-row-layout-id659_bd1d28-99 > .kt-row-column-wrap{grid-template-columns:minmax(0, 1fr);}}<\/style><div class=\"kb-row-layout-wrap kb-row-layout-id659_bd1d28-99 alignfull kt-row-has-bg wp-block-kadence-rowlayout\"><div class=\"kt-row-column-wrap kt-has-2-columns kt-row-layout-equal kt-tab-layout-row kt-mobile-layout-row kt-row-valign-middle kb-theme-content-width\">\n<style>.kadence-column659_012281-fc > .kt-inside-inner-col,.kadence-column659_012281-fc > .kt-inside-inner-col:before{border-top-left-radius:0px;border-top-right-radius:0px;border-bottom-right-radius:0px;border-bottom-left-radius:0px;}.kadence-column659_012281-fc > .kt-inside-inner-col{column-gap:var(--global-kb-gap-sm, 1rem);}.kadence-column659_012281-fc > .kt-inside-inner-col{flex-direction:column;}.kadence-column659_012281-fc > .kt-inside-inner-col > .aligncenter{width:100%;}.kadence-column659_012281-fc > .kt-inside-inner-col:before{opacity:0.3;}.kadence-column659_012281-fc{position:relative;}.kadence-column659_012281-fc, .kt-inside-inner-col > .kadence-column659_012281-fc:not(.specificity){margin-right:var(--global-kb-spacing-xxl, 5rem);}@media all and (max-width: 1024px){.kadence-column659_012281-fc > .kt-inside-inner-col{padding-right:var(--global-kb-spacing-3xl, 6.5rem);padding-left:var(--global-kb-spacing-3xl, 6.5rem);flex-direction:column;justify-content:center;}}@media all and (max-width: 1024px){.kadence-column659_012281-fc, .kt-inside-inner-col > .kadence-column659_012281-fc:not(.specificity){margin-right:0px;margin-bottom:var(--global-kb-spacing-md, 2rem);}}@media all and (max-width: 767px){.kadence-column659_012281-fc > .kt-inside-inner-col{padding-right:var(--global-kb-spacing-xxs, 0.5rem);padding-left:var(--global-kb-spacing-xxs, 0.5rem);flex-direction:column;justify-content:center;}}<\/style>\n<div class=\"wp-block-kadence-column kadence-column659_012281-fc inner-column-1\"><div class=\"kt-inside-inner-col\"><style>.wp-block-kadence-advancedheading.kt-adv-heading659_9f268c-24, .wp-block-kadence-advancedheading.kt-adv-heading659_9f268c-24[data-kb-block=\"kb-adv-heading659_9f268c-24\"]{margin-bottom:0px;line-height:1.6;font-style:normal;}.wp-block-kadence-advancedheading.kt-adv-heading659_9f268c-24 mark.kt-highlight, .wp-block-kadence-advancedheading.kt-adv-heading659_9f268c-24[data-kb-block=\"kb-adv-heading659_9f268c-24\"] mark.kt-highlight{font-style:normal;color:#f76a0c;-webkit-box-decoration-break:clone;box-decoration-break:clone;padding-top:0px;padding-right:0px;padding-bottom:0px;padding-left:0px;}<\/style>\n<p class=\"kt-adv-heading659_9f268c-24 wp-block-kadence-advancedheading has-theme-palette-4-color has-text-color\" data-kb-block=\"kb-adv-heading659_9f268c-24\">.<\/p>\n\n\n<style>.kadence-column659_f9927b-49 > .kt-inside-inner-col,.kadence-column659_f9927b-49 > .kt-inside-inner-col:before{border-top-left-radius:0px;border-top-right-radius:0px;border-bottom-right-radius:0px;border-bottom-left-radius:0px;}.kadence-column659_f9927b-49 > .kt-inside-inner-col{column-gap:var(--global-kb-gap-sm, 1rem);}.kadence-column659_f9927b-49 > .kt-inside-inner-col{flex-direction:column;}.kadence-column659_f9927b-49 > .kt-inside-inner-col > .aligncenter{width:100%;}.kadence-column659_f9927b-49 > .kt-inside-inner-col:before{opacity:0.3;}.kadence-column659_f9927b-49{position:relative;}@media all and (max-width: 1024px){.kadence-column659_f9927b-49 > .kt-inside-inner-col{flex-direction:column;justify-content:center;}}@media all and (max-width: 767px){.kadence-column659_f9927b-49 > .kt-inside-inner-col{flex-direction:column;justify-content:center;}}<\/style>\n<div class=\"wp-block-kadence-column kadence-column659_f9927b-49\"><div class=\"kt-inside-inner-col\"><style>.kadence-column659_c997d1-8c > .kt-inside-inner-col,.kadence-column659_c997d1-8c > .kt-inside-inner-col:before{border-top-left-radius:0px;border-top-right-radius:0px;border-bottom-right-radius:0px;border-bottom-left-radius:0px;}.kadence-column659_c997d1-8c > .kt-inside-inner-col{column-gap:var(--global-kb-gap-sm, 1rem);}.kadence-column659_c997d1-8c > .kt-inside-inner-col{flex-direction:column;}.kadence-column659_c997d1-8c > .kt-inside-inner-col > .aligncenter{width:100%;}.kadence-column659_c997d1-8c > .kt-inside-inner-col:before{opacity:0.3;}.kadence-column659_c997d1-8c{position:relative;}@media all and (max-width: 1024px){.kadence-column659_c997d1-8c > .kt-inside-inner-col{flex-direction:column;justify-content:center;}}@media all and (max-width: 767px){.kadence-column659_c997d1-8c > .kt-inside-inner-col{flex-direction:column;justify-content:center;}}<\/style>\n<div class=\"wp-block-kadence-column kadence-column659_c997d1-8c\"><div class=\"kt-inside-inner-col\">\n<h2 class=\"wp-block-heading has-text-align-center\">&#8222;Trick or Treat&#8220;<\/h2>\n<\/div><\/div>\n<\/div><\/div>\n\n\n\n<p class=\"has-text-align-center\">Watch out! This foal wants your treats!<\/p>\n\n\n\n<p><\/p>\n\n\n\n<p class=\"has-text-align-center\">\u201eTrick or Treat\u201c is a warmblood foal based on your own photograph, which is making the night unsafe with its disguise as a witch on its hunt for sweets. The medallion has a diameter of x cm and is cast to order in transparent resin dyed orange with acrylic paint. <\/p>\n\n\n\n<p class=\"has-text-align-center\">The medallion has a diameter of 9,5 cm and is cast to order in transparent resin dyed orange with acrylic paint.<\/p>\n\n\n\n<p class=\"has-text-align-center\"><\/p>\n\n\n\n<p class=\"has-text-align-center\"><strong>Price per copy: 35\u20ac<\/strong><\/p>\n\n\n\n<p class=\"has-text-align-center\"><strong>plus packing and shipping costs (book\/goods shipment from 2,55\u20ac)<\/strong><\/p>\n\n\n\n<p class=\"has-text-align-center\">Shipping costs will be adjusted accordingly to multiple models.<\/p>\n\n\n\n<p class=\"has-text-align-center\">Shipping costs will be added separately. \nShipping and sales only to Germany, Ireland, UK, Belgium, Netherlands, Denmark, Italy, Slovenia, Czech Republic, Hungary and Finland. All other EU countries cannot be supplied due to the obligations and costs of implementing the packaging laws. Third countries (e.g. USA) on request.<\/p>\n\n\n\n<p class=\"has-text-align-center\">Shipping to the USA is possible. Other third countries gladly on request.<\/p>\n\n\n\n<p class=\"has-text-align-center\">Modelle sind per \u00dcberweisung und Vorkasse umgehend nach Bestellbest\u00e4tigung zu bezahlen. Pay Pal ist derzeit&nbsp;nur f\u00fcr internationale Kunden m\u00f6glich.<\/p>\n\n\n\n<p class=\"has-text-align-center\"><strong>How to order:<\/strong><\/p>\n\n\n\n<p class=\"has-text-align-center\">If you are interested, simply send an e-mail to mail@blackcatstudioart.de stating how many models you would like to buy.<\/p>\n\n\n\n<p class=\"has-text-align-center\">Interested parties will then receive a reply mail. If models are available, the personal data are needed for the order confirmation. By sending a mail with your data you\u00b4ll recieve your order confirmation and request to pay your copies. This constitutes a contract of sale.<\/p>\n\n\n\n<p class=\"has-text-align-center\">Models are to be paid immediately by prepayment incl. shipping costs.<\/p>\n\n\n\n<p class=\"has-text-align-center\"><strong>You will find further information at the site \u201eABG &amp; Widerufsbelehrung\u201c\/ the terms and conditions.<\/strong><\/p>\n\n\n\n<p class=\"has-text-align-center\"><strong>By sending an email to me, you confirm that you have read this page as well as the terms and conditions and the cancellation policy and that you agree with the terms and conditions.<\/strong><\/p>\n\n\n\n<h6 class=\"wp-block-heading\">&nbsp;<\/h6>\n\n\n\n<h6 class=\"wp-block-heading has-text-align-center\"><strong>Important:<\/strong><\/h6>\n\n\n\n<p class=\"has-text-align-center\">Due to EU-law you have the right to return your order within 14 days if you buy a model for private use. If you want to do that, send a mail to me. More Information on the return of the model under current law are on the page \u201eTerms &amp; Cancellation Policy\u201c.<\/p>\n\n\n\n<p class=\"has-text-align-center\">I further reserve the right not to sell to certain persons and also to exclude purchasers I had a bad experience with from buying available and future models!<\/p>\n\n\n\n<p class=\"has-text-align-center\">With the purchase of the model only the right to change as well as to paint is acquired. In the case of changes, these as well as I am to be named as the original artist. The right to casts, scans of the model or other processes for reproduction or other private and commercial use are NOT sold (neither for modified nor unmodified models).<\/p>\n\n\n<div class=\"wp-block-image\">\n<figure class=\"aligncenter size-large is-resized\"><img loading=\"lazy\" decoding=\"async\" width=\"1024\" height=\"683\" src=\"https:\/\/www.blackcatstudioart.com\/wp-content\/uploads\/2024\/04\/IMG_4218-1024x683.jpg\" alt=\"\" class=\"wp-image-917\" style=\"width:427px;height:auto\" srcset=\"https:\/\/www.blackcatstudioart.com\/wp-content\/uploads\/2024\/04\/IMG_4218-1024x683.jpg 1024w, https:\/\/www.blackcatstudioart.com\/wp-content\/uploads\/2024\/04\/IMG_4218-300x200.jpg 300w, https:\/\/www.blackcatstudioart.com\/wp-content\/uploads\/2024\/04\/IMG_4218-768x512.jpg 768w, https:\/\/www.blackcatstudioart.com\/wp-content\/uploads\/2024\/04\/IMG_4218-1536x1024.jpg 1536w, https:\/\/www.blackcatstudioart.com\/wp-content\/uploads\/2024\/04\/IMG_4218-2048x1365.jpg 2048w, https:\/\/www.blackcatstudioart.com\/wp-content\/uploads\/2024\/04\/IMG_4218-18x12.jpg 18w\" sizes=\"auto, (max-width: 1024px) 100vw, 1024px\" \/><\/figure>\n<\/div><\/div><\/div>\n\n\n<style>.kadence-column659_3ce24c-d9 > .kt-inside-inner-col,.kadence-column659_3ce24c-d9 > .kt-inside-inner-col:before{border-top-left-radius:0px;border-top-right-radius:0px;border-bottom-right-radius:0px;border-bottom-left-radius:0px;}.kadence-column659_3ce24c-d9 > .kt-inside-inner-col{column-gap:var(--global-kb-gap-sm, 1rem);}.kadence-column659_3ce24c-d9 > .kt-inside-inner-col{flex-direction:column;}.kadence-column659_3ce24c-d9 > .kt-inside-inner-col > .aligncenter{width:100%;}.kadence-column659_3ce24c-d9 > .kt-inside-inner-col:before{opacity:0.3;}.kadence-column659_3ce24c-d9{position:relative;}.kadence-column659_3ce24c-d9, .kt-inside-inner-col > .kadence-column659_3ce24c-d9:not(.specificity){margin-top:0px;margin-right:0px;margin-bottom:0px;margin-left:0px;}@media all and (max-width: 1024px){.kadence-column659_3ce24c-d9 > .kt-inside-inner-col{padding-right:var(--global-kb-spacing-xs, 1rem);padding-left:var(--global-kb-spacing-xs, 1rem);flex-direction:column;justify-content:center;}}@media all and (max-width: 767px){.kadence-column659_3ce24c-d9 > .kt-inside-inner-col{padding-right:var(--global-kb-spacing-xxs, 0.5rem);padding-left:var(--global-kb-spacing-xxs, 0.5rem);flex-direction:column;justify-content:center;}}<\/style>\n<div class=\"wp-block-kadence-column kadence-column659_3ce24c-d9 inner-column-2\"><div class=\"kt-inside-inner-col\"><style>.kb-image659_d84170-b7.kb-image-is-ratio-size, .kb-image659_d84170-b7 .kb-image-is-ratio-size{max-width:503px;width:100%;}.wp-block-kadence-column > .kt-inside-inner-col > .kb-image659_d84170-b7.kb-image-is-ratio-size, .wp-block-kadence-column > .kt-inside-inner-col > .kb-image659_d84170-b7 .kb-image-is-ratio-size{align-self:unset;}.kb-image659_d84170-b7 figure{max-width:503px;}.kb-image659_d84170-b7 .image-is-svg, .kb-image659_d84170-b7 .image-is-svg img{width:100%;}.kb-image659_d84170-b7 .kb-image-has-overlay:after{opacity:0.3;}<\/style>\n<div class=\"wp-block-kadence-image kb-image659_d84170-b7\"><figure class=\"aligncenter size-full kb-image-is-ratio-size\"><div class=\"kb-is-ratio-image kb-image-ratio-port34\"><img loading=\"lazy\" decoding=\"async\" width=\"900\" height=\"900\" src=\"https:\/\/www.blackcatstudioart.com\/wp-content\/uploads\/2024\/04\/neufohlen.jpg\" alt=\"\" class=\"kb-img wp-image-911\" srcset=\"https:\/\/www.blackcatstudioart.com\/wp-content\/uploads\/2024\/04\/neufohlen.jpg 900w, https:\/\/www.blackcatstudioart.com\/wp-content\/uploads\/2024\/04\/neufohlen-300x300.jpg 300w, https:\/\/www.blackcatstudioart.com\/wp-content\/uploads\/2024\/04\/neufohlen-150x150.jpg 150w, https:\/\/www.blackcatstudioart.com\/wp-content\/uploads\/2024\/04\/neufohlen-768x768.jpg 768w, https:\/\/www.blackcatstudioart.com\/wp-content\/uploads\/2024\/04\/neufohlen-12x12.jpg 12w\" sizes=\"auto, (max-width: 900px) 100vw, 900px\" \/><\/div><\/figure><\/div>\n\n\n<div class=\"wp-block-image\">\n<figure class=\"aligncenter size-large is-resized\"><img loading=\"lazy\" decoding=\"async\" width=\"1024\" height=\"768\" src=\"https:\/\/www.blackcatstudioart.com\/wp-content\/uploads\/2024\/04\/fohlen1neu-1024x768.jpg\" alt=\"\" class=\"wp-image-912\" style=\"width:551px;height:auto\" srcset=\"https:\/\/www.blackcatstudioart.com\/wp-content\/uploads\/2024\/04\/fohlen1neu-1024x768.jpg 1024w, https:\/\/www.blackcatstudioart.com\/wp-content\/uploads\/2024\/04\/fohlen1neu-300x225.jpg 300w, https:\/\/www.blackcatstudioart.com\/wp-content\/uploads\/2024\/04\/fohlen1neu-768x576.jpg 768w, https:\/\/www.blackcatstudioart.com\/wp-content\/uploads\/2024\/04\/fohlen1neu-1536x1152.jpg 1536w, https:\/\/www.blackcatstudioart.com\/wp-content\/uploads\/2024\/04\/fohlen1neu-2048x1536.jpg 2048w, https:\/\/www.blackcatstudioart.com\/wp-content\/uploads\/2024\/04\/fohlen1neu-16x12.jpg 16w\" sizes=\"auto, (max-width: 1024px) 100vw, 1024px\" \/><\/figure>\n<\/div>\n\n<div class=\"wp-block-image\">\n<figure class=\"aligncenter size-large is-resized\"><img loading=\"lazy\" decoding=\"async\" width=\"1024\" height=\"615\" src=\"https:\/\/www.blackcatstudioart.com\/wp-content\/uploads\/2024\/04\/fohlen2-1024x615.jpg\" alt=\"\" class=\"wp-image-913\" style=\"width:553px;height:auto\" srcset=\"https:\/\/www.blackcatstudioart.com\/wp-content\/uploads\/2024\/04\/fohlen2-1024x615.jpg 1024w, https:\/\/www.blackcatstudioart.com\/wp-content\/uploads\/2024\/04\/fohlen2-300x180.jpg 300w, https:\/\/www.blackcatstudioart.com\/wp-content\/uploads\/2024\/04\/fohlen2-768x461.jpg 768w, https:\/\/www.blackcatstudioart.com\/wp-content\/uploads\/2024\/04\/fohlen2-1536x922.jpg 1536w, https:\/\/www.blackcatstudioart.com\/wp-content\/uploads\/2024\/04\/fohlen2-2048x1229.jpg 2048w, https:\/\/www.blackcatstudioart.com\/wp-content\/uploads\/2024\/04\/fohlen2-18x12.jpg 18w\" sizes=\"auto, (max-width: 1024px) 100vw, 1024px\" \/><\/figure>\n<\/div>\n\n<div class=\"wp-block-image\">\n<figure class=\"aligncenter size-large is-resized\"><img loading=\"lazy\" decoding=\"async\" width=\"1024\" height=\"1024\" src=\"https:\/\/www.blackcatstudioart.com\/wp-content\/uploads\/2024\/04\/fohlen3-1024x1024.jpg\" alt=\"\" class=\"wp-image-915\" style=\"width:561px;height:auto\" srcset=\"https:\/\/www.blackcatstudioart.com\/wp-content\/uploads\/2024\/04\/fohlen3-1024x1024.jpg 1024w, https:\/\/www.blackcatstudioart.com\/wp-content\/uploads\/2024\/04\/fohlen3-300x300.jpg 300w, https:\/\/www.blackcatstudioart.com\/wp-content\/uploads\/2024\/04\/fohlen3-150x150.jpg 150w, https:\/\/www.blackcatstudioart.com\/wp-content\/uploads\/2024\/04\/fohlen3-768x768.jpg 768w, https:\/\/www.blackcatstudioart.com\/wp-content\/uploads\/2024\/04\/fohlen3-1536x1536.jpg 1536w, https:\/\/www.blackcatstudioart.com\/wp-content\/uploads\/2024\/04\/fohlen3-2048x2048.jpg 2048w, https:\/\/www.blackcatstudioart.com\/wp-content\/uploads\/2024\/04\/fohlen3-12x12.jpg 12w\" sizes=\"auto, (max-width: 1024px) 100vw, 1024px\" \/><\/figure>\n<\/div>\n\n<div class=\"wp-block-image\">\n<figure class=\"aligncenter size-large is-resized\"><img loading=\"lazy\" decoding=\"async\" width=\"1024\" height=\"768\" src=\"https:\/\/www.blackcatstudioart.com\/wp-content\/uploads\/2024\/04\/fohlen4-1024x768.jpg\" alt=\"\" class=\"wp-image-916\" style=\"width:561px;height:auto\" srcset=\"https:\/\/www.blackcatstudioart.com\/wp-content\/uploads\/2024\/04\/fohlen4-1024x768.jpg 1024w, https:\/\/www.blackcatstudioart.com\/wp-content\/uploads\/2024\/04\/fohlen4-300x225.jpg 300w, https:\/\/www.blackcatstudioart.com\/wp-content\/uploads\/2024\/04\/fohlen4-768x576.jpg 768w, https:\/\/www.blackcatstudioart.com\/wp-content\/uploads\/2024\/04\/fohlen4-1536x1152.jpg 1536w, https:\/\/www.blackcatstudioart.com\/wp-content\/uploads\/2024\/04\/fohlen4-2048x1536.jpg 2048w, https:\/\/www.blackcatstudioart.com\/wp-content\/uploads\/2024\/04\/fohlen4-16x12.jpg 16w\" sizes=\"auto, (max-width: 1024px) 100vw, 1024px\" \/><\/figure>\n<\/div><\/div><\/div>\n\n<\/div><\/div>","protected":false},"excerpt":{"rendered":"<p>. &#8222;Trick or Treat&#8220; Aufgepasst! Dieses Fohlen ist auf deine S\u00fc\u00dfigkeiten aus! &#8222;Trick or Treat&#8220; ist ein Warmblutfohlen nach eigener Fotografie, das mit seiner Verkleidung als Hexe auf seiner Jagd nach S\u00fc\u00dfigkeiten die nacht unsicher macht. Das Medallion hat 9,5 cm im Durchmesser und wird in mit Acrylfarbe orange eingef\u00e4rbtem durchsichtigen Resin auf Bestellung gegossen&#8230;.<\/p>","protected":false},"author":1,"featured_media":0,"parent":0,"menu_order":0,"comment_status":"closed","ping_status":"closed","template":"","meta":{"_kadence_starter_templates_imported_post":false,"_kad_post_transparent":"","_kad_post_title":"hide","_kad_post_layout":"normal","_kad_post_sidebar_id":"","_kad_post_content_style":"unboxed","_kad_post_vertical_padding":"hide","_kad_post_feature":"hide","_kad_post_feature_position":"","_kad_post_header":false,"_kad_post_footer":false,"footnotes":""},"class_list":["post-659","page","type-page","status-publish","hentry"],"_links":{"self":[{"href":"https:\/\/www.blackcatstudioart.com\/en\/wp-json\/wp\/v2\/pages\/659","targetHints":{"allow":["GET"]}}],"collection":[{"href":"https:\/\/www.blackcatstudioart.com\/en\/wp-json\/wp\/v2\/pages"}],"about":[{"href":"https:\/\/www.blackcatstudioart.com\/en\/wp-json\/wp\/v2\/types\/page"}],"author":[{"embeddable":true,"href":"https:\/\/www.blackcatstudioart.com\/en\/wp-json\/wp\/v2\/users\/1"}],"replies":[{"embeddable":true,"href":"https:\/\/www.blackcatstudioart.com\/en\/wp-json\/wp\/v2\/comments?post=659"}],"version-history":[{"count":14,"href":"https:\/\/www.blackcatstudioart.com\/en\/wp-json\/wp\/v2\/pages\/659\/revisions"}],"predecessor-version":[{"id":919,"href":"https:\/\/www.blackcatstudioart.com\/en\/wp-json\/wp\/v2\/pages\/659\/revisions\/919"}],"wp:attachment":[{"href":"https:\/\/www.blackcatstudioart.com\/en\/wp-json\/wp\/v2\/media?parent=659"}],"curies":[{"name":"wp","href":"https:\/\/api.w.org\/{rel}","templated":true}]}}