{"id":657,"date":"2024-02-13T00:28:23","date_gmt":"2024-02-12T23:28:23","guid":{"rendered":"https:\/\/www.blackcatstudioart.com\/?page_id=657"},"modified":"2025-07-21T11:46:45","modified_gmt":"2025-07-21T09:46:45","slug":"maarif","status":"publish","type":"page","link":"https:\/\/www.blackcatstudioart.com\/en\/maarif\/","title":{"rendered":"Maarif"},"content":{"rendered":"<style>.kb-row-layout-id657_4561a3-73 > .kt-row-column-wrap{align-content:center;}:where(.kb-row-layout-id657_4561a3-73 > .kt-row-column-wrap) > .wp-block-kadence-column{justify-content:center;}.kb-row-layout-id657_4561a3-73 > .kt-row-column-wrap{column-gap:var(--global-kb-gap-none, 0rem );row-gap:var(--global-kb-gap-md, 2rem);max-width:var( --global-content-width, 1290px );padding-left:var(--global-content-edge-padding);padding-right:var(--global-content-edge-padding);padding-top:var(--global-kb-spacing-3xl, 6.5rem);padding-bottom:var(--global-kb-spacing-xxl, 5rem);grid-template-columns:minmax(0, calc(50% - ((var(--global-kb-gap-none, 0rem ) * 1 )\/2)))minmax(0, calc(50% - ((var(--global-kb-gap-none, 0rem ) * 1 )\/2)));}.kb-row-layout-id657_4561a3-73{background-color:#dee2e6;}.kb-row-layout-id657_4561a3-73 > .kt-row-layout-overlay{opacity:0.30;}.kb-row-layout-id657_4561a3-73 .kt-row-layout-top-sep{height:100px;}.kb-row-layout-id657_4561a3-73 .kt-row-layout-top-sep svg{width:100%;}.kb-row-layout-id657_4561a3-73 .kt-row-layout-top-sep svg{fill:#212529!important;}@media all and (max-width: 1024px){.kb-row-layout-id657_4561a3-73 > .kt-row-column-wrap{grid-template-columns:minmax(0, 1fr);}}@media all and (max-width: 767px){.kb-row-layout-id657_4561a3-73 > .kt-row-column-wrap{grid-template-columns:minmax(0, 1fr);}}<\/style><div class=\"kb-row-layout-wrap kb-row-layout-id657_4561a3-73 alignnone kt-row-has-bg wp-block-kadence-rowlayout\"><div class=\"kt-row-column-wrap kt-has-2-columns kt-row-layout-equal kt-tab-layout-row kt-mobile-layout-row kt-row-valign-middle kb-theme-content-width\">\n<style>.kadence-column657_e206d6-a7 > .kt-inside-inner-col{display:flex;}.kadence-column657_e206d6-a7 > .kt-inside-inner-col,.kadence-column657_e206d6-a7 > .kt-inside-inner-col:before{border-top-left-radius:0px;border-top-right-radius:0px;border-bottom-right-radius:0px;border-bottom-left-radius:0px;}.kadence-column657_e206d6-a7 > .kt-inside-inner-col{column-gap:var(--global-kb-gap-sm, 1rem);}.kadence-column657_e206d6-a7 > .kt-inside-inner-col{flex-direction:column;justify-content:center;}.kadence-column657_e206d6-a7 > .kt-inside-inner-col > .aligncenter{width:100%;}.kt-row-column-wrap > .kadence-column657_e206d6-a7{align-self:center;}.kt-inner-column-height-full:not(.kt-has-1-columns) > .wp-block-kadence-column.kadence-column657_e206d6-a7{align-self:auto;}.kt-inner-column-height-full:not(.kt-has-1-columns) > .wp-block-kadence-column.kadence-column657_e206d6-a7 > .kt-inside-inner-col{flex-direction:column;justify-content:center;}.kadence-column657_e206d6-a7 > .kt-inside-inner-col:before{opacity:0.3;}.kadence-column657_e206d6-a7{position:relative;}.kadence-column657_e206d6-a7, .kt-inside-inner-col > .kadence-column657_e206d6-a7:not(.specificity){margin-right:var(--global-kb-spacing-xxl, 5rem);}@media all and (max-width: 1024px){.kadence-column657_e206d6-a7 > .kt-inside-inner-col{padding-right:var(--global-kb-spacing-3xl, 6.5rem);padding-left:var(--global-kb-spacing-3xl, 6.5rem);flex-direction:column;justify-content:center;}}@media all and (max-width: 1024px){.kt-row-column-wrap > .kadence-column657_e206d6-a7{align-self:center;}}@media all and (max-width: 1024px){.kt-inner-column-height-full:not(.kt-has-1-columns) > .wp-block-kadence-column.kadence-column657_e206d6-a7{align-self:auto;}}@media all and (max-width: 1024px){.kt-inner-column-height-full:not(.kt-has-1-columns) > .wp-block-kadence-column.kadence-column657_e206d6-a7 > .kt-inside-inner-col{flex-direction:column;justify-content:center;}}@media all and (max-width: 1024px){.kadence-column657_e206d6-a7, .kt-inside-inner-col > .kadence-column657_e206d6-a7:not(.specificity){margin-right:0px;margin-bottom:var(--global-kb-spacing-md, 2rem);}}@media all and (max-width: 767px){.kadence-column657_e206d6-a7 > .kt-inside-inner-col{padding-right:var(--global-kb-spacing-xxs, 0.5rem);padding-left:var(--global-kb-spacing-xxs, 0.5rem);flex-direction:column;justify-content:center;}.kt-row-column-wrap > .kadence-column657_e206d6-a7{align-self:center;}.kt-inner-column-height-full:not(.kt-has-1-columns) > .wp-block-kadence-column.kadence-column657_e206d6-a7{align-self:auto;}.kt-inner-column-height-full:not(.kt-has-1-columns) > .wp-block-kadence-column.kadence-column657_e206d6-a7 > .kt-inside-inner-col{flex-direction:column;justify-content:center;}}<\/style>\n<div class=\"wp-block-kadence-column kadence-column657_e206d6-a7 inner-column-1\"><div class=\"kt-inside-inner-col\"><style>.kadence-column657_ffd423-f9 > .kt-inside-inner-col,.kadence-column657_ffd423-f9 > .kt-inside-inner-col:before{border-top-left-radius:0px;border-top-right-radius:0px;border-bottom-right-radius:0px;border-bottom-left-radius:0px;}.kadence-column657_ffd423-f9 > .kt-inside-inner-col{column-gap:var(--global-kb-gap-sm, 1rem);}.kadence-column657_ffd423-f9 > .kt-inside-inner-col{flex-direction:column;}.kadence-column657_ffd423-f9 > .kt-inside-inner-col > .aligncenter{width:100%;}.kadence-column657_ffd423-f9 > .kt-inside-inner-col:before{opacity:0.3;}.kadence-column657_ffd423-f9{position:relative;}@media all and (max-width: 1024px){.kadence-column657_ffd423-f9 > .kt-inside-inner-col{flex-direction:column;justify-content:center;}}@media all and (max-width: 767px){.kadence-column657_ffd423-f9 > .kt-inside-inner-col{flex-direction:column;justify-content:center;}}<\/style>\n<div class=\"wp-block-kadence-column kadence-column657_ffd423-f9\"><div class=\"kt-inside-inner-col\">\n<h1 class=\"wp-block-heading has-text-align-center\">Maarif<\/h1>\n<\/div><\/div>\n\n\n\n<p><\/p>\n\n\n\n<p class=\"has-text-align-center\"><strong>Horses for sale are limited resinmodels from hand-sculpted Originals and are only made for adult Collectors. These horses aren\u00b4t Toys!<\/strong><\/p>\n\n\n\n<p class=\"has-text-align-center\">Maarif\" is my second resin model in traditional scale (1:9) and has a very special place in my heart. Many years ago I got to know and love the real \"Maarif\" and have created a portrait of him from my memories.<\/p>\n\n\n\n<p class=\"has-text-align-center\">\u201eMaarif\u201c embodies the more robust Arabian type of Polish lines. His calm pose makes him versatile: Not only in native arabian tack, he also does well in distance scenes or with a western saddle.<\/p>\n\n\n<div class=\"wp-block-image\">\n<figure class=\"aligncenter size-full is-resized\"><img loading=\"lazy\" decoding=\"async\" width=\"800\" height=\"585\" src=\"https:\/\/www.blackcatstudioart.com\/wp-content\/uploads\/2024\/03\/neuneu1.jpg\" alt=\"\" class=\"wp-image-862\" style=\"width:476px;height:auto\" srcset=\"https:\/\/www.blackcatstudioart.com\/wp-content\/uploads\/2024\/03\/neuneu1.jpg 800w, https:\/\/www.blackcatstudioart.com\/wp-content\/uploads\/2024\/03\/neuneu1-300x219.jpg 300w, https:\/\/www.blackcatstudioart.com\/wp-content\/uploads\/2024\/03\/neuneu1-768x562.jpg 768w, https:\/\/www.blackcatstudioart.com\/wp-content\/uploads\/2024\/03\/neuneu1-16x12.jpg 16w\" sizes=\"auto, (max-width: 800px) 100vw, 800px\" \/><\/figure>\n<\/div>\n\n\n<p class=\"has-text-align-center\">Das Modell ist als Hohlgu\u00df mit Drahtverst\u00e4rkung als Resinguss von Beecasted gegossen in limitierter Edition verf\u00fcgbar.<\/p>\n\n\n\n<p class=\"has-text-align-center\">All models are cleanly cast, but only pre-prepped!<\/p>\n\n\n<style>.wp-block-kadence-advancedheading.kt-adv-heading657_937653-c2, .wp-block-kadence-advancedheading.kt-adv-heading657_937653-c2[data-kb-block=\"kb-adv-heading657_937653-c2\"]{text-align:center;font-style:normal;}.wp-block-kadence-advancedheading.kt-adv-heading657_937653-c2 mark.kt-highlight, .wp-block-kadence-advancedheading.kt-adv-heading657_937653-c2[data-kb-block=\"kb-adv-heading657_937653-c2\"] mark.kt-highlight{font-style:normal;color:#f76a0c;-webkit-box-decoration-break:clone;box-decoration-break:clone;padding-top:0px;padding-right:0px;padding-bottom:0px;padding-left:0px;}<\/style>\n<div class=\"kt-adv-heading657_937653-c2 wp-block-kadence-advancedheading\" data-kb-block=\"kb-adv-heading657_937653-c2\"><\/div>\n\n\n\n<p class=\"has-text-align-center has-medium-font-size\"><strong>Price per copy: 330\u20ac<\/strong> <\/p>\n\n\n\n<p class=\"has-text-align-center\"><strong>plus packing and shipping costs (insured, from 8,99\u20ac)<\/strong><\/p>\n\n\n\n<p class=\"has-text-align-center\">Versandkosten werden bei mehreren Modellen entsprechend angepasst. Pers\u00f6nliche Abholung m\u00f6glich!<\/p>\n\n\n\n<p class=\"has-text-align-center\">Shipping costs will be added separately. \nShipping and sales only to Germany, Ireland, UK, Belgium, Netherlands, Denmark, Italy, Slovenia, Czech Republic, Hungary and Finland. All other EU countries cannot be supplied due to the obligations and costs of implementing the packaging laws. Third countries (e.g. USA) on request.<\/p>\n\n\n\n<p class=\"has-text-align-center\">Shipping to the USA is possible. Other third countries gladly on request.<\/p>\n\n\n\n<p class=\"has-text-align-center\">Models are payable by bank transfer and prepayment immediately after order confirmation. Payments via Paypal are currently only available for international customers.<\/p>\n\n\n\n<p class=\"has-text-align-center\"><strong>How to order:<\/strong><\/p>\n\n\n\n<p class=\"has-text-align-center\"><strong>Bei Interesse einfach eine Mail an mail@blackcatstudioart.de oder das Kontaktformular am Ende der Seite nutzen mit der Angabe, wie viele Modelle gekauft werden sollen.<\/strong><\/p>\n\n\n\n<p class=\"has-text-align-center\">Interested parties will then receive a reply mail. If models are available, the personal data are needed for the order confirmation. By sending a mail with your data you\u00b4ll recieve your order confirmation and request to pay your copies. This constitutes a contract of sale.<\/p>\n\n\n\n<p class=\"has-text-align-center\">Models are to be paid immediately by prepayment incl. shipping costs.<\/p>\n\n\n\n<p class=\"has-text-align-center\">Each package receives a shipment number I will sent by mail.<\/p>\n\n\n\n<p class=\"has-text-align-center\"><strong>You will find further information at the site \u201eABG &amp; Widerufsbelehrung\u201c\/ the terms and conditions.<\/strong><\/p>\n\n\n\n<p class=\"has-text-align-center\"><strong>By sending an email to me or using the contact form  you confirm that you have read this page as well as the terms and conditions and the cancellation policy and that you agree with them.<\/strong><\/p>\n\n\n\n<h6 class=\"wp-block-heading\">&nbsp;<\/h6>\n\n\n\n<h6 class=\"wp-block-heading has-text-align-center\">Important:<\/h6>\n\n\n\n<p class=\"has-text-align-center\">Due to EU-law you have the right to return your order within 14 days if you buy a model for private use. If you want to do that, send a mail to me. More Information on the return of the model under current law are on the page \u201eTerms &amp; Cancellation Policy\u201c.<\/p>\n\n\n\n<p class=\"has-text-align-center\">I further reserve the right not to sell to certain persons and also to exclude purchasers I had a bad experience with from buying available and future models!<\/p>\n\n\n\n<p class=\"has-text-align-center\">With the purchase of the model only the right to change as well as to paint is acquired. In the case of changes, these as well as I am to be named as the original artist. The right to casts, scans of the model or other processes for reproduction or other private and commercial use are NOT sold (neither for modified nor unmodified models).<\/p>\n\n\n<style>.kb-form input.kadence-blocks-field.verify{opacity:0.0;position:absolute;top:0.0;left:0.0;width:0.0;height:0.0;z-index:-1;}<\/style>\n<div class=\"wp-block-kadence-form kadence-form-657_f798c5-59 kb-form-wrap\"><form class=\"kb-form\" action=\"\" method=\"post\" data-trp-original-action=\"\"><div class=\"kadence-blocks-form-field kb-field-desk-width-100 kb-input-size-standard\"><label for=\"kb_field_657_f798c5-59_0\">Name<\/label><input name=\"kb_field_0\" id=\"kb_field_657_f798c5-59_0\" data-label=\"Name\" type=\"text\" placeholder=\"\" value=\"\" data-type=\"text\" class=\"kb-field kb-text-style-field kb-text-field kb-field-0\"\/><\/div><div class=\"kadence-blocks-form-field kb-form-field-1 kb-field-desk-width-100 kb-input-size-standard\"><label for=\"kb_field_657_f798c5-59_1\">Email<span class=\"required\">*<\/span><\/label><input name=\"kb_field_1\" id=\"kb_field_657_f798c5-59_1\" data-label=\"Email\" type=\"email\" placeholder=\"\" value=\"\" data-type=\"email\" class=\"kb-field kb-text-style-field kb-email-field kb-field-1\" data-required=\"yes\"\/><\/div><div class=\"kadence-blocks-form-field kb-form-field-2 kb-field-desk-width-100 kb-input-size-standard\"><label for=\"kb_field_657_f798c5-59_2\">Message<span class=\"required\">*<\/span><\/label><textarea name=\"kb_field_2\" id=\"kb_field_657_f798c5-59_2\" data-label=\"Message\" type=\"textarea\" placeholder=\"\" data-type=\"textarea\" class=\"kb-field kb-text-style-field kb-textarea-field kb-field-2\" rows=\"4\" data-required=\"yes\"><\/textarea><\/div><input type=\"hidden\" name=\"_kb_form_id\" value=\"657_f798c5-59\"\/><input type=\"hidden\" name=\"_kb_form_post_id\" value=\"657\"\/><input type=\"hidden\" name=\"action\" value=\"kb_process_ajax_submit\"\/><label class=\"kadence-verify-label\">Email<input class=\"kadence-blocks-field verify\" type=\"text\" name=\"_kb_verify_email\" autocomplete=\"new-password\" aria-hidden=\"true\" placeholder=\"Email\" tabindex=\"-1\" data-1p-ignore=\"true\" data-lpignore=\"true\" \/><\/label><div class=\"kadence-blocks-form-field kb-submit-field kb-field-desk-width-100\"><button class=\"kb-forms-submit button kb-button-size-standard kb-button-width-auto\">Submit<\/button><\/div><input type=\"hidden\" name=\"trp-form-language\" value=\"en\"\/><\/form><\/div>\n<noscript><div class=\"kadence-blocks-form-message kadence-blocks-form-warning\">Please enable JavaScript in your browser to submit the form<\/div><style>.kadence-form-657_f798c5-59 .kadence-blocks-form-field.kb-submit-field { display: none; }<\/style><\/noscript><\/div><\/div>\n\n\n<style>.kadence-column657_6e9039-99 > .kt-inside-inner-col,.kadence-column657_6e9039-99 > .kt-inside-inner-col:before{border-top-left-radius:0px;border-top-right-radius:0px;border-bottom-right-radius:0px;border-bottom-left-radius:0px;}.kadence-column657_6e9039-99 > .kt-inside-inner-col{column-gap:var(--global-kb-gap-sm, 1rem);}.kadence-column657_6e9039-99 > .kt-inside-inner-col{flex-direction:column;}.kadence-column657_6e9039-99 > .kt-inside-inner-col > .aligncenter{width:100%;}.kadence-column657_6e9039-99 > .kt-inside-inner-col:before{opacity:0.3;}.kadence-column657_6e9039-99{position:relative;}.kadence-column657_6e9039-99, .kt-inside-inner-col > .kadence-column657_6e9039-99:not(.specificity){margin-top:0px;margin-right:0px;margin-bottom:0px;margin-left:0px;}@media all and (max-width: 1024px){.kadence-column657_6e9039-99 > .kt-inside-inner-col{padding-right:var(--global-kb-spacing-xs, 1rem);padding-left:var(--global-kb-spacing-xs, 1rem);flex-direction:column;justify-content:center;}}@media all and (max-width: 767px){.kadence-column657_6e9039-99 > .kt-inside-inner-col{padding-right:var(--global-kb-spacing-xxs, 0.5rem);padding-left:var(--global-kb-spacing-xxs, 0.5rem);flex-direction:column;justify-content:center;}}<\/style>\n<div class=\"wp-block-kadence-column kadence-column657_6e9039-99 inner-column-2\"><div class=\"kt-inside-inner-col\"><div class=\"wp-block-image\">\n<figure class=\"aligncenter size-large is-resized\"><img loading=\"lazy\" decoding=\"async\" width=\"1024\" height=\"683\" src=\"https:\/\/www.blackcatstudioart.com\/wp-content\/uploads\/2024\/03\/neu1-1024x683.jpg\" alt=\"\" class=\"wp-image-857\" style=\"width:587px;height:auto\" srcset=\"https:\/\/www.blackcatstudioart.com\/wp-content\/uploads\/2024\/03\/neu1-1024x683.jpg 1024w, https:\/\/www.blackcatstudioart.com\/wp-content\/uploads\/2024\/03\/neu1-300x200.jpg 300w, https:\/\/www.blackcatstudioart.com\/wp-content\/uploads\/2024\/03\/neu1-768x512.jpg 768w, https:\/\/www.blackcatstudioart.com\/wp-content\/uploads\/2024\/03\/neu1-1536x1024.jpg 1536w, https:\/\/www.blackcatstudioart.com\/wp-content\/uploads\/2024\/03\/neu1-2048x1365.jpg 2048w, https:\/\/www.blackcatstudioart.com\/wp-content\/uploads\/2024\/03\/neu1-18x12.jpg 18w\" sizes=\"auto, (max-width: 1024px) 100vw, 1024px\" \/><\/figure>\n<\/div>\n\n<div class=\"wp-block-image\">\n<figure class=\"aligncenter size-large is-resized\"><img loading=\"lazy\" decoding=\"async\" width=\"1021\" height=\"1024\" src=\"https:\/\/www.blackcatstudioart.com\/wp-content\/uploads\/2024\/03\/neu8-1021x1024.jpg\" alt=\"\" class=\"wp-image-859\" style=\"width:565px;height:auto\" srcset=\"https:\/\/www.blackcatstudioart.com\/wp-content\/uploads\/2024\/03\/neu8-1021x1024.jpg 1021w, https:\/\/www.blackcatstudioart.com\/wp-content\/uploads\/2024\/03\/neu8-300x300.jpg 300w, https:\/\/www.blackcatstudioart.com\/wp-content\/uploads\/2024\/03\/neu8-150x150.jpg 150w, https:\/\/www.blackcatstudioart.com\/wp-content\/uploads\/2024\/03\/neu8-768x770.jpg 768w, https:\/\/www.blackcatstudioart.com\/wp-content\/uploads\/2024\/03\/neu8-1532x1536.jpg 1532w, https:\/\/www.blackcatstudioart.com\/wp-content\/uploads\/2024\/03\/neu8-2042x2048.jpg 2042w, https:\/\/www.blackcatstudioart.com\/wp-content\/uploads\/2024\/03\/neu8-12x12.jpg 12w\" sizes=\"auto, (max-width: 1021px) 100vw, 1021px\" \/><\/figure>\n<\/div>\n\n<div class=\"wp-block-image\">\n<figure class=\"aligncenter size-large is-resized\"><img loading=\"lazy\" decoding=\"async\" width=\"1024\" height=\"683\" src=\"https:\/\/www.blackcatstudioart.com\/wp-content\/uploads\/2024\/03\/neu6-1024x683.jpg\" alt=\"\" class=\"wp-image-853\" style=\"width:573px;height:auto\" srcset=\"https:\/\/www.blackcatstudioart.com\/wp-content\/uploads\/2024\/03\/neu6-1024x683.jpg 1024w, https:\/\/www.blackcatstudioart.com\/wp-content\/uploads\/2024\/03\/neu6-300x200.jpg 300w, https:\/\/www.blackcatstudioart.com\/wp-content\/uploads\/2024\/03\/neu6-768x512.jpg 768w, https:\/\/www.blackcatstudioart.com\/wp-content\/uploads\/2024\/03\/neu6-1536x1024.jpg 1536w, https:\/\/www.blackcatstudioart.com\/wp-content\/uploads\/2024\/03\/neu6-2048x1365.jpg 2048w, https:\/\/www.blackcatstudioart.com\/wp-content\/uploads\/2024\/03\/neu6-18x12.jpg 18w\" sizes=\"auto, (max-width: 1024px) 100vw, 1024px\" \/><\/figure>\n<\/div>\n\n<div class=\"wp-block-image\">\n<figure class=\"aligncenter size-large is-resized\"><img loading=\"lazy\" decoding=\"async\" width=\"683\" height=\"1024\" src=\"https:\/\/www.blackcatstudioart.com\/wp-content\/uploads\/2024\/03\/neu3-683x1024.jpg\" alt=\"\" class=\"wp-image-858\" style=\"width:543px;height:auto\" srcset=\"https:\/\/www.blackcatstudioart.com\/wp-content\/uploads\/2024\/03\/neu3-683x1024.jpg 683w, https:\/\/www.blackcatstudioart.com\/wp-content\/uploads\/2024\/03\/neu3-200x300.jpg 200w, https:\/\/www.blackcatstudioart.com\/wp-content\/uploads\/2024\/03\/neu3-768x1152.jpg 768w, https:\/\/www.blackcatstudioart.com\/wp-content\/uploads\/2024\/03\/neu3-1024x1536.jpg 1024w, https:\/\/www.blackcatstudioart.com\/wp-content\/uploads\/2024\/03\/neu3-1365x2048.jpg 1365w, https:\/\/www.blackcatstudioart.com\/wp-content\/uploads\/2024\/03\/neu3-8x12.jpg 8w, https:\/\/www.blackcatstudioart.com\/wp-content\/uploads\/2024\/03\/neu3-scaled.jpg 1707w\" sizes=\"auto, (max-width: 683px) 100vw, 683px\" \/><\/figure>\n<\/div>\n\n\n<figure class=\"wp-block-image size-large is-resized\" style=\"margin-right:var(--wp--preset--spacing--50);margin-left:var(--wp--preset--spacing--50)\"><img loading=\"lazy\" decoding=\"async\" width=\"1024\" height=\"683\" src=\"https:\/\/www.blackcatstudioart.com\/wp-content\/uploads\/2024\/03\/neu5-1024x683.jpg\" alt=\"\" class=\"wp-image-852\" style=\"width:561px;height:auto\" srcset=\"https:\/\/www.blackcatstudioart.com\/wp-content\/uploads\/2024\/03\/neu5-1024x683.jpg 1024w, https:\/\/www.blackcatstudioart.com\/wp-content\/uploads\/2024\/03\/neu5-300x200.jpg 300w, https:\/\/www.blackcatstudioart.com\/wp-content\/uploads\/2024\/03\/neu5-768x512.jpg 768w, https:\/\/www.blackcatstudioart.com\/wp-content\/uploads\/2024\/03\/neu5-1536x1024.jpg 1536w, https:\/\/www.blackcatstudioart.com\/wp-content\/uploads\/2024\/03\/neu5-2048x1365.jpg 2048w, https:\/\/www.blackcatstudioart.com\/wp-content\/uploads\/2024\/03\/neu5-18x12.jpg 18w\" sizes=\"auto, (max-width: 1024px) 100vw, 1024px\" \/><\/figure>\n\n\n<div class=\"wp-block-image\">\n<figure class=\"aligncenter size-large is-resized\"><img loading=\"lazy\" decoding=\"async\" width=\"683\" height=\"1024\" src=\"https:\/\/www.blackcatstudioart.com\/wp-content\/uploads\/2024\/03\/neu7-683x1024.jpg\" alt=\"\" class=\"wp-image-855\" style=\"width:546px;height:auto\" srcset=\"https:\/\/www.blackcatstudioart.com\/wp-content\/uploads\/2024\/03\/neu7-683x1024.jpg 683w, https:\/\/www.blackcatstudioart.com\/wp-content\/uploads\/2024\/03\/neu7-200x300.jpg 200w, https:\/\/www.blackcatstudioart.com\/wp-content\/uploads\/2024\/03\/neu7-768x1152.jpg 768w, https:\/\/www.blackcatstudioart.com\/wp-content\/uploads\/2024\/03\/neu7-1024x1536.jpg 1024w, https:\/\/www.blackcatstudioart.com\/wp-content\/uploads\/2024\/03\/neu7-1365x2048.jpg 1365w, https:\/\/www.blackcatstudioart.com\/wp-content\/uploads\/2024\/03\/neu7-8x12.jpg 8w, https:\/\/www.blackcatstudioart.com\/wp-content\/uploads\/2024\/03\/neu7-scaled.jpg 1707w\" sizes=\"auto, (max-width: 683px) 100vw, 683px\" \/><\/figure>\n<\/div><\/div><\/div>\n\n<\/div><\/div>","protected":false},"excerpt":{"rendered":"<p>Maarif Die hier zum Verkauf angebotenen Resinmodelle sind starklimitierte Resinabg\u00fc\u00dfe von von Hand modellierter Originalfiguren. Es handelt sich dabei um Sammlerst\u00fccke f\u00fcr Erwachsene. Die Abg\u00fcsse sind KEIN Spielzeug! \u201eMaarif\u201c ist mein zweites Resinmodell in Traditionalgr\u00f6\u00dfe (1:9) und ein ganz besonderes Modell f\u00fcr mich. Vor vielen Jahren durfte ich den echten \u201eMaarif\u201c kennen- und lieben lernen&#8230;<\/p>","protected":false},"author":1,"featured_media":0,"parent":0,"menu_order":0,"comment_status":"closed","ping_status":"closed","template":"","meta":{"_kadence_starter_templates_imported_post":false,"_kad_post_transparent":"","_kad_post_title":"hide","_kad_post_layout":"fullwidth","_kad_post_sidebar_id":"","_kad_post_content_style":"unboxed","_kad_post_vertical_padding":"hide","_kad_post_feature":"hide","_kad_post_feature_position":"","_kad_post_header":false,"_kad_post_footer":false,"footnotes":""},"class_list":["post-657","page","type-page","status-publish","hentry"],"_links":{"self":[{"href":"https:\/\/www.blackcatstudioart.com\/en\/wp-json\/wp\/v2\/pages\/657","targetHints":{"allow":["GET"]}}],"collection":[{"href":"https:\/\/www.blackcatstudioart.com\/en\/wp-json\/wp\/v2\/pages"}],"about":[{"href":"https:\/\/www.blackcatstudioart.com\/en\/wp-json\/wp\/v2\/types\/page"}],"author":[{"embeddable":true,"href":"https:\/\/www.blackcatstudioart.com\/en\/wp-json\/wp\/v2\/users\/1"}],"replies":[{"embeddable":true,"href":"https:\/\/www.blackcatstudioart.com\/en\/wp-json\/wp\/v2\/comments?post=657"}],"version-history":[{"count":29,"href":"https:\/\/www.blackcatstudioart.com\/en\/wp-json\/wp\/v2\/pages\/657\/revisions"}],"predecessor-version":[{"id":1312,"href":"https:\/\/www.blackcatstudioart.com\/en\/wp-json\/wp\/v2\/pages\/657\/revisions\/1312"}],"wp:attachment":[{"href":"https:\/\/www.blackcatstudioart.com\/en\/wp-json\/wp\/v2\/media?parent=657"}],"curies":[{"name":"wp","href":"https:\/\/api.w.org\/{rel}","templated":true}]}}