{"id":639,"date":"2024-02-13T00:07:52","date_gmt":"2024-02-12T23:07:52","guid":{"rendered":"https:\/\/www.blackcatstudioart.com\/?page_id=639"},"modified":"2024-02-13T20:43:11","modified_gmt":"2024-02-13T19:43:11","slug":"1_9_resin","status":"publish","type":"page","link":"https:\/\/www.blackcatstudioart.com\/en\/1_9_resin\/","title":{"rendered":"1:9 Resin"},"content":{"rendered":"<style>.kb-row-layout-id639_f87196-63 > .kt-row-column-wrap{align-content:start;}:where(.kb-row-layout-id639_f87196-63 > .kt-row-column-wrap) > .wp-block-kadence-column{justify-content:start;}.kb-row-layout-id639_f87196-63 > .kt-row-column-wrap{column-gap:var(--global-kb-gap-md, 2rem);row-gap:var(--global-kb-gap-lg, 4rem);max-width:var( --global-content-width, 1290px );padding-left:var(--global-content-edge-padding);padding-right:var(--global-content-edge-padding);padding-top:var(--global-kb-spacing-xxl, 5rem);grid-template-columns:minmax(0, 1fr);}.kb-row-layout-id639_f87196-63{background-color:#dee2e6;}.kb-row-layout-id639_f87196-63 > .kt-row-layout-overlay{opacity:0.30;}.kb-row-layout-id639_f87196-63 .kt-row-layout-top-sep{height:100px;}.kb-row-layout-id639_f87196-63 .kt-row-layout-top-sep svg{width:100%;}.kb-row-layout-id639_f87196-63 .kt-row-layout-top-sep svg{fill:#212529!important;}@media all and (max-width: 1024px){.kb-row-layout-id639_f87196-63 > .kt-row-column-wrap{grid-template-columns:minmax(0, 1fr);}}@media all and (max-width: 767px){.kb-row-layout-id639_f87196-63 > .kt-row-column-wrap{grid-template-columns:minmax(0, 1fr);}}<\/style><div class=\"kb-row-layout-wrap kb-row-layout-id639_f87196-63 alignfull kt-row-has-bg wp-block-kadence-rowlayout\"><div class=\"kt-row-column-wrap kt-has-2-columns kt-row-layout-row kt-tab-layout-inherit kt-mobile-layout-row kt-row-valign-top kb-theme-content-width\">\n<style>.kadence-column639_b6b67d-c3 > .kt-inside-inner-col,.kadence-column639_b6b67d-c3 > .kt-inside-inner-col:before{border-top-left-radius:0px;border-top-right-radius:0px;border-bottom-right-radius:0px;border-bottom-left-radius:0px;}.kadence-column639_b6b67d-c3 > .kt-inside-inner-col{column-gap:var(--global-kb-gap-sm, 1rem);}.kadence-column639_b6b67d-c3 > .kt-inside-inner-col{flex-direction:column;}.kadence-column639_b6b67d-c3 > .kt-inside-inner-col > .aligncenter{width:100%;}.kadence-column639_b6b67d-c3 > .kt-inside-inner-col:before{opacity:0.3;}.kadence-column639_b6b67d-c3{position:relative;}@media all and (max-width: 1024px){.kadence-column639_b6b67d-c3 > .kt-inside-inner-col{flex-direction:column;justify-content:center;}}@media all and (max-width: 767px){.kadence-column639_b6b67d-c3 > .kt-inside-inner-col{flex-direction:column;justify-content:center;}}<\/style>\n<div class=\"wp-block-kadence-column kadence-column639_b6b67d-c3\"><div class=\"kt-inside-inner-col\"><style>.kb-row-layout-id639_024337-91 > .kt-row-column-wrap{align-content:start;}:where(.kb-row-layout-id639_024337-91 > .kt-row-column-wrap) > .wp-block-kadence-column{justify-content:start;}.kb-row-layout-id639_024337-91 > .kt-row-column-wrap{column-gap:var(--global-kb-gap-lg, 4rem);row-gap:var(--global-kb-gap-md, 2rem);max-width:var( --global-content-width, 1290px );padding-left:var(--global-content-edge-padding);padding-right:var(--global-content-edge-padding);padding-right:0px;padding-left:0px;min-height:572px;grid-template-columns:repeat(2, minmax(0, 1fr));}.kb-row-layout-id639_024337-91 > .kt-row-layout-overlay{opacity:0.30;}@media all and (max-width: 1024px){.kb-row-layout-id639_024337-91 > .kt-row-column-wrap{grid-template-columns:minmax(0, 1fr);}}@media all and (max-width: 767px){.kb-row-layout-id639_024337-91 > .kt-row-column-wrap{grid-template-columns:minmax(0, 1fr);}}<\/style><div class=\"kb-row-layout-wrap kb-row-layout-id639_024337-91 alignnone wp-block-kadence-rowlayout\"><div class=\"kt-row-column-wrap kt-has-2-columns kt-row-layout-equal kt-tab-layout-row kt-mobile-layout-row kt-row-valign-top kt-inner-column-height-full kb-theme-content-width\">\n<style>.kadence-column639_9f8f6a-3f > .kt-inside-inner-col,.kadence-column639_9f8f6a-3f > .kt-inside-inner-col:before{border-top-left-radius:0px;border-top-right-radius:0px;border-bottom-right-radius:0px;border-bottom-left-radius:0px;}.kadence-column639_9f8f6a-3f > .kt-inside-inner-col{column-gap:var(--global-kb-gap-sm, 1rem);}.kadence-column639_9f8f6a-3f > .kt-inside-inner-col{flex-direction:column;}.kadence-column639_9f8f6a-3f > .kt-inside-inner-col > .aligncenter{width:100%;}.kadence-column639_9f8f6a-3f > .kt-inside-inner-col:before{opacity:0.3;}.kadence-column639_9f8f6a-3f{position:relative;}@media all and (max-width: 1024px){.kadence-column639_9f8f6a-3f > .kt-inside-inner-col{flex-direction:column;justify-content:center;}}@media all and (max-width: 767px){.kadence-column639_9f8f6a-3f > .kt-inside-inner-col{flex-direction:column;justify-content:center;}}<\/style>\n<div class=\"wp-block-kadence-column kadence-column639_9f8f6a-3f\"><div class=\"kt-inside-inner-col\"><div class=\"wp-block-image\">\n<figure class=\"aligncenter size-large\"><a href=\"https:\/\/www.blackcatstudioart.com\/en\/entendido\/\"><img loading=\"lazy\" decoding=\"async\" width=\"1024\" height=\"683\" src=\"https:\/\/www.blackcatstudioart.com\/wp-content\/uploads\/2024\/02\/Entendidoausgeschnitten-1024x683.png\" alt=\"\" class=\"wp-image-646\" srcset=\"https:\/\/www.blackcatstudioart.com\/wp-content\/uploads\/2024\/02\/Entendidoausgeschnitten-1024x683.png 1024w, https:\/\/www.blackcatstudioart.com\/wp-content\/uploads\/2024\/02\/Entendidoausgeschnitten-300x200.png 300w, https:\/\/www.blackcatstudioart.com\/wp-content\/uploads\/2024\/02\/Entendidoausgeschnitten-768x512.png 768w, https:\/\/www.blackcatstudioart.com\/wp-content\/uploads\/2024\/02\/Entendidoausgeschnitten-1536x1024.png 1536w, https:\/\/www.blackcatstudioart.com\/wp-content\/uploads\/2024\/02\/Entendidoausgeschnitten-2048x1365.png 2048w\" sizes=\"auto, (max-width: 1024px) 100vw, 1024px\" \/><\/a><\/figure>\n<\/div><\/div><\/div>\n\n\n<style>.kadence-column639_7f9bd2-83 > .kt-inside-inner-col{display:flex;}.kadence-column639_7f9bd2-83 > .kt-inside-inner-col,.kadence-column639_7f9bd2-83 > .kt-inside-inner-col:before{border-top-left-radius:0px;border-top-right-radius:0px;border-bottom-right-radius:0px;border-bottom-left-radius:0px;}.kadence-column639_7f9bd2-83 > .kt-inside-inner-col{column-gap:var(--global-kb-gap-sm, 1rem);}.kadence-column639_7f9bd2-83 > .kt-inside-inner-col{flex-direction:column;justify-content:center;}.kadence-column639_7f9bd2-83 > .kt-inside-inner-col > .aligncenter{width:100%;}.kt-row-column-wrap > .kadence-column639_7f9bd2-83{align-self:center;}.kt-inner-column-height-full:not(.kt-has-1-columns) > .wp-block-kadence-column.kadence-column639_7f9bd2-83{align-self:auto;}.kt-inner-column-height-full:not(.kt-has-1-columns) > .wp-block-kadence-column.kadence-column639_7f9bd2-83 > .kt-inside-inner-col{flex-direction:column;justify-content:center;}.kadence-column639_7f9bd2-83 > .kt-inside-inner-col:before{opacity:0.3;}.kadence-column639_7f9bd2-83{position:relative;}@media all and (max-width: 1024px){.kt-row-column-wrap > .kadence-column639_7f9bd2-83{align-self:center;}}@media all and (max-width: 1024px){.kt-inner-column-height-full:not(.kt-has-1-columns) > .wp-block-kadence-column.kadence-column639_7f9bd2-83{align-self:auto;}}@media all and (max-width: 1024px){.kt-inner-column-height-full:not(.kt-has-1-columns) > .wp-block-kadence-column.kadence-column639_7f9bd2-83 > .kt-inside-inner-col{flex-direction:column;justify-content:center;}}@media all and (max-width: 1024px){.kadence-column639_7f9bd2-83{text-align:center;}}@media all and (max-width: 1024px){.kadence-column639_7f9bd2-83 > .kt-inside-inner-col{flex-direction:column;justify-content:center;}}@media all and (max-width: 767px){.kt-row-column-wrap > .kadence-column639_7f9bd2-83{align-self:center;}.kt-inner-column-height-full:not(.kt-has-1-columns) > .wp-block-kadence-column.kadence-column639_7f9bd2-83{align-self:auto;}.kt-inner-column-height-full:not(.kt-has-1-columns) > .wp-block-kadence-column.kadence-column639_7f9bd2-83 > .kt-inside-inner-col{flex-direction:column;justify-content:center;}.kadence-column639_7f9bd2-83 > .kt-inside-inner-col{flex-direction:column;justify-content:center;}}<\/style>\n<div class=\"wp-block-kadence-column kadence-column639_7f9bd2-83 kb-section-dir-vertical kb-section-md-dir-vertical\"><div class=\"kt-inside-inner-col\"><style>.wp-block-kadence-advancedheading.kt-adv-heading639_d45816-11, .wp-block-kadence-advancedheading.kt-adv-heading639_d45816-11[data-kb-block=\"kb-adv-heading639_d45816-11\"]{margin-top:0px;margin-bottom:var(--global-kb-spacing-sm, 1.5rem);font-size:var(--global-kb-font-size-xl, 3rem);line-height:1.3;font-style:normal;}.wp-block-kadence-advancedheading.kt-adv-heading639_d45816-11 mark.kt-highlight, .wp-block-kadence-advancedheading.kt-adv-heading639_d45816-11[data-kb-block=\"kb-adv-heading639_d45816-11\"] mark.kt-highlight{font-style:normal;color:#f76a0c;-webkit-box-decoration-break:clone;box-decoration-break:clone;padding-top:0px;padding-right:0px;padding-bottom:0px;padding-left:0px;}@media all and (max-width: 767px){.wp-block-kadence-advancedheading.kt-adv-heading639_d45816-11, .wp-block-kadence-advancedheading.kt-adv-heading639_d45816-11[data-kb-block=\"kb-adv-heading639_d45816-11\"]{font-size:42px;}}<\/style>\n<h2 class=\"kt-adv-heading639_d45816-11 wp-block-kadence-advancedheading has-theme-palette-3-color has-text-color\" data-kb-block=\"kb-adv-heading639_d45816-11\">Entedido<\/h2>\n\n\n\n<p>Entendido is my very first resin cast model. He is my interpretation of the tamed spanish fire that has been attributed to the Spanish horse since the Middle Ages.<\/p>\n<\/div><\/div>\n\n<\/div><\/div><\/div><\/div>\n\n\n<style>.kadence-column639_0036cf-10 > .kt-inside-inner-col,.kadence-column639_0036cf-10 > .kt-inside-inner-col:before{border-top-left-radius:0px;border-top-right-radius:0px;border-bottom-right-radius:0px;border-bottom-left-radius:0px;}.kadence-column639_0036cf-10 > .kt-inside-inner-col{column-gap:var(--global-kb-gap-sm, 1rem);}.kadence-column639_0036cf-10 > .kt-inside-inner-col{flex-direction:column;}.kadence-column639_0036cf-10 > .kt-inside-inner-col > .aligncenter{width:100%;}.kadence-column639_0036cf-10 > .kt-inside-inner-col:before{opacity:0.3;}.kadence-column639_0036cf-10{position:relative;}@media all and (max-width: 1024px){.kadence-column639_0036cf-10 > .kt-inside-inner-col{flex-direction:column;justify-content:center;}}@media all and (max-width: 767px){.kadence-column639_0036cf-10 > .kt-inside-inner-col{flex-direction:column;justify-content:center;}}<\/style>\n<div class=\"wp-block-kadence-column kadence-column639_0036cf-10\"><div class=\"kt-inside-inner-col\"><style>.kb-row-layout-id639_e5d424-52 > .kt-row-column-wrap{align-content:start;}:where(.kb-row-layout-id639_e5d424-52 > .kt-row-column-wrap) > .wp-block-kadence-column{justify-content:start;}.kb-row-layout-id639_e5d424-52 > .kt-row-column-wrap{column-gap:var(--global-kb-gap-lg, 4rem);row-gap:var(--global-kb-gap-md, 2rem);max-width:var( --global-content-width, 1290px );padding-left:var(--global-content-edge-padding);padding-right:var(--global-content-edge-padding);padding-right:0px;padding-left:0px;min-height:572px;grid-template-columns:repeat(2, minmax(0, 1fr));}.kb-row-layout-id639_e5d424-52 > .kt-row-layout-overlay{opacity:0.30;}@media all and (max-width: 1024px){.kb-row-layout-id639_e5d424-52 > .kt-row-column-wrap{grid-template-columns:minmax(0, 1fr);}}@media all and (max-width: 1024px){.kb-row-layout-id639_e5d424-52 > .kt-row-column-wrap > .wp-block-kadence-column:nth-of-type(1){order:2;}}@media all and (max-width: 1024px){.kb-row-layout-id639_e5d424-52 > .kt-row-column-wrap > .wp-block-kadence-column:nth-of-type(2){order:1;}}@media all and (max-width: 1024px){.kb-row-layout-id639_e5d424-52 > .kt-row-column-wrap > .wp-block-kadence-column:nth-of-type(3){order:12;}}@media all and (max-width: 1024px){.kb-row-layout-id639_e5d424-52 > .kt-row-column-wrap > .wp-block-kadence-column:nth-of-type(4){order:11;}}@media all and (max-width: 1024px){.kb-row-layout-id639_e5d424-52 > .kt-row-column-wrap > .wp-block-kadence-column:nth-of-type(5){order:22;}}@media all and (max-width: 1024px){.kb-row-layout-id639_e5d424-52 > .kt-row-column-wrap > .wp-block-kadence-column:nth-of-type(6){order:21;}}@media all and (max-width: 1024px){.kb-row-layout-id639_e5d424-52 > .kt-row-column-wrap > .wp-block-kadence-column:nth-of-type(7){order:32;}}@media all and (max-width: 1024px){.kb-row-layout-id639_e5d424-52 > .kt-row-column-wrap > .wp-block-kadence-column:nth-of-type(8){order:31;}}@media all and (max-width: 767px){.kb-row-layout-id639_e5d424-52 > .kt-row-column-wrap{grid-template-columns:minmax(0, 1fr);}.kb-row-layout-id639_e5d424-52 > .kt-row-column-wrap > .wp-block-kadence-column:nth-of-type(1){order:2;}.kb-row-layout-id639_e5d424-52 > .kt-row-column-wrap > .wp-block-kadence-column:nth-of-type(2){order:1;}.kb-row-layout-id639_e5d424-52 > .kt-row-column-wrap > .wp-block-kadence-column:nth-of-type(3){order:12;}.kb-row-layout-id639_e5d424-52 > .kt-row-column-wrap > .wp-block-kadence-column:nth-of-type(4){order:11;}.kb-row-layout-id639_e5d424-52 > .kt-row-column-wrap > .wp-block-kadence-column:nth-of-type(5){order:22;}.kb-row-layout-id639_e5d424-52 > .kt-row-column-wrap > .wp-block-kadence-column:nth-of-type(6){order:21;}.kb-row-layout-id639_e5d424-52 > .kt-row-column-wrap > .wp-block-kadence-column:nth-of-type(7){order:32;}.kb-row-layout-id639_e5d424-52 > .kt-row-column-wrap > .wp-block-kadence-column:nth-of-type(8){order:31;}}<\/style><div class=\"kb-row-layout-wrap kb-row-layout-id639_e5d424-52 alignnone wp-block-kadence-rowlayout\"><div class=\"kt-row-column-wrap kt-has-2-columns kt-row-layout-equal kt-tab-layout-row kt-mobile-layout-row kt-row-valign-top kt-inner-column-height-full kb-theme-content-width\">\n<style>.kadence-column639_56812d-30 > .kt-inside-inner-col{display:flex;}.kadence-column639_56812d-30 > .kt-inside-inner-col,.kadence-column639_56812d-30 > .kt-inside-inner-col:before{border-top-left-radius:0px;border-top-right-radius:0px;border-bottom-right-radius:0px;border-bottom-left-radius:0px;}.kadence-column639_56812d-30 > .kt-inside-inner-col{column-gap:var(--global-kb-gap-sm, 1rem);}.kadence-column639_56812d-30 > .kt-inside-inner-col{flex-direction:column;justify-content:center;}.kadence-column639_56812d-30 > .kt-inside-inner-col > .aligncenter{width:100%;}.kt-row-column-wrap > .kadence-column639_56812d-30{align-self:center;}.kt-inner-column-height-full:not(.kt-has-1-columns) > .wp-block-kadence-column.kadence-column639_56812d-30{align-self:auto;}.kt-inner-column-height-full:not(.kt-has-1-columns) > .wp-block-kadence-column.kadence-column639_56812d-30 > .kt-inside-inner-col{flex-direction:column;justify-content:center;}.kadence-column639_56812d-30 > .kt-inside-inner-col:before{opacity:0.3;}.kadence-column639_56812d-30{text-align:left;}.kadence-column639_56812d-30{position:relative;}@media all and (max-width: 1024px){.kt-row-column-wrap > .kadence-column639_56812d-30{align-self:center;}}@media all and (max-width: 1024px){.kt-inner-column-height-full:not(.kt-has-1-columns) > .wp-block-kadence-column.kadence-column639_56812d-30{align-self:auto;}}@media all and (max-width: 1024px){.kt-inner-column-height-full:not(.kt-has-1-columns) > .wp-block-kadence-column.kadence-column639_56812d-30 > .kt-inside-inner-col{flex-direction:column;justify-content:center;}}@media all and (max-width: 1024px){.kadence-column639_56812d-30 > .kt-inside-inner-col{flex-direction:column;justify-content:center;}}@media all and (max-width: 767px){.kt-row-column-wrap > .kadence-column639_56812d-30{align-self:center;}.kt-inner-column-height-full:not(.kt-has-1-columns) > .wp-block-kadence-column.kadence-column639_56812d-30{align-self:auto;}.kt-inner-column-height-full:not(.kt-has-1-columns) > .wp-block-kadence-column.kadence-column639_56812d-30 > .kt-inside-inner-col{flex-direction:column;justify-content:center;}.kadence-column639_56812d-30{text-align:center;}.kadence-column639_56812d-30 > .kt-inside-inner-col{flex-direction:column;justify-content:center;}}<\/style>\n<div class=\"wp-block-kadence-column kadence-column639_56812d-30 inner-column-1\"><div class=\"kt-inside-inner-col\"><style>.wp-block-kadence-advancedheading.kt-adv-heading639_2e5189-0f, .wp-block-kadence-advancedheading.kt-adv-heading639_2e5189-0f[data-kb-block=\"kb-adv-heading639_2e5189-0f\"]{margin-top:0px;margin-bottom:var(--global-kb-spacing-sm, 1.5rem);text-align:right;font-size:var(--global-kb-font-size-xl, 3rem);line-height:1.3;font-style:normal;}.wp-block-kadence-advancedheading.kt-adv-heading639_2e5189-0f mark.kt-highlight, .wp-block-kadence-advancedheading.kt-adv-heading639_2e5189-0f[data-kb-block=\"kb-adv-heading639_2e5189-0f\"] mark.kt-highlight{font-style:normal;color:#f76a0c;-webkit-box-decoration-break:clone;box-decoration-break:clone;padding-top:0px;padding-right:0px;padding-bottom:0px;padding-left:0px;}@media all and (max-width: 767px){.wp-block-kadence-advancedheading.kt-adv-heading639_2e5189-0f, .wp-block-kadence-advancedheading.kt-adv-heading639_2e5189-0f[data-kb-block=\"kb-adv-heading639_2e5189-0f\"]{font-size:42px;}}<\/style>\n<h2 class=\"kt-adv-heading639_2e5189-0f wp-block-kadence-advancedheading has-theme-palette-3-color has-text-color\" data-kb-block=\"kb-adv-heading639_2e5189-0f\">Maarif<\/h2>\n\n\n\n<p class=\"has-text-align-right has-md-font-size\">Maarif\" is my second resin model in traditional scale (1:9) and has a very special place in my heart. Many years ago I got to know and love the real \"Maarif\" and have created a portrait of him from my memories.<\/p>\n<\/div><\/div>\n\n\n<style>.kadence-column639_3f3655-b1 > .kt-inside-inner-col,.kadence-column639_3f3655-b1 > .kt-inside-inner-col:before{border-top-left-radius:0px;border-top-right-radius:0px;border-bottom-right-radius:0px;border-bottom-left-radius:0px;}.kadence-column639_3f3655-b1 > .kt-inside-inner-col{column-gap:var(--global-kb-gap-sm, 1rem);}.kadence-column639_3f3655-b1 > .kt-inside-inner-col{flex-direction:column;}.kadence-column639_3f3655-b1 > .kt-inside-inner-col > .aligncenter{width:100%;}.kadence-column639_3f3655-b1 > .kt-inside-inner-col:before{opacity:0.3;}.kadence-column639_3f3655-b1{position:relative;}@media all and (max-width: 1024px){.kadence-column639_3f3655-b1 > .kt-inside-inner-col{flex-direction:column;justify-content:center;}}@media all and (max-width: 767px){.kadence-column639_3f3655-b1 > .kt-inside-inner-col{flex-direction:column;justify-content:center;}}<\/style>\n<div class=\"wp-block-kadence-column kadence-column639_3f3655-b1\"><div class=\"kt-inside-inner-col\"><div class=\"wp-block-image\">\n<figure class=\"aligncenter size-large\"><a href=\"https:\/\/www.blackcatstudioart.com\/en\/maarif\/\"><img loading=\"lazy\" decoding=\"async\" width=\"1024\" height=\"683\" src=\"https:\/\/www.blackcatstudioart.com\/wp-content\/uploads\/2024\/02\/freigestellt-Maarif-1024x683.png\" alt=\"\" class=\"wp-image-645\" srcset=\"https:\/\/www.blackcatstudioart.com\/wp-content\/uploads\/2024\/02\/freigestellt-Maarif-1024x683.png 1024w, https:\/\/www.blackcatstudioart.com\/wp-content\/uploads\/2024\/02\/freigestellt-Maarif-300x200.png 300w, https:\/\/www.blackcatstudioart.com\/wp-content\/uploads\/2024\/02\/freigestellt-Maarif-768x512.png 768w, https:\/\/www.blackcatstudioart.com\/wp-content\/uploads\/2024\/02\/freigestellt-Maarif-1536x1024.png 1536w, https:\/\/www.blackcatstudioart.com\/wp-content\/uploads\/2024\/02\/freigestellt-Maarif-2048x1365.png 2048w\" sizes=\"auto, (max-width: 1024px) 100vw, 1024px\" \/><\/a><\/figure>\n<\/div><\/div><\/div>\n\n<\/div><\/div><\/div><\/div>\n\n<\/div><\/div>","protected":false},"excerpt":{"rendered":"<p>Entedido Entendido ist mein erstes Resinmodell und meine Interpretation des gez\u00e4hmten spanischen Feuers, dass man dem spanischen Pferd schon seit dem Mittelalter zuspricht. Maarif Maarif\u201c ist mein zweites Resinmodell in Traditionalgr\u00f6\u00dfe (1:9) und ein ganz besonderes Modell f\u00fcr mich. Vor vielen Jahren durfte ich den echten \u201eMaarif\u201c kennen- und lieben lernen und habe ihm hiermit&#8230;<\/p>","protected":false},"author":1,"featured_media":0,"parent":0,"menu_order":0,"comment_status":"closed","ping_status":"closed","template":"","meta":{"_kadence_starter_templates_imported_post":false,"_kad_post_transparent":"","_kad_post_title":"hide","_kad_post_layout":"fullwidth","_kad_post_sidebar_id":"","_kad_post_content_style":"unboxed","_kad_post_vertical_padding":"hide","_kad_post_feature":"hide","_kad_post_feature_position":"","_kad_post_header":false,"_kad_post_footer":false,"footnotes":""},"class_list":["post-639","page","type-page","status-publish","hentry"],"_links":{"self":[{"href":"https:\/\/www.blackcatstudioart.com\/en\/wp-json\/wp\/v2\/pages\/639","targetHints":{"allow":["GET"]}}],"collection":[{"href":"https:\/\/www.blackcatstudioart.com\/en\/wp-json\/wp\/v2\/pages"}],"about":[{"href":"https:\/\/www.blackcatstudioart.com\/en\/wp-json\/wp\/v2\/types\/page"}],"author":[{"embeddable":true,"href":"https:\/\/www.blackcatstudioart.com\/en\/wp-json\/wp\/v2\/users\/1"}],"replies":[{"embeddable":true,"href":"https:\/\/www.blackcatstudioart.com\/en\/wp-json\/wp\/v2\/comments?post=639"}],"version-history":[{"count":25,"href":"https:\/\/www.blackcatstudioart.com\/en\/wp-json\/wp\/v2\/pages\/639\/revisions"}],"predecessor-version":[{"id":878,"href":"https:\/\/www.blackcatstudioart.com\/en\/wp-json\/wp\/v2\/pages\/639\/revisions\/878"}],"wp:attachment":[{"href":"https:\/\/www.blackcatstudioart.com\/en\/wp-json\/wp\/v2\/media?parent=639"}],"curies":[{"name":"wp","href":"https:\/\/api.w.org\/{rel}","templated":true}]}}