{"id":6,"date":"2022-11-07T13:47:59","date_gmt":"2022-11-07T13:47:59","guid":{"rendered":"https:\/\/kadence.pixel-show.com\/influencer\/?page_id=6"},"modified":"2025-05-12T12:54:33","modified_gmt":"2025-05-12T10:54:33","slug":"home","status":"publish","type":"page","link":"https:\/\/www.blackcatstudioart.com\/en\/","title":{"rendered":"Home"},"content":{"rendered":"<style>.kb-row-layout-id6_81f610-9e > .kt-row-column-wrap{align-content:start;}:where(.kb-row-layout-id6_81f610-9e > .kt-row-column-wrap) > .wp-block-kadence-column{justify-content:start;}.kb-row-layout-id6_81f610-9e > .kt-row-column-wrap{column-gap:var(--global-kb-gap-md, 2rem);row-gap:var(--global-kb-gap-none, 0rem );max-width:var( --global-content-width, 1290px );padding-left:var(--global-content-edge-padding);padding-right:var(--global-content-edge-padding);grid-template-columns:minmax(0, 1fr);}.kb-row-layout-id6_81f610-9e{background-color:#dee2e6;}.kb-row-layout-id6_81f610-9e > .kt-row-layout-overlay{opacity:0.20;mix-blend-mode:multiply;}.kb-row-layout-id6_81f610-9e .kt-row-layout-bottom-sep{height:100px;}.kb-row-layout-id6_81f610-9e .kt-row-layout-bottom-sep svg{width:100%;}.kb-row-layout-id6_81f610-9e .kt-row-layout-bottom-sep svg{fill:#212529!important;}@media all and (max-width: 1024px){.kb-row-layout-id6_81f610-9e > .kt-row-column-wrap{grid-template-columns:minmax(0, 1fr);}}@media all and (max-width: 1024px){.kb-row-layout-id6_81f610-9e .kt-row-layout-bottom-sep{height:px;}}@media all and (max-width: 1024px){.kb-row-layout-id6_81f610-9e .kt-row-layout-bottom-sep svg{width:%;}}@media all and (max-width: 767px){.kb-row-layout-id6_81f610-9e > .kt-row-column-wrap{grid-template-columns:minmax(0, 1fr);}.kb-row-layout-id6_81f610-9e .kt-row-layout-bottom-sep{height:px;}.kb-row-layout-id6_81f610-9e .kt-row-layout-bottom-sep svg{width:%;}}<\/style><div class=\"kb-row-layout-wrap kb-row-layout-id6_81f610-9e alignfull kt-row-has-bg wp-block-kadence-rowlayout\"><div class=\"kt-row-column-wrap kt-has-1-columns kt-row-layout-equal kt-tab-layout-inherit kt-mobile-layout-row kt-row-valign-top kb-theme-content-width\">\n<style>.kadence-column6_8aeb8b-bf > .kt-inside-inner-col,.kadence-column6_8aeb8b-bf > .kt-inside-inner-col:before{border-top-left-radius:0px;border-top-right-radius:0px;border-bottom-right-radius:0px;border-bottom-left-radius:0px;}.kadence-column6_8aeb8b-bf > .kt-inside-inner-col{column-gap:var(--global-kb-gap-sm, 1rem);}.kadence-column6_8aeb8b-bf > .kt-inside-inner-col{flex-direction:column;}.kadence-column6_8aeb8b-bf > .kt-inside-inner-col > .aligncenter{width:100%;}.kadence-column6_8aeb8b-bf > .kt-inside-inner-col:before{opacity:0.3;}.kadence-column6_8aeb8b-bf{position:relative;}@media all and (max-width: 1024px){.kadence-column6_8aeb8b-bf > .kt-inside-inner-col{flex-direction:column;justify-content:center;}}@media all and (max-width: 767px){.kadence-column6_8aeb8b-bf > .kt-inside-inner-col{flex-direction:column;justify-content:center;}}<\/style>\n<div class=\"wp-block-kadence-column kadence-column6_8aeb8b-bf\"><div class=\"kt-inside-inner-col\">\n<p class=\"has-text-align-center has-medium-font-size\"><\/p>\n<\/div><\/div>\n\n<\/div><\/div>\n\n<style>.kb-row-layout-id6_b43fa6-1d > .kt-row-column-wrap{align-content:center;}:where(.kb-row-layout-id6_b43fa6-1d > .kt-row-column-wrap) > .wp-block-kadence-column{justify-content:center;}.kb-row-layout-id6_b43fa6-1d > .kt-row-column-wrap{column-gap:var(--global-kb-gap-none, 0rem );row-gap:var(--global-kb-gap-md, 2rem);max-width:var( --global-content-width, 1290px );padding-left:var(--global-content-edge-padding);padding-right:var(--global-content-edge-padding);padding-top:var(--global-kb-spacing-5xl, 10rem);padding-bottom:var(--global-kb-spacing-xxl, 5rem);grid-template-columns:repeat(2, minmax(0, 1fr));}.kb-row-layout-id6_b43fa6-1d{background-color:#dee2e6;}.kb-row-layout-id6_b43fa6-1d > .kt-row-layout-overlay{opacity:0.30;}.kb-row-layout-id6_b43fa6-1d .kt-row-layout-top-sep{height:100px;}.kb-row-layout-id6_b43fa6-1d .kt-row-layout-top-sep svg{width:100%;}.kb-row-layout-id6_b43fa6-1d .kt-row-layout-top-sep svg{fill:#212529!important;}@media all and (max-width: 1024px){.kb-row-layout-id6_b43fa6-1d > .kt-row-column-wrap{grid-template-columns:minmax(0, 1fr);}}@media all and (max-width: 767px){.kb-row-layout-id6_b43fa6-1d > .kt-row-column-wrap{padding-top:var(--global-kb-spacing-xxl, 5rem);grid-template-columns:minmax(0, 1fr);}}<\/style><div class=\"kb-row-layout-wrap kb-row-layout-id6_b43fa6-1d alignfull kt-row-has-bg wp-block-kadence-rowlayout\"><div class=\"kt-row-column-wrap kt-has-2-columns kt-row-layout-equal kt-tab-layout-row kt-mobile-layout-row kt-row-valign-middle kb-theme-content-width\">\n<style>.kadence-column6_9facb1-5b > .kt-inside-inner-col,.kadence-column6_9facb1-5b > .kt-inside-inner-col:before{border-top-left-radius:0px;border-top-right-radius:0px;border-bottom-right-radius:0px;border-bottom-left-radius:0px;}.kadence-column6_9facb1-5b > .kt-inside-inner-col{column-gap:var(--global-kb-gap-sm, 1rem);}.kadence-column6_9facb1-5b > .kt-inside-inner-col{flex-direction:column;}.kadence-column6_9facb1-5b > .kt-inside-inner-col > .aligncenter{width:100%;}.kadence-column6_9facb1-5b > .kt-inside-inner-col:before{opacity:0.3;}.kadence-column6_9facb1-5b{position:relative;}.kadence-column6_9facb1-5b, .kt-inside-inner-col > .kadence-column6_9facb1-5b:not(.specificity){margin-right:var(--global-kb-spacing-xxl, 5rem);}@media all and (max-width: 1024px){.kadence-column6_9facb1-5b > .kt-inside-inner-col{padding-right:var(--global-kb-spacing-3xl, 6.5rem);padding-left:var(--global-kb-spacing-3xl, 6.5rem);flex-direction:column;justify-content:center;}}@media all and (max-width: 1024px){.kadence-column6_9facb1-5b, .kt-inside-inner-col > .kadence-column6_9facb1-5b:not(.specificity){margin-right:0px;margin-bottom:var(--global-kb-spacing-md, 2rem);}}@media all and (max-width: 767px){.kadence-column6_9facb1-5b > .kt-inside-inner-col{padding-right:var(--global-kb-spacing-xxs, 0.5rem);padding-left:var(--global-kb-spacing-xxs, 0.5rem);flex-direction:column;justify-content:center;}}<\/style>\n<div class=\"wp-block-kadence-column kadence-column6_9facb1-5b inner-column-1\"><div class=\"kt-inside-inner-col\">\n<h2 class=\"wp-block-heading\">Welcome to \"Black Cat Studio\"<\/h2>\n\n\n\n<p>On this homepage I present handmade and very detailed models in different scales.<\/p>\n\n\n\n<p>My main work focuses on models for resign castings as well as creating medaillons from scratch designed after own ideas and \/ or photographies.<\/p>\n\n\n\n<p>Resin cast models handcrafted by me can be found and bought at \"Models\". All my other work can be found on instagram \"blackcatstudio_art_\"<\/p>\n\n\n<style>.wp-block-kadence-advancedheading.kt-adv-heading6_e27b1f-59, .wp-block-kadence-advancedheading.kt-adv-heading6_e27b1f-59[data-kb-block=\"kb-adv-heading6_e27b1f-59\"]{margin-bottom:0px;line-height:1.6;font-style:normal;}.wp-block-kadence-advancedheading.kt-adv-heading6_e27b1f-59 mark.kt-highlight, .wp-block-kadence-advancedheading.kt-adv-heading6_e27b1f-59[data-kb-block=\"kb-adv-heading6_e27b1f-59\"] mark.kt-highlight{font-style:normal;color:#f76a0c;-webkit-box-decoration-break:clone;box-decoration-break:clone;padding-top:0px;padding-right:0px;padding-bottom:0px;padding-left:0px;}<\/style>\n<p class=\"kt-adv-heading6_e27b1f-59 wp-block-kadence-advancedheading has-theme-palette-4-color has-text-color\" data-kb-block=\"kb-adv-heading6_e27b1f-59\">.<\/p>\n<\/div><\/div>\n\n\n<style>.kadence-column6_1e3206-1d > .kt-inside-inner-col,.kadence-column6_1e3206-1d > .kt-inside-inner-col:before{border-top-left-radius:0px;border-top-right-radius:0px;border-bottom-right-radius:0px;border-bottom-left-radius:0px;}.kadence-column6_1e3206-1d > .kt-inside-inner-col{column-gap:var(--global-kb-gap-sm, 1rem);}.kadence-column6_1e3206-1d > .kt-inside-inner-col{flex-direction:column;}.kadence-column6_1e3206-1d > .kt-inside-inner-col > .aligncenter{width:100%;}.kadence-column6_1e3206-1d > .kt-inside-inner-col:before{opacity:0.3;}.kadence-column6_1e3206-1d{position:relative;}.kadence-column6_1e3206-1d, .kt-inside-inner-col > .kadence-column6_1e3206-1d:not(.specificity){margin-top:0px;margin-right:0px;margin-bottom:0px;margin-left:0px;}@media all and (max-width: 1024px){.kadence-column6_1e3206-1d > .kt-inside-inner-col{padding-right:var(--global-kb-spacing-xs, 1rem);padding-left:var(--global-kb-spacing-xs, 1rem);flex-direction:column;justify-content:center;}}@media all and (max-width: 767px){.kadence-column6_1e3206-1d > .kt-inside-inner-col{padding-right:var(--global-kb-spacing-xxs, 0.5rem);padding-left:var(--global-kb-spacing-xxs, 0.5rem);flex-direction:column;justify-content:center;}}<\/style>\n<div class=\"wp-block-kadence-column kadence-column6_1e3206-1d inner-column-2\"><div class=\"kt-inside-inner-col\"><style>.kb-image6_893c00-42 .kb-image-has-overlay:after{opacity:0.3;}<\/style>\n<figure class=\"wp-block-kadence-image kb-image6_893c00-42 size-large kb-image-is-ratio-size\"><div class=\"kb-is-ratio-image kb-image-ratio-port34\"><img loading=\"lazy\" decoding=\"async\" width=\"683\" height=\"1024\" src=\"https:\/\/www.blackcatstudioart.com\/wp-content\/uploads\/2024\/02\/haba-scaled-1-683x1024.jpg\" alt=\"\" class=\"kb-img wp-image-500\" srcset=\"https:\/\/www.blackcatstudioart.com\/wp-content\/uploads\/2024\/02\/haba-scaled-1-683x1024.jpg 683w, https:\/\/www.blackcatstudioart.com\/wp-content\/uploads\/2024\/02\/haba-scaled-1-200x300.jpg 200w, https:\/\/www.blackcatstudioart.com\/wp-content\/uploads\/2024\/02\/haba-scaled-1-768x1152.jpg 768w, https:\/\/www.blackcatstudioart.com\/wp-content\/uploads\/2024\/02\/haba-scaled-1-1024x1536.jpg 1024w, https:\/\/www.blackcatstudioart.com\/wp-content\/uploads\/2024\/02\/haba-scaled-1-1366x2048.jpg 1366w, https:\/\/www.blackcatstudioart.com\/wp-content\/uploads\/2024\/02\/haba-scaled-1.jpg 1707w\" sizes=\"auto, (max-width: 683px) 100vw, 683px\" \/><\/div><\/figure>\n<\/div><\/div>\n\n<\/div><\/div>","protected":false},"excerpt":{"rendered":"<p>Willkommen bei \u201eBlack Cat Studio\u201c Auf dieser Homepage zeige ich von mir modellierte, detailgetreue Modelle in unterschiedlichen Ma\u00dfst\u00e4ben. Haupts\u00e4chlich arbeite ich an Modellen f\u00fcr Resinabg\u00fcsse sowie Medallions nach eigenen Ideen oder Fotografien. Modelle, die ich in Resin gie\u00dfen lasse und zum Verkauf anbiete, findet ihr unter \u201everf\u00fcgbare Resinmodelle\u201c. Andere Arbeiten k\u00f6nnt ihr auf meinem Instagramprofil&#8230;<\/p>","protected":false},"author":1,"featured_media":0,"parent":0,"menu_order":0,"comment_status":"closed","ping_status":"closed","template":"","meta":{"_kadence_starter_templates_imported_post":true,"_kad_post_transparent":"","_kad_post_title":"hide","_kad_post_layout":"fullwidth","_kad_post_sidebar_id":"","_kad_post_content_style":"unboxed","_kad_post_vertical_padding":"hide","_kad_post_feature":"hide","_kad_post_feature_position":"","_kad_post_header":false,"_kad_post_footer":false,"footnotes":""},"class_list":["post-6","page","type-page","status-publish","hentry"],"_links":{"self":[{"href":"https:\/\/www.blackcatstudioart.com\/en\/wp-json\/wp\/v2\/pages\/6","targetHints":{"allow":["GET"]}}],"collection":[{"href":"https:\/\/www.blackcatstudioart.com\/en\/wp-json\/wp\/v2\/pages"}],"about":[{"href":"https:\/\/www.blackcatstudioart.com\/en\/wp-json\/wp\/v2\/types\/page"}],"author":[{"embeddable":true,"href":"https:\/\/www.blackcatstudioart.com\/en\/wp-json\/wp\/v2\/users\/1"}],"replies":[{"embeddable":true,"href":"https:\/\/www.blackcatstudioart.com\/en\/wp-json\/wp\/v2\/comments?post=6"}],"version-history":[{"count":29,"href":"https:\/\/www.blackcatstudioart.com\/en\/wp-json\/wp\/v2\/pages\/6\/revisions"}],"predecessor-version":[{"id":1229,"href":"https:\/\/www.blackcatstudioart.com\/en\/wp-json\/wp\/v2\/pages\/6\/revisions\/1229"}],"wp:attachment":[{"href":"https:\/\/www.blackcatstudioart.com\/en\/wp-json\/wp\/v2\/media?parent=6"}],"curies":[{"name":"wp","href":"https:\/\/api.w.org\/{rel}","templated":true}]}}