{"id":1445,"date":"2024-02-13T00:28:23","date_gmt":"2024-02-12T23:28:23","guid":{"rendered":"https:\/\/www.blackcatstudioart.com\/?page_id=1445"},"modified":"2025-10-17T13:15:11","modified_gmt":"2025-10-17T11:15:11","slug":"cm-pistacchio-gallerie","status":"publish","type":"page","link":"https:\/\/www.blackcatstudioart.com\/en\/cm-pistacchio-gallerie\/","title":{"rendered":"Pistacchio-Gallerie"},"content":{"rendered":"<p><\/p>\n\n\n<style>.wp-block-kadence-advancedheading.kt-adv-heading1445_245e44-0f, .wp-block-kadence-advancedheading.kt-adv-heading1445_245e44-0f[data-kb-block=\"kb-adv-heading1445_245e44-0f\"]{text-align:center;font-style:normal;}.wp-block-kadence-advancedheading.kt-adv-heading1445_245e44-0f mark.kt-highlight, .wp-block-kadence-advancedheading.kt-adv-heading1445_245e44-0f[data-kb-block=\"kb-adv-heading1445_245e44-0f\"] mark.kt-highlight{font-style:normal;color:#f76a0c;-webkit-box-decoration-break:clone;box-decoration-break:clone;padding-top:0px;padding-right:0px;padding-bottom:0px;padding-left:0px;}<\/style>\n<h1 class=\"kt-adv-heading1445_245e44-0f wp-block-kadence-advancedheading\" data-kb-block=\"kb-adv-heading1445_245e44-0f\">Pistacchio-Gallerie<\/h1>\n\n\n\n<div class=\"wp-block-group\"><div class=\"wp-block-group__inner-container is-layout-constrained wp-block-group-is-layout-constrained\">\n<div class=\"wp-block-columns is-layout-flex wp-container-core-columns-is-layout-9d6595d7 wp-block-columns-is-layout-flex\">\n<div class=\"wp-block-column is-layout-flow wp-block-column-is-layout-flow\" style=\"flex-basis:100%\"><style>.kadence-column1445_9d2fe9-69 > .kt-inside-inner-col,.kadence-column1445_9d2fe9-69 > .kt-inside-inner-col:before{border-top-left-radius:0px;border-top-right-radius:0px;border-bottom-right-radius:0px;border-bottom-left-radius:0px;}.kadence-column1445_9d2fe9-69 > .kt-inside-inner-col{column-gap:var(--global-kb-gap-sm, 1rem);}.kadence-column1445_9d2fe9-69 > .kt-inside-inner-col{flex-direction:column;}.kadence-column1445_9d2fe9-69 > .kt-inside-inner-col > .aligncenter{width:100%;}.kadence-column1445_9d2fe9-69 > .kt-inside-inner-col:before{opacity:0.3;}.kadence-column1445_9d2fe9-69{position:relative;}@media all and (max-width: 1024px){.kadence-column1445_9d2fe9-69 > .kt-inside-inner-col{flex-direction:column;justify-content:center;}}@media all and (max-width: 767px){.kadence-column1445_9d2fe9-69 > .kt-inside-inner-col{flex-direction:column;justify-content:center;}}<\/style>\n<div class=\"wp-block-kadence-column kadence-column1445_9d2fe9-69\"><div class=\"kt-inside-inner-col\"><style>.wp-block-kadence-advancedheading.kt-adv-heading1445_178597-b7, .wp-block-kadence-advancedheading.kt-adv-heading1445_178597-b7[data-kb-block=\"kb-adv-heading1445_178597-b7\"]{font-style:normal;}.wp-block-kadence-advancedheading.kt-adv-heading1445_178597-b7 mark.kt-highlight, .wp-block-kadence-advancedheading.kt-adv-heading1445_178597-b7[data-kb-block=\"kb-adv-heading1445_178597-b7\"] mark.kt-highlight{font-style:normal;color:#f76a0c;-webkit-box-decoration-break:clone;box-decoration-break:clone;padding-top:0px;padding-right:0px;padding-bottom:0px;padding-left:0px;}<\/style>\n<h2 class=\"kt-adv-heading1445_178597-b7 wp-block-kadence-advancedheading\" data-kb-block=\"kb-adv-heading1445_178597-b7\"><br><\/h2>\n\n\n<style>.wp-block-kadence-advancedheading.kt-adv-heading1445_3a0a20-b6, .wp-block-kadence-advancedheading.kt-adv-heading1445_3a0a20-b6[data-kb-block=\"kb-adv-heading1445_3a0a20-b6\"]{text-align:center;font-style:normal;}.wp-block-kadence-advancedheading.kt-adv-heading1445_3a0a20-b6 mark.kt-highlight, .wp-block-kadence-advancedheading.kt-adv-heading1445_3a0a20-b6[data-kb-block=\"kb-adv-heading1445_3a0a20-b6\"] mark.kt-highlight{font-style:normal;color:#f76a0c;-webkit-box-decoration-break:clone;box-decoration-break:clone;padding-top:0px;padding-right:0px;padding-bottom:0px;padding-left:0px;}<\/style>\n<h4 class=\"kt-adv-heading1445_3a0a20-b6 wp-block-kadence-advancedheading\" data-kb-block=\"kb-adv-heading1445_3a0a20-b6\">Pistacchio, 2022<\/h4>\n\n\n\n<p class=\"has-text-align-center\">CollectA Appaloosa mit ver\u00e4ndertem Langhaar, Hinterbeine wurden enger zusammengesetzt, Aufdruck entfernt, R\u00fccken und Po teilweise aufmodelliert. Ver\u00e4ndert und mit \u00d6lfarben bemalt von mir, Teil meiner pers\u00f6nlichen Sammlung<\/p>\n\n\n\n<figure class=\"wp-block-gallery has-nested-images columns-2 is-cropped wp-block-gallery-1 is-layout-flex wp-block-gallery-is-layout-flex\">\n<figure class=\"wp-block-image size-full\"><img loading=\"lazy\" decoding=\"async\" width=\"2560\" height=\"1707\" data-id=\"965\" src=\"https:\/\/www.blackcatstudioart.com\/wp-content\/uploads\/2024\/04\/IMG_3034-1-scaled.jpg\" alt=\"\" class=\"wp-image-965\" srcset=\"https:\/\/www.blackcatstudioart.com\/wp-content\/uploads\/2024\/04\/IMG_3034-1-scaled.jpg 2560w, https:\/\/www.blackcatstudioart.com\/wp-content\/uploads\/2024\/04\/IMG_3034-1-300x200.jpg 300w, https:\/\/www.blackcatstudioart.com\/wp-content\/uploads\/2024\/04\/IMG_3034-1-1024x683.jpg 1024w, https:\/\/www.blackcatstudioart.com\/wp-content\/uploads\/2024\/04\/IMG_3034-1-768x512.jpg 768w, https:\/\/www.blackcatstudioart.com\/wp-content\/uploads\/2024\/04\/IMG_3034-1-1536x1024.jpg 1536w, https:\/\/www.blackcatstudioart.com\/wp-content\/uploads\/2024\/04\/IMG_3034-1-2048x1365.jpg 2048w, https:\/\/www.blackcatstudioart.com\/wp-content\/uploads\/2024\/04\/IMG_3034-1-18x12.jpg 18w\" sizes=\"auto, (max-width: 2560px) 100vw, 2560px\" \/><\/figure>\n<\/figure>\n\n\n\n<p><\/p>\n<\/div><\/div>\n<\/div>\n<\/div>\n<\/div><\/div>\n\n\n\n<figure class=\"wp-block-gallery has-nested-images columns-2 is-cropped wp-block-gallery-2 is-layout-flex wp-block-gallery-is-layout-flex\">\n<figure class=\"wp-block-image size-large\"><img loading=\"lazy\" decoding=\"async\" width=\"683\" height=\"1024\" data-id=\"958\" src=\"https:\/\/www.blackcatstudioart.com\/wp-content\/uploads\/2024\/04\/IMG_3041-683x1024.jpg\" alt=\"\" class=\"wp-image-958\" srcset=\"https:\/\/www.blackcatstudioart.com\/wp-content\/uploads\/2024\/04\/IMG_3041-683x1024.jpg 683w, https:\/\/www.blackcatstudioart.com\/wp-content\/uploads\/2024\/04\/IMG_3041-200x300.jpg 200w, https:\/\/www.blackcatstudioart.com\/wp-content\/uploads\/2024\/04\/IMG_3041-768x1152.jpg 768w, https:\/\/www.blackcatstudioart.com\/wp-content\/uploads\/2024\/04\/IMG_3041-1024x1536.jpg 1024w, https:\/\/www.blackcatstudioart.com\/wp-content\/uploads\/2024\/04\/IMG_3041-1365x2048.jpg 1365w, https:\/\/www.blackcatstudioart.com\/wp-content\/uploads\/2024\/04\/IMG_3041-8x12.jpg 8w, https:\/\/www.blackcatstudioart.com\/wp-content\/uploads\/2024\/04\/IMG_3041-scaled.jpg 1707w\" sizes=\"auto, (max-width: 683px) 100vw, 683px\" \/><\/figure>\n\n\n\n<figure class=\"wp-block-image size-large\"><img loading=\"lazy\" decoding=\"async\" width=\"690\" height=\"1024\" data-id=\"956\" src=\"https:\/\/www.blackcatstudioart.com\/wp-content\/uploads\/2024\/04\/IMG_3037-scaled-e1713347673844-690x1024.jpg\" alt=\"\" class=\"wp-image-956\" srcset=\"https:\/\/www.blackcatstudioart.com\/wp-content\/uploads\/2024\/04\/IMG_3037-scaled-e1713347673844-690x1024.jpg 690w, https:\/\/www.blackcatstudioart.com\/wp-content\/uploads\/2024\/04\/IMG_3037-scaled-e1713347673844-202x300.jpg 202w, https:\/\/www.blackcatstudioart.com\/wp-content\/uploads\/2024\/04\/IMG_3037-scaled-e1713347673844-768x1139.jpg 768w, https:\/\/www.blackcatstudioart.com\/wp-content\/uploads\/2024\/04\/IMG_3037-scaled-e1713347673844-1036x1536.jpg 1036w, https:\/\/www.blackcatstudioart.com\/wp-content\/uploads\/2024\/04\/IMG_3037-scaled-e1713347673844-1381x2048.jpg 1381w, https:\/\/www.blackcatstudioart.com\/wp-content\/uploads\/2024\/04\/IMG_3037-scaled-e1713347673844-8x12.jpg 8w, https:\/\/www.blackcatstudioart.com\/wp-content\/uploads\/2024\/04\/IMG_3037-scaled-e1713347673844.jpg 1527w\" sizes=\"auto, (max-width: 690px) 100vw, 690px\" \/><\/figure>\n\n\n\n<figure class=\"wp-block-image size-large\"><img loading=\"lazy\" decoding=\"async\" width=\"683\" height=\"1024\" data-id=\"955\" src=\"https:\/\/www.blackcatstudioart.com\/wp-content\/uploads\/2024\/04\/IMG_3028-683x1024.jpg\" alt=\"\" class=\"wp-image-955\" srcset=\"https:\/\/www.blackcatstudioart.com\/wp-content\/uploads\/2024\/04\/IMG_3028-683x1024.jpg 683w, https:\/\/www.blackcatstudioart.com\/wp-content\/uploads\/2024\/04\/IMG_3028-200x300.jpg 200w, https:\/\/www.blackcatstudioart.com\/wp-content\/uploads\/2024\/04\/IMG_3028-768x1152.jpg 768w, https:\/\/www.blackcatstudioart.com\/wp-content\/uploads\/2024\/04\/IMG_3028-1024x1536.jpg 1024w, https:\/\/www.blackcatstudioart.com\/wp-content\/uploads\/2024\/04\/IMG_3028-1365x2048.jpg 1365w, https:\/\/www.blackcatstudioart.com\/wp-content\/uploads\/2024\/04\/IMG_3028-8x12.jpg 8w, https:\/\/www.blackcatstudioart.com\/wp-content\/uploads\/2024\/04\/IMG_3028-scaled.jpg 1707w\" sizes=\"auto, (max-width: 683px) 100vw, 683px\" \/><\/figure>\n\n\n\n<figure class=\"wp-block-image size-large has-custom-border\"><img loading=\"lazy\" decoding=\"async\" width=\"683\" height=\"1024\" data-id=\"954\" src=\"https:\/\/www.blackcatstudioart.com\/wp-content\/uploads\/2024\/04\/IMG_3027-683x1024.jpg\" alt=\"\" class=\"wp-image-954\" style=\"border-style:none;border-width:0px\" srcset=\"https:\/\/www.blackcatstudioart.com\/wp-content\/uploads\/2024\/04\/IMG_3027-683x1024.jpg 683w, https:\/\/www.blackcatstudioart.com\/wp-content\/uploads\/2024\/04\/IMG_3027-200x300.jpg 200w, https:\/\/www.blackcatstudioart.com\/wp-content\/uploads\/2024\/04\/IMG_3027-768x1152.jpg 768w, https:\/\/www.blackcatstudioart.com\/wp-content\/uploads\/2024\/04\/IMG_3027-1024x1536.jpg 1024w, https:\/\/www.blackcatstudioart.com\/wp-content\/uploads\/2024\/04\/IMG_3027-1365x2048.jpg 1365w, https:\/\/www.blackcatstudioart.com\/wp-content\/uploads\/2024\/04\/IMG_3027-8x12.jpg 8w, https:\/\/www.blackcatstudioart.com\/wp-content\/uploads\/2024\/04\/IMG_3027-scaled.jpg 1707w\" sizes=\"auto, (max-width: 683px) 100vw, 683px\" \/><\/figure>\n<\/figure>\n\n\n\n<p><\/p>","protected":false},"excerpt":{"rendered":"<p>Pistacchio-Gallerie Pistacchio, 2022 CollectA Appaloosa mit ver\u00e4ndertem Langhaar, Hinterbeine wurden enger zusammengesetzt, Aufdruck entfernt, R\u00fccken und Po teilweise aufmodelliert. Ver\u00e4ndert und mit \u00d6lfarben bemalt von mir, Teil meiner pers\u00f6nlichen Sammlung<\/p>","protected":false},"author":2,"featured_media":0,"parent":0,"menu_order":0,"comment_status":"closed","ping_status":"closed","template":"","meta":{"_kadence_starter_templates_imported_post":false,"_kad_post_transparent":"","_kad_post_title":"hide","_kad_post_layout":"normal","_kad_post_sidebar_id":"","_kad_post_content_style":"unboxed","_kad_post_vertical_padding":"hide","_kad_post_feature":"hide","_kad_post_feature_position":"","_kad_post_header":false,"_kad_post_footer":false,"footnotes":""},"class_list":["post-1445","page","type-page","status-publish","hentry"],"_links":{"self":[{"href":"https:\/\/www.blackcatstudioart.com\/en\/wp-json\/wp\/v2\/pages\/1445","targetHints":{"allow":["GET"]}}],"collection":[{"href":"https:\/\/www.blackcatstudioart.com\/en\/wp-json\/wp\/v2\/pages"}],"about":[{"href":"https:\/\/www.blackcatstudioart.com\/en\/wp-json\/wp\/v2\/types\/page"}],"author":[{"embeddable":true,"href":"https:\/\/www.blackcatstudioart.com\/en\/wp-json\/wp\/v2\/users\/2"}],"replies":[{"embeddable":true,"href":"https:\/\/www.blackcatstudioart.com\/en\/wp-json\/wp\/v2\/comments?post=1445"}],"version-history":[{"count":1,"href":"https:\/\/www.blackcatstudioart.com\/en\/wp-json\/wp\/v2\/pages\/1445\/revisions"}],"predecessor-version":[{"id":1446,"href":"https:\/\/www.blackcatstudioart.com\/en\/wp-json\/wp\/v2\/pages\/1445\/revisions\/1446"}],"wp:attachment":[{"href":"https:\/\/www.blackcatstudioart.com\/en\/wp-json\/wp\/v2\/media?parent=1445"}],"curies":[{"name":"wp","href":"https:\/\/api.w.org\/{rel}","templated":true}]}}