{"id":1428,"date":"2024-02-13T00:28:23","date_gmt":"2024-02-12T23:28:23","guid":{"rendered":"https:\/\/www.blackcatstudioart.com\/?page_id=1428"},"modified":"2025-10-17T12:48:32","modified_gmt":"2025-10-17T10:48:32","slug":"cm-willow-gallerie","status":"publish","type":"page","link":"https:\/\/www.blackcatstudioart.com\/en\/cm-willow-gallerie\/","title":{"rendered":"CM Willow-Gallerie"},"content":{"rendered":"<p><\/p>\n\n\n<style>.wp-block-kadence-advancedheading.kt-adv-heading1428_f24c00-46, .wp-block-kadence-advancedheading.kt-adv-heading1428_f24c00-46[data-kb-block=\"kb-adv-heading1428_f24c00-46\"]{text-align:center;font-style:normal;}.wp-block-kadence-advancedheading.kt-adv-heading1428_f24c00-46 mark.kt-highlight, .wp-block-kadence-advancedheading.kt-adv-heading1428_f24c00-46[data-kb-block=\"kb-adv-heading1428_f24c00-46\"] mark.kt-highlight{font-style:normal;color:#f76a0c;-webkit-box-decoration-break:clone;box-decoration-break:clone;padding-top:0px;padding-right:0px;padding-bottom:0px;padding-left:0px;}<\/style>\n<h1 class=\"kt-adv-heading1428_f24c00-46 wp-block-kadence-advancedheading\" data-kb-block=\"kb-adv-heading1428_f24c00-46\">CM Willow-Gallerie<\/h1>\n\n\n\n<div class=\"wp-block-group\"><div class=\"wp-block-group__inner-container is-layout-constrained wp-block-group-is-layout-constrained\">\n<div class=\"wp-block-columns is-layout-flex wp-container-core-columns-is-layout-9d6595d7 wp-block-columns-is-layout-flex\">\n<div class=\"wp-block-column is-layout-flow wp-block-column-is-layout-flow\" style=\"flex-basis:100%\"><style>.kadence-column1428_5557ad-32 > .kt-inside-inner-col,.kadence-column1428_5557ad-32 > .kt-inside-inner-col:before{border-top-left-radius:0px;border-top-right-radius:0px;border-bottom-right-radius:0px;border-bottom-left-radius:0px;}.kadence-column1428_5557ad-32 > .kt-inside-inner-col{column-gap:var(--global-kb-gap-sm, 1rem);}.kadence-column1428_5557ad-32 > .kt-inside-inner-col{flex-direction:column;}.kadence-column1428_5557ad-32 > .kt-inside-inner-col > .aligncenter{width:100%;}.kadence-column1428_5557ad-32 > .kt-inside-inner-col:before{opacity:0.3;}.kadence-column1428_5557ad-32{position:relative;}@media all and (max-width: 1024px){.kadence-column1428_5557ad-32 > .kt-inside-inner-col{flex-direction:column;justify-content:center;}}@media all and (max-width: 767px){.kadence-column1428_5557ad-32 > .kt-inside-inner-col{flex-direction:column;justify-content:center;}}<\/style>\n<div class=\"wp-block-kadence-column kadence-column1428_5557ad-32\"><div class=\"kt-inside-inner-col\"><style>.wp-block-kadence-advancedheading.kt-adv-heading1428_e03b7b-cc, .wp-block-kadence-advancedheading.kt-adv-heading1428_e03b7b-cc[data-kb-block=\"kb-adv-heading1428_e03b7b-cc\"]{font-style:normal;}.wp-block-kadence-advancedheading.kt-adv-heading1428_e03b7b-cc mark.kt-highlight, .wp-block-kadence-advancedheading.kt-adv-heading1428_e03b7b-cc[data-kb-block=\"kb-adv-heading1428_e03b7b-cc\"] mark.kt-highlight{font-style:normal;color:#f76a0c;-webkit-box-decoration-break:clone;box-decoration-break:clone;padding-top:0px;padding-right:0px;padding-bottom:0px;padding-left:0px;}<\/style>\n<h2 class=\"kt-adv-heading1428_e03b7b-cc wp-block-kadence-advancedheading\" data-kb-block=\"kb-adv-heading1428_e03b7b-cc\"><br><\/h2>\n\n\n<style>.wp-block-kadence-advancedheading.kt-adv-heading1428_747fc9-27, .wp-block-kadence-advancedheading.kt-adv-heading1428_747fc9-27[data-kb-block=\"kb-adv-heading1428_747fc9-27\"]{text-align:center;font-style:normal;}.wp-block-kadence-advancedheading.kt-adv-heading1428_747fc9-27 mark.kt-highlight, .wp-block-kadence-advancedheading.kt-adv-heading1428_747fc9-27[data-kb-block=\"kb-adv-heading1428_747fc9-27\"] mark.kt-highlight{font-style:normal;color:#f76a0c;-webkit-box-decoration-break:clone;box-decoration-break:clone;padding-top:0px;padding-right:0px;padding-bottom:0px;padding-left:0px;}<\/style>\n<h4 class=\"kt-adv-heading1428_747fc9-27 wp-block-kadence-advancedheading\" data-kb-block=\"kb-adv-heading1428_747fc9-27\">Willow Resin, 2025<\/h4>\n\n\n\n<p class=\"has-text-align-center\">&#8222;Bow Tie&#8220;Willow&#8220; Resin (Classicsize, by Emma Witney [Cymba Woods Studio]) mit ver\u00e4nderter M\u00e4hne, Schopf und Schweif. Schweif h\u00f6her gebogen und komplett \u00fcbermodelliert, M\u00e4hne entfernt und neu modelliert, Schopf erg\u00e4nzt.<\/p>\n\n\n\n<figure class=\"wp-block-gallery has-nested-images columns-2 is-cropped wp-block-gallery-1 is-layout-flex wp-block-gallery-is-layout-flex\"><\/figure>\n\n\n\n<p><\/p>\n<\/div><\/div>\n<\/div>\n<\/div>\n<\/div><\/div>\n\n\n\n<p><\/p>","protected":false},"excerpt":{"rendered":"<p>CM Willow-Gallerie Willow Resin, 2025 &#8222;Bow Tie&#8220;Willow&#8220; Resin (Classicsize, by Emma Witney [Cymba Woods Studio]) mit ver\u00e4nderter M\u00e4hne, Schopf und Schweif. Schweif h\u00f6her gebogen und komplett \u00fcbermodelliert, M\u00e4hne entfernt und neu modelliert, Schopf erg\u00e4nzt.<\/p>","protected":false},"author":2,"featured_media":0,"parent":0,"menu_order":0,"comment_status":"closed","ping_status":"closed","template":"","meta":{"_kadence_starter_templates_imported_post":false,"_kad_post_transparent":"","_kad_post_title":"hide","_kad_post_layout":"normal","_kad_post_sidebar_id":"","_kad_post_content_style":"unboxed","_kad_post_vertical_padding":"hide","_kad_post_feature":"hide","_kad_post_feature_position":"","_kad_post_header":false,"_kad_post_footer":false,"footnotes":""},"class_list":["post-1428","page","type-page","status-publish","hentry"],"_links":{"self":[{"href":"https:\/\/www.blackcatstudioart.com\/en\/wp-json\/wp\/v2\/pages\/1428","targetHints":{"allow":["GET"]}}],"collection":[{"href":"https:\/\/www.blackcatstudioart.com\/en\/wp-json\/wp\/v2\/pages"}],"about":[{"href":"https:\/\/www.blackcatstudioart.com\/en\/wp-json\/wp\/v2\/types\/page"}],"author":[{"embeddable":true,"href":"https:\/\/www.blackcatstudioart.com\/en\/wp-json\/wp\/v2\/users\/2"}],"replies":[{"embeddable":true,"href":"https:\/\/www.blackcatstudioart.com\/en\/wp-json\/wp\/v2\/comments?post=1428"}],"version-history":[{"count":1,"href":"https:\/\/www.blackcatstudioart.com\/en\/wp-json\/wp\/v2\/pages\/1428\/revisions"}],"predecessor-version":[{"id":1429,"href":"https:\/\/www.blackcatstudioart.com\/en\/wp-json\/wp\/v2\/pages\/1428\/revisions\/1429"}],"wp:attachment":[{"href":"https:\/\/www.blackcatstudioart.com\/en\/wp-json\/wp\/v2\/media?parent=1428"}],"curies":[{"name":"wp","href":"https:\/\/api.w.org\/{rel}","templated":true}]}}