{"id":1318,"date":"2024-02-13T00:28:23","date_gmt":"2024-02-12T23:28:23","guid":{"rendered":"https:\/\/www.blackcatstudioart.com\/?page_id=1318"},"modified":"2025-10-17T12:41:33","modified_gmt":"2025-10-17T10:41:33","slug":"cm-bow-tie-gallerie","status":"publish","type":"page","link":"https:\/\/www.blackcatstudioart.com\/en\/cm-bow-tie-gallerie\/","title":{"rendered":"CM Bow Tie-Gallerie"},"content":{"rendered":"<p><\/p>\n\n\n<style>.wp-block-kadence-advancedheading.kt-adv-heading1318_34e2a3-fd, .wp-block-kadence-advancedheading.kt-adv-heading1318_34e2a3-fd[data-kb-block=\"kb-adv-heading1318_34e2a3-fd\"]{text-align:center;font-style:normal;}.wp-block-kadence-advancedheading.kt-adv-heading1318_34e2a3-fd mark.kt-highlight, .wp-block-kadence-advancedheading.kt-adv-heading1318_34e2a3-fd[data-kb-block=\"kb-adv-heading1318_34e2a3-fd\"] mark.kt-highlight{font-style:normal;color:#f76a0c;-webkit-box-decoration-break:clone;box-decoration-break:clone;padding-top:0px;padding-right:0px;padding-bottom:0px;padding-left:0px;}<\/style>\n<h1 class=\"kt-adv-heading1318_34e2a3-fd wp-block-kadence-advancedheading\" data-kb-block=\"kb-adv-heading1318_34e2a3-fd\">CM Bow Tie-Gallerie<\/h1>\n\n\n\n<div class=\"wp-block-group\"><div class=\"wp-block-group__inner-container is-layout-constrained wp-block-group-is-layout-constrained\">\n<div class=\"wp-block-columns is-layout-flex wp-container-core-columns-is-layout-9d6595d7 wp-block-columns-is-layout-flex\">\n<div class=\"wp-block-column is-layout-flow wp-block-column-is-layout-flow\" style=\"flex-basis:100%\"><style>.kadence-column1318_590858-d1 > .kt-inside-inner-col,.kadence-column1318_590858-d1 > .kt-inside-inner-col:before{border-top-left-radius:0px;border-top-right-radius:0px;border-bottom-right-radius:0px;border-bottom-left-radius:0px;}.kadence-column1318_590858-d1 > .kt-inside-inner-col{column-gap:var(--global-kb-gap-sm, 1rem);}.kadence-column1318_590858-d1 > .kt-inside-inner-col{flex-direction:column;}.kadence-column1318_590858-d1 > .kt-inside-inner-col > .aligncenter{width:100%;}.kadence-column1318_590858-d1 > .kt-inside-inner-col:before{opacity:0.3;}.kadence-column1318_590858-d1{position:relative;}@media all and (max-width: 1024px){.kadence-column1318_590858-d1 > .kt-inside-inner-col{flex-direction:column;justify-content:center;}}@media all and (max-width: 767px){.kadence-column1318_590858-d1 > .kt-inside-inner-col{flex-direction:column;justify-content:center;}}<\/style>\n<div class=\"wp-block-kadence-column kadence-column1318_590858-d1\"><div class=\"kt-inside-inner-col\"><style>.wp-block-kadence-advancedheading.kt-adv-heading1318_2919ea-51, .wp-block-kadence-advancedheading.kt-adv-heading1318_2919ea-51[data-kb-block=\"kb-adv-heading1318_2919ea-51\"]{font-style:normal;}.wp-block-kadence-advancedheading.kt-adv-heading1318_2919ea-51 mark.kt-highlight, .wp-block-kadence-advancedheading.kt-adv-heading1318_2919ea-51[data-kb-block=\"kb-adv-heading1318_2919ea-51\"] mark.kt-highlight{font-style:normal;color:#f76a0c;-webkit-box-decoration-break:clone;box-decoration-break:clone;padding-top:0px;padding-right:0px;padding-bottom:0px;padding-left:0px;}<\/style>\n<h2 class=\"kt-adv-heading1318_2919ea-51 wp-block-kadence-advancedheading\" data-kb-block=\"kb-adv-heading1318_2919ea-51\"><br><\/h2>\n\n\n<style>.wp-block-kadence-advancedheading.kt-adv-heading1318_c7b208-80, .wp-block-kadence-advancedheading.kt-adv-heading1318_c7b208-80[data-kb-block=\"kb-adv-heading1318_c7b208-80\"]{text-align:center;font-style:normal;}.wp-block-kadence-advancedheading.kt-adv-heading1318_c7b208-80 mark.kt-highlight, .wp-block-kadence-advancedheading.kt-adv-heading1318_c7b208-80[data-kb-block=\"kb-adv-heading1318_c7b208-80\"] mark.kt-highlight{font-style:normal;color:#f76a0c;-webkit-box-decoration-break:clone;box-decoration-break:clone;padding-top:0px;padding-right:0px;padding-bottom:0px;padding-left:0px;}<\/style>\n<h4 class=\"kt-adv-heading1318_c7b208-80 wp-block-kadence-advancedheading\" data-kb-block=\"kb-adv-heading1318_c7b208-80\">Bow Tie Resin, 2025<\/h4>\n\n\n\n<p class=\"has-text-align-center\">Bow Tie Resin (Ventisize, by Kylee Parks) mit ver\u00e4nderter M\u00e4hne, Schopf und Schweif. Schweif h\u00f6her gebogen und komplett \u00fcbermodelliert, M\u00e4hne entfernt und neu modelliert, Schopf erg\u00e4nzt. <\/p>\n\n\n\n<figure class=\"wp-block-gallery has-nested-images columns-default is-cropped wp-block-gallery-1 is-layout-flex wp-block-gallery-is-layout-flex\">\n<figure class=\"wp-block-image size-large\"><img loading=\"lazy\" decoding=\"async\" width=\"700\" height=\"466\" data-id=\"1396\" src=\"https:\/\/www.blackcatstudioart.com\/wp-content\/uploads\/2025\/10\/Bow-Tie4-1.jpg\" alt=\"\" class=\"wp-image-1396\" srcset=\"https:\/\/www.blackcatstudioart.com\/wp-content\/uploads\/2025\/10\/Bow-Tie4-1.jpg 700w, https:\/\/www.blackcatstudioart.com\/wp-content\/uploads\/2025\/10\/Bow-Tie4-1-18x12.jpg 18w, https:\/\/www.blackcatstudioart.com\/wp-content\/uploads\/2025\/10\/Bow-Tie4-1-300x200.jpg 300w\" sizes=\"auto, (max-width: 700px) 100vw, 700px\" \/><\/figure>\n\n\n\n<figure class=\"wp-block-image size-large\"><img loading=\"lazy\" decoding=\"async\" width=\"700\" height=\"466\" data-id=\"1392\" src=\"https:\/\/www.blackcatstudioart.com\/wp-content\/uploads\/2025\/10\/Bow-Tie1-1.jpg\" alt=\"\" class=\"wp-image-1392\" srcset=\"https:\/\/www.blackcatstudioart.com\/wp-content\/uploads\/2025\/10\/Bow-Tie1-1.jpg 700w, https:\/\/www.blackcatstudioart.com\/wp-content\/uploads\/2025\/10\/Bow-Tie1-1-18x12.jpg 18w, https:\/\/www.blackcatstudioart.com\/wp-content\/uploads\/2025\/10\/Bow-Tie1-1-300x200.jpg 300w\" sizes=\"auto, (max-width: 700px) 100vw, 700px\" \/><\/figure>\n\n\n\n<figure class=\"wp-block-image size-large\" style=\"margin-right:0;margin-left:0\"><img loading=\"lazy\" decoding=\"async\" width=\"700\" height=\"466\" data-id=\"1397\" src=\"https:\/\/www.blackcatstudioart.com\/wp-content\/uploads\/2025\/10\/Bow-Tie3-1.jpg\" alt=\"\" class=\"wp-image-1397\" srcset=\"https:\/\/www.blackcatstudioart.com\/wp-content\/uploads\/2025\/10\/Bow-Tie3-1.jpg 700w, https:\/\/www.blackcatstudioart.com\/wp-content\/uploads\/2025\/10\/Bow-Tie3-1-18x12.jpg 18w, https:\/\/www.blackcatstudioart.com\/wp-content\/uploads\/2025\/10\/Bow-Tie3-1-300x200.jpg 300w\" sizes=\"auto, (max-width: 700px) 100vw, 700px\" \/><\/figure>\n\n\n\n<figure class=\"wp-block-image size-large\"><img loading=\"lazy\" decoding=\"async\" width=\"500\" height=\"567\" data-id=\"1394\" src=\"https:\/\/www.blackcatstudioart.com\/wp-content\/uploads\/2025\/10\/Bow-Tie2-1.jpg\" alt=\"\" class=\"wp-image-1394\" srcset=\"https:\/\/www.blackcatstudioart.com\/wp-content\/uploads\/2025\/10\/Bow-Tie2-1.jpg 500w, https:\/\/www.blackcatstudioart.com\/wp-content\/uploads\/2025\/10\/Bow-Tie2-1-11x12.jpg 11w, https:\/\/www.blackcatstudioart.com\/wp-content\/uploads\/2025\/10\/Bow-Tie2-1-265x300.jpg 265w\" sizes=\"auto, (max-width: 500px) 100vw, 500px\" \/><\/figure>\n\n\n\n<figure class=\"wp-block-image size-large\"><img loading=\"lazy\" decoding=\"async\" width=\"700\" height=\"466\" data-id=\"1400\" src=\"https:\/\/www.blackcatstudioart.com\/wp-content\/uploads\/2025\/10\/Bow-Tie6-1.jpg\" alt=\"\" class=\"wp-image-1400\" srcset=\"https:\/\/www.blackcatstudioart.com\/wp-content\/uploads\/2025\/10\/Bow-Tie6-1.jpg 700w, https:\/\/www.blackcatstudioart.com\/wp-content\/uploads\/2025\/10\/Bow-Tie6-1-18x12.jpg 18w, https:\/\/www.blackcatstudioart.com\/wp-content\/uploads\/2025\/10\/Bow-Tie6-1-300x200.jpg 300w\" sizes=\"auto, (max-width: 700px) 100vw, 700px\" \/><\/figure>\n\n\n\n<figure class=\"wp-block-image size-large\"><img loading=\"lazy\" decoding=\"async\" width=\"500\" height=\"750\" data-id=\"1401\" src=\"https:\/\/www.blackcatstudioart.com\/wp-content\/uploads\/2025\/10\/Bow-Tie8-1.jpg\" alt=\"\" class=\"wp-image-1401\" srcset=\"https:\/\/www.blackcatstudioart.com\/wp-content\/uploads\/2025\/10\/Bow-Tie8-1.jpg 500w, https:\/\/www.blackcatstudioart.com\/wp-content\/uploads\/2025\/10\/Bow-Tie8-1-8x12.jpg 8w, https:\/\/www.blackcatstudioart.com\/wp-content\/uploads\/2025\/10\/Bow-Tie8-1-200x300.jpg 200w\" sizes=\"auto, (max-width: 500px) 100vw, 500px\" \/><\/figure>\n\n\n\n<figure class=\"wp-block-image size-large\"><img loading=\"lazy\" decoding=\"async\" width=\"683\" height=\"1024\" data-id=\"1411\" src=\"https:\/\/www.blackcatstudioart.com\/wp-content\/uploads\/2025\/10\/IMG_6054-1-683x1024.jpg\" alt=\"\" class=\"wp-image-1411\" srcset=\"https:\/\/www.blackcatstudioart.com\/wp-content\/uploads\/2025\/10\/IMG_6054-1-683x1024.jpg 683w, https:\/\/www.blackcatstudioart.com\/wp-content\/uploads\/2025\/10\/IMG_6054-1-8x12.jpg 8w, https:\/\/www.blackcatstudioart.com\/wp-content\/uploads\/2025\/10\/IMG_6054-1-200x300.jpg 200w, https:\/\/www.blackcatstudioart.com\/wp-content\/uploads\/2025\/10\/IMG_6054-1.jpg 700w\" sizes=\"auto, (max-width: 683px) 100vw, 683px\" \/><\/figure>\n\n\n\n<figure class=\"wp-block-image size-large\"><img loading=\"lazy\" decoding=\"async\" width=\"700\" height=\"466\" data-id=\"1395\" src=\"https:\/\/www.blackcatstudioart.com\/wp-content\/uploads\/2025\/10\/Bow-Tie7-1.jpg\" alt=\"\" class=\"wp-image-1395\" srcset=\"https:\/\/www.blackcatstudioart.com\/wp-content\/uploads\/2025\/10\/Bow-Tie7-1.jpg 700w, https:\/\/www.blackcatstudioart.com\/wp-content\/uploads\/2025\/10\/Bow-Tie7-1-18x12.jpg 18w, https:\/\/www.blackcatstudioart.com\/wp-content\/uploads\/2025\/10\/Bow-Tie7-1-300x200.jpg 300w\" sizes=\"auto, (max-width: 700px) 100vw, 700px\" \/><\/figure>\n\n\n\n<figure class=\"wp-block-image size-large\"><img loading=\"lazy\" decoding=\"async\" width=\"683\" height=\"1024\" data-id=\"1414\" src=\"https:\/\/www.blackcatstudioart.com\/wp-content\/uploads\/2025\/10\/IMG_6053-1-683x1024.jpg\" alt=\"\" class=\"wp-image-1414\" srcset=\"https:\/\/www.blackcatstudioart.com\/wp-content\/uploads\/2025\/10\/IMG_6053-1-683x1024.jpg 683w, https:\/\/www.blackcatstudioart.com\/wp-content\/uploads\/2025\/10\/IMG_6053-1-8x12.jpg 8w, https:\/\/www.blackcatstudioart.com\/wp-content\/uploads\/2025\/10\/IMG_6053-1-200x300.jpg 200w, https:\/\/www.blackcatstudioart.com\/wp-content\/uploads\/2025\/10\/IMG_6053-1.jpg 700w\" sizes=\"auto, (max-width: 683px) 100vw, 683px\" \/><\/figure>\n\n\n\n<figure class=\"wp-block-image size-large\"><img loading=\"lazy\" decoding=\"async\" width=\"500\" height=\"750\" data-id=\"1398\" src=\"https:\/\/www.blackcatstudioart.com\/wp-content\/uploads\/2025\/10\/Bow-Tie9-1.jpg\" alt=\"\" class=\"wp-image-1398\" srcset=\"https:\/\/www.blackcatstudioart.com\/wp-content\/uploads\/2025\/10\/Bow-Tie9-1.jpg 500w, https:\/\/www.blackcatstudioart.com\/wp-content\/uploads\/2025\/10\/Bow-Tie9-1-8x12.jpg 8w, https:\/\/www.blackcatstudioart.com\/wp-content\/uploads\/2025\/10\/Bow-Tie9-1-200x300.jpg 200w\" sizes=\"auto, (max-width: 500px) 100vw, 500px\" \/><\/figure>\n\n\n\n<figure class=\"wp-block-image size-large\"><img loading=\"lazy\" decoding=\"async\" width=\"500\" height=\"750\" data-id=\"1399\" src=\"https:\/\/www.blackcatstudioart.com\/wp-content\/uploads\/2025\/10\/Bow-Tie10-1.jpg\" alt=\"\" class=\"wp-image-1399\" srcset=\"https:\/\/www.blackcatstudioart.com\/wp-content\/uploads\/2025\/10\/Bow-Tie10-1.jpg 500w, https:\/\/www.blackcatstudioart.com\/wp-content\/uploads\/2025\/10\/Bow-Tie10-1-8x12.jpg 8w, https:\/\/www.blackcatstudioart.com\/wp-content\/uploads\/2025\/10\/Bow-Tie10-1-200x300.jpg 200w\" sizes=\"auto, (max-width: 500px) 100vw, 500px\" \/><\/figure>\n\n\n\n<figure class=\"wp-block-image size-large\"><img loading=\"lazy\" decoding=\"async\" width=\"500\" height=\"750\" data-id=\"1406\" src=\"https:\/\/www.blackcatstudioart.com\/wp-content\/uploads\/2025\/10\/Bow-Tie11-1.jpg\" alt=\"\" class=\"wp-image-1406\" srcset=\"https:\/\/www.blackcatstudioart.com\/wp-content\/uploads\/2025\/10\/Bow-Tie11-1.jpg 500w, https:\/\/www.blackcatstudioart.com\/wp-content\/uploads\/2025\/10\/Bow-Tie11-1-8x12.jpg 8w, https:\/\/www.blackcatstudioart.com\/wp-content\/uploads\/2025\/10\/Bow-Tie11-1-200x300.jpg 200w\" sizes=\"auto, (max-width: 500px) 100vw, 500px\" \/><\/figure>\n\n\n\n<figure class=\"wp-block-image size-large\"><img loading=\"lazy\" decoding=\"async\" width=\"466\" height=\"700\" data-id=\"1402\" src=\"https:\/\/www.blackcatstudioart.com\/wp-content\/uploads\/2025\/10\/Bow-Tie12-1.jpg\" alt=\"\" class=\"wp-image-1402\" srcset=\"https:\/\/www.blackcatstudioart.com\/wp-content\/uploads\/2025\/10\/Bow-Tie12-1.jpg 466w, https:\/\/www.blackcatstudioart.com\/wp-content\/uploads\/2025\/10\/Bow-Tie12-1-8x12.jpg 8w, https:\/\/www.blackcatstudioart.com\/wp-content\/uploads\/2025\/10\/Bow-Tie12-1-200x300.jpg 200w\" sizes=\"auto, (max-width: 466px) 100vw, 466px\" \/><\/figure>\n\n\n\n<figure class=\"wp-block-image size-large\"><img loading=\"lazy\" decoding=\"async\" width=\"655\" height=\"533\" data-id=\"1403\" src=\"https:\/\/www.blackcatstudioart.com\/wp-content\/uploads\/2025\/10\/BT13-1.jpg\" alt=\"\" class=\"wp-image-1403\" srcset=\"https:\/\/www.blackcatstudioart.com\/wp-content\/uploads\/2025\/10\/BT13-1.jpg 655w, https:\/\/www.blackcatstudioart.com\/wp-content\/uploads\/2025\/10\/BT13-1-15x12.jpg 15w, https:\/\/www.blackcatstudioart.com\/wp-content\/uploads\/2025\/10\/BT13-1-300x244.jpg 300w\" sizes=\"auto, (max-width: 655px) 100vw, 655px\" \/><\/figure>\n\n\n\n<figure class=\"wp-block-image size-large\"><img loading=\"lazy\" decoding=\"async\" width=\"500\" height=\"419\" data-id=\"1408\" src=\"https:\/\/www.blackcatstudioart.com\/wp-content\/uploads\/2025\/10\/BT14-1.jpg\" alt=\"\" class=\"wp-image-1408\" srcset=\"https:\/\/www.blackcatstudioart.com\/wp-content\/uploads\/2025\/10\/BT14-1.jpg 500w, https:\/\/www.blackcatstudioart.com\/wp-content\/uploads\/2025\/10\/BT14-1-14x12.jpg 14w, https:\/\/www.blackcatstudioart.com\/wp-content\/uploads\/2025\/10\/BT14-1-300x251.jpg 300w\" sizes=\"auto, (max-width: 500px) 100vw, 500px\" \/><\/figure>\n\n\n\n<figure class=\"wp-block-image size-large\"><img loading=\"lazy\" decoding=\"async\" width=\"500\" height=\"750\" data-id=\"1404\" src=\"https:\/\/www.blackcatstudioart.com\/wp-content\/uploads\/2025\/10\/BT15-1.jpg\" alt=\"\" class=\"wp-image-1404\" srcset=\"https:\/\/www.blackcatstudioart.com\/wp-content\/uploads\/2025\/10\/BT15-1.jpg 500w, https:\/\/www.blackcatstudioart.com\/wp-content\/uploads\/2025\/10\/BT15-1-8x12.jpg 8w, https:\/\/www.blackcatstudioart.com\/wp-content\/uploads\/2025\/10\/BT15-1-200x300.jpg 200w\" sizes=\"auto, (max-width: 500px) 100vw, 500px\" \/><\/figure>\n\n\n\n<figure class=\"wp-block-image size-large\"><img loading=\"lazy\" decoding=\"async\" width=\"500\" height=\"462\" data-id=\"1410\" src=\"https:\/\/www.blackcatstudioart.com\/wp-content\/uploads\/2025\/10\/BT17-1.jpg\" alt=\"\" class=\"wp-image-1410\" srcset=\"https:\/\/www.blackcatstudioart.com\/wp-content\/uploads\/2025\/10\/BT17-1.jpg 500w, https:\/\/www.blackcatstudioart.com\/wp-content\/uploads\/2025\/10\/BT17-1-13x12.jpg 13w, https:\/\/www.blackcatstudioart.com\/wp-content\/uploads\/2025\/10\/BT17-1-300x277.jpg 300w\" sizes=\"auto, (max-width: 500px) 100vw, 500px\" \/><\/figure>\n\n\n\n<figure class=\"wp-block-image size-large\"><img loading=\"lazy\" decoding=\"async\" width=\"683\" height=\"1024\" data-id=\"1405\" src=\"https:\/\/www.blackcatstudioart.com\/wp-content\/uploads\/2025\/10\/IMG_6051-1-683x1024.jpg\" alt=\"\" class=\"wp-image-1405\" srcset=\"https:\/\/www.blackcatstudioart.com\/wp-content\/uploads\/2025\/10\/IMG_6051-1-683x1024.jpg 683w, https:\/\/www.blackcatstudioart.com\/wp-content\/uploads\/2025\/10\/IMG_6051-1-8x12.jpg 8w, https:\/\/www.blackcatstudioart.com\/wp-content\/uploads\/2025\/10\/IMG_6051-1-200x300.jpg 200w, https:\/\/www.blackcatstudioart.com\/wp-content\/uploads\/2025\/10\/IMG_6051-1.jpg 700w\" sizes=\"auto, (max-width: 683px) 100vw, 683px\" \/><\/figure>\n\n\n\n<figure class=\"wp-block-image size-large\"><img loading=\"lazy\" decoding=\"async\" width=\"683\" height=\"1024\" data-id=\"1409\" src=\"https:\/\/www.blackcatstudioart.com\/wp-content\/uploads\/2025\/10\/IMG_6052-1-683x1024.jpg\" alt=\"\" class=\"wp-image-1409\" srcset=\"https:\/\/www.blackcatstudioart.com\/wp-content\/uploads\/2025\/10\/IMG_6052-1-683x1024.jpg 683w, https:\/\/www.blackcatstudioart.com\/wp-content\/uploads\/2025\/10\/IMG_6052-1-8x12.jpg 8w, https:\/\/www.blackcatstudioart.com\/wp-content\/uploads\/2025\/10\/IMG_6052-1-200x300.jpg 200w, https:\/\/www.blackcatstudioart.com\/wp-content\/uploads\/2025\/10\/IMG_6052-1.jpg 700w\" sizes=\"auto, (max-width: 683px) 100vw, 683px\" \/><\/figure>\n\n\n\n<figure class=\"wp-block-image size-large\"><img loading=\"lazy\" decoding=\"async\" width=\"500\" height=\"332\" data-id=\"1413\" src=\"https:\/\/www.blackcatstudioart.com\/wp-content\/uploads\/2025\/10\/IMG_6055-1.jpg\" alt=\"\" class=\"wp-image-1413\" srcset=\"https:\/\/www.blackcatstudioart.com\/wp-content\/uploads\/2025\/10\/IMG_6055-1.jpg 500w, https:\/\/www.blackcatstudioart.com\/wp-content\/uploads\/2025\/10\/IMG_6055-1-18x12.jpg 18w, https:\/\/www.blackcatstudioart.com\/wp-content\/uploads\/2025\/10\/IMG_6055-1-300x199.jpg 300w\" sizes=\"auto, (max-width: 500px) 100vw, 500px\" \/><\/figure>\n\n\n\n<figure class=\"wp-block-image size-large\"><img loading=\"lazy\" decoding=\"async\" width=\"500\" height=\"333\" data-id=\"1412\" src=\"https:\/\/www.blackcatstudioart.com\/wp-content\/uploads\/2025\/10\/IMG_6056-1.jpg\" alt=\"\" class=\"wp-image-1412\" srcset=\"https:\/\/www.blackcatstudioart.com\/wp-content\/uploads\/2025\/10\/IMG_6056-1.jpg 500w, https:\/\/www.blackcatstudioart.com\/wp-content\/uploads\/2025\/10\/IMG_6056-1-18x12.jpg 18w, https:\/\/www.blackcatstudioart.com\/wp-content\/uploads\/2025\/10\/IMG_6056-1-300x200.jpg 300w\" sizes=\"auto, (max-width: 500px) 100vw, 500px\" \/><\/figure>\n\n\n\n<figure class=\"wp-block-image size-large\"><img loading=\"lazy\" decoding=\"async\" width=\"500\" height=\"333\" data-id=\"1415\" src=\"https:\/\/www.blackcatstudioart.com\/wp-content\/uploads\/2025\/10\/IMG_6057-1.jpg\" alt=\"\" class=\"wp-image-1415\" srcset=\"https:\/\/www.blackcatstudioart.com\/wp-content\/uploads\/2025\/10\/IMG_6057-1.jpg 500w, https:\/\/www.blackcatstudioart.com\/wp-content\/uploads\/2025\/10\/IMG_6057-1-18x12.jpg 18w, https:\/\/www.blackcatstudioart.com\/wp-content\/uploads\/2025\/10\/IMG_6057-1-300x200.jpg 300w\" sizes=\"auto, (max-width: 500px) 100vw, 500px\" \/><\/figure>\n<\/figure>\n\n\n\n<p><\/p>\n<\/div><\/div>\n<\/div>\n<\/div>\n<\/div><\/div>\n\n\n\n<p><\/p>","protected":false},"excerpt":{"rendered":"<p>CM Bow Tie-Gallerie Bow Tie Resin, 2025 Bow Tie Resin (Ventisize, by Kylee Parks) mit ver\u00e4nderter M\u00e4hne, Schopf und Schweif. Schweif h\u00f6her gebogen und komplett \u00fcbermodelliert, M\u00e4hne entfernt und neu modelliert, Schopf erg\u00e4nzt.<\/p>","protected":false},"author":2,"featured_media":0,"parent":0,"menu_order":0,"comment_status":"closed","ping_status":"closed","template":"","meta":{"_kadence_starter_templates_imported_post":false,"_kad_post_transparent":"","_kad_post_title":"hide","_kad_post_layout":"normal","_kad_post_sidebar_id":"","_kad_post_content_style":"unboxed","_kad_post_vertical_padding":"hide","_kad_post_feature":"hide","_kad_post_feature_position":"","_kad_post_header":false,"_kad_post_footer":false,"footnotes":""},"class_list":["post-1318","page","type-page","status-publish","hentry"],"_links":{"self":[{"href":"https:\/\/www.blackcatstudioart.com\/en\/wp-json\/wp\/v2\/pages\/1318","targetHints":{"allow":["GET"]}}],"collection":[{"href":"https:\/\/www.blackcatstudioart.com\/en\/wp-json\/wp\/v2\/pages"}],"about":[{"href":"https:\/\/www.blackcatstudioart.com\/en\/wp-json\/wp\/v2\/types\/page"}],"author":[{"embeddable":true,"href":"https:\/\/www.blackcatstudioart.com\/en\/wp-json\/wp\/v2\/users\/2"}],"replies":[{"embeddable":true,"href":"https:\/\/www.blackcatstudioart.com\/en\/wp-json\/wp\/v2\/comments?post=1318"}],"version-history":[{"count":3,"href":"https:\/\/www.blackcatstudioart.com\/en\/wp-json\/wp\/v2\/pages\/1318\/revisions"}],"predecessor-version":[{"id":1427,"href":"https:\/\/www.blackcatstudioart.com\/en\/wp-json\/wp\/v2\/pages\/1318\/revisions\/1427"}],"wp:attachment":[{"href":"https:\/\/www.blackcatstudioart.com\/en\/wp-json\/wp\/v2\/media?parent=1318"}],"curies":[{"name":"wp","href":"https:\/\/api.w.org\/{rel}","templated":true}]}}