{"id":1062,"date":"2024-02-13T00:27:52","date_gmt":"2024-02-12T23:27:52","guid":{"rendered":"https:\/\/www.blackcatstudioart.com\/?page_id=1062"},"modified":"2025-07-21T11:45:44","modified_gmt":"2025-07-21T09:45:44","slug":"entendido","status":"publish","type":"page","link":"https:\/\/www.blackcatstudioart.com\/en\/entendido\/","title":{"rendered":"Entendido"},"content":{"rendered":"<style>.kb-row-layout-id1062_79fd16-a1 > .kt-row-column-wrap{align-content:center;}:where(.kb-row-layout-id1062_79fd16-a1 > .kt-row-column-wrap) > .wp-block-kadence-column{justify-content:center;}.kb-row-layout-id1062_79fd16-a1 > .kt-row-column-wrap{column-gap:var(--global-kb-gap-none, 0rem );row-gap:var(--global-kb-gap-md, 2rem);max-width:var( --global-content-width, 1290px );padding-left:var(--global-content-edge-padding);padding-right:var(--global-content-edge-padding);padding-top:var(--global-kb-spacing-3xl, 6.5rem);padding-bottom:var(--global-kb-spacing-xxl, 5rem);grid-template-columns:minmax(0, calc(50% - ((var(--global-kb-gap-none, 0rem ) * 1 )\/2)))minmax(0, calc(50% - ((var(--global-kb-gap-none, 0rem ) * 1 )\/2)));}.kb-row-layout-id1062_79fd16-a1{background-color:#dee2e6;}.kb-row-layout-id1062_79fd16-a1 > .kt-row-layout-overlay{opacity:0.30;}.kb-row-layout-id1062_79fd16-a1 .kt-row-layout-top-sep{height:100px;}.kb-row-layout-id1062_79fd16-a1 .kt-row-layout-top-sep svg{width:100%;}.kb-row-layout-id1062_79fd16-a1 .kt-row-layout-top-sep svg{fill:#212529!important;}@media all and (max-width: 1024px){.kb-row-layout-id1062_79fd16-a1 > .kt-row-column-wrap{grid-template-columns:minmax(0, 1fr);}}@media all and (max-width: 767px){.kb-row-layout-id1062_79fd16-a1 > .kt-row-column-wrap{grid-template-columns:minmax(0, 1fr);}}<\/style><div class=\"kb-row-layout-wrap kb-row-layout-id1062_79fd16-a1 alignfull kt-row-has-bg wp-block-kadence-rowlayout\"><div class=\"kt-row-column-wrap kt-has-2-columns kt-row-layout-equal kt-tab-layout-row kt-mobile-layout-row kt-row-valign-middle kb-theme-content-width\">\n<style>.kadence-column1062_e03033-9d > .kt-inside-inner-col{display:flex;}.kadence-column1062_e03033-9d > .kt-inside-inner-col,.kadence-column1062_e03033-9d > .kt-inside-inner-col:before{border-top-left-radius:0px;border-top-right-radius:0px;border-bottom-right-radius:0px;border-bottom-left-radius:0px;}.kadence-column1062_e03033-9d > .kt-inside-inner-col{column-gap:var(--global-kb-gap-sm, 1rem);}.kadence-column1062_e03033-9d > .kt-inside-inner-col{flex-direction:column;justify-content:center;}.kadence-column1062_e03033-9d > .kt-inside-inner-col > .aligncenter{width:100%;}.kt-row-column-wrap > .kadence-column1062_e03033-9d{align-self:center;}.kt-inner-column-height-full:not(.kt-has-1-columns) > .wp-block-kadence-column.kadence-column1062_e03033-9d{align-self:auto;}.kt-inner-column-height-full:not(.kt-has-1-columns) > .wp-block-kadence-column.kadence-column1062_e03033-9d > .kt-inside-inner-col{flex-direction:column;justify-content:center;}.kadence-column1062_e03033-9d > .kt-inside-inner-col:before{opacity:0.3;}.kadence-column1062_e03033-9d{position:relative;}.kadence-column1062_e03033-9d, .kt-inside-inner-col > .kadence-column1062_e03033-9d:not(.specificity){margin-right:var(--global-kb-spacing-xxl, 5rem);}@media all and (max-width: 1024px){.kadence-column1062_e03033-9d > .kt-inside-inner-col{padding-right:var(--global-kb-spacing-3xl, 6.5rem);padding-left:var(--global-kb-spacing-3xl, 6.5rem);flex-direction:column;justify-content:center;}}@media all and (max-width: 1024px){.kt-row-column-wrap > .kadence-column1062_e03033-9d{align-self:center;}}@media all and (max-width: 1024px){.kt-inner-column-height-full:not(.kt-has-1-columns) > .wp-block-kadence-column.kadence-column1062_e03033-9d{align-self:auto;}}@media all and (max-width: 1024px){.kt-inner-column-height-full:not(.kt-has-1-columns) > .wp-block-kadence-column.kadence-column1062_e03033-9d > .kt-inside-inner-col{flex-direction:column;justify-content:center;}}@media all and (max-width: 1024px){.kadence-column1062_e03033-9d, .kt-inside-inner-col > .kadence-column1062_e03033-9d:not(.specificity){margin-right:0px;margin-bottom:var(--global-kb-spacing-md, 2rem);}}@media all and (max-width: 767px){.kadence-column1062_e03033-9d > .kt-inside-inner-col{padding-right:var(--global-kb-spacing-xxs, 0.5rem);padding-left:var(--global-kb-spacing-xxs, 0.5rem);flex-direction:column;justify-content:center;}.kt-row-column-wrap > .kadence-column1062_e03033-9d{align-self:center;}.kt-inner-column-height-full:not(.kt-has-1-columns) > .wp-block-kadence-column.kadence-column1062_e03033-9d{align-self:auto;}.kt-inner-column-height-full:not(.kt-has-1-columns) > .wp-block-kadence-column.kadence-column1062_e03033-9d > .kt-inside-inner-col{flex-direction:column;justify-content:center;}}<\/style>\n<div class=\"wp-block-kadence-column kadence-column1062_e03033-9d inner-column-1\"><div class=\"kt-inside-inner-col\">\n<p class=\"has-text-align-center\">Entendido is my very first resin cast model. He is my interpretation of the tamed spanish fire that has been attributed to the Spanish horse since the Middle Ages.<\/p>\n\n\n\n<p class=\"has-text-align-center\">The PRE-stallion in the modern type in Vaquero-style with classical braided mane and tail has traditional size (1:9). Due to his unique presentation as a spanish horse in step, he can be used in many ways in performance or for photos like training with the garrocha, marching up to the bullfight or traditional parades.<\/p>\n\n\n\n<p class=\"has-text-align-center\">\u201eEntrendido\u201c ist als Hohlgu\u00df mit Drahtverst\u00e4rkung als Resinguss von Beecasted gegossen in limitierte Edition verf\u00fcgbar. <\/p>\n\n\n\n<p class=\"has-text-align-center\">All models are cleanly cast, but only pre-prepped!<\/p>\n\n\n<style>.wp-block-kadence-advancedheading.kt-adv-heading1062_d5d1ce-b8, .wp-block-kadence-advancedheading.kt-adv-heading1062_d5d1ce-b8[data-kb-block=\"kb-adv-heading1062_d5d1ce-b8\"]{text-align:center;font-size:var(--global-kb-font-size-md, 1.25rem);font-style:normal;}.wp-block-kadence-advancedheading.kt-adv-heading1062_d5d1ce-b8 mark.kt-highlight, .wp-block-kadence-advancedheading.kt-adv-heading1062_d5d1ce-b8[data-kb-block=\"kb-adv-heading1062_d5d1ce-b8\"] mark.kt-highlight{font-style:normal;color:#f76a0c;-webkit-box-decoration-break:clone;box-decoration-break:clone;padding-top:0px;padding-right:0px;padding-bottom:0px;padding-left:0px;}<\/style>\n<div class=\"kt-adv-heading1062_d5d1ce-b8 wp-block-kadence-advancedheading\" data-kb-block=\"kb-adv-heading1062_d5d1ce-b8\"><strong>Price per copy: 330\u20ac<\/strong><\/div>\n\n\n\n<p class=\"has-text-align-center\"><\/p>\n\n\n\n<p class=\"has-text-align-center has-small-font-size translation-block\">Only two models left! I have no idea when I can order more and how many copies are possible.<\/p>\n\n\n\n<p class=\"has-text-align-center\"><strong>plus packing and shipping costs (insured, from 8,99\u20ac)<\/strong><\/p>\n\n\n\n<p class=\"has-text-align-center\">Shipping costs will be adjusted accordingly to multiple models.<\/p>\n\n\n\n<p class=\"has-text-align-center\">Shipping costs will be added separately. \nShipping and sales only to Germany, Ireland, UK, Belgium, Netherlands, Denmark, Italy, Slovenia, Czech Republic, Hungary and Finland. All other EU countries cannot be supplied due to the obligations and costs of implementing the packaging laws. Third countries (e.g. USA) on request.<\/p>\n\n\n\n<p class=\"has-text-align-center\">Shipping to the USA is possible. Other third countries gladly on request.<\/p>\n\n\n\n<p class=\"has-text-align-center\">Models are payable by bank transfer and prepayment immediately after order confirmation. Payments via Paypal are currently only available for international customers.<\/p>\n\n\n\n<p class=\"has-text-align-center\">Time payments are possible by arrangement over 2, maximum 3 months.<\/p>\n\n\n\n<p class=\"has-text-align-center\"><strong>How to order:<\/strong><\/p>\n\n\n\n<p class=\"has-text-align-center\"><strong>If you are interested, simply send an e-mail to mail@blackcatstudioart.de or use the contact form at the end of the page stating how many models you would like to buy.<\/strong><\/p>\n\n\n\n<p class=\"has-text-align-center\"><strong>Or use the contact form at the end of the page.<\/strong><\/p>\n\n\n\n<p class=\"has-text-align-center\">Interested parties will then receive a reply mail. If models are available, the personal data are needed for the order confirmation. By sending a mail with your data you\u00b4ll recieve your order confirmation and request to pay your copies. This constitutes a contract of sale.<\/p>\n\n\n\n<p class=\"has-text-align-center\">Models are to be paid immediately by prepayment incl. shipping costs.<\/p>\n\n\n\n<p class=\"has-text-align-center\">Ratenzahlungen sind nach Absprache \u00fcber 2, max. 3 Monate m\u00f6glich<\/p>\n\n\n\n<p class=\"has-text-align-center\">Each package receives a shipment number I will sent by mail.<\/p>\n\n\n\n<p class=\"has-text-align-center\"><strong>You will find further information at the site \u201eABG &amp; Widerufsbelehrung\u201c\/ the terms and conditions.<\/strong><\/p>\n\n\n\n<p class=\"has-text-align-center\"><strong>By sending an email to me or using the contact form  you confirm that you have read this page as well as the terms and conditions and the cancellation policy and that you agree with them.<\/strong><\/p>\n\n\n\n<h6 class=\"wp-block-heading has-text-align-center\">Important:<\/h6>\n\n\n\n<p class=\"has-text-align-center\">Due to EU-law you have the right to return your order within 14 days if you buy a model for private use. If you want to do that, send a mail to me. More Information on the return of the model under current law are on the page \u201eTerms &amp; Cancellation Policy\u201c.<\/p>\n\n\n\n<p class=\"has-text-align-center\">I further reserve the right not to sell to certain persons and also to exclude purchasers I had a bad experience with from buying available and future models!<\/p>\n\n\n\n<p class=\"has-text-align-center\">With the purchase of the model only the right to change as well as to paint is acquired. In the case of changes, these as well as I am to be named as the original artist. The right to casts, scans of the model or other processes for reproduction or other private and commercial use are NOT sold (neither for modified nor unmodified models).<\/p>\n\n\n\n<div class=\"wp-block-columns is-layout-flex wp-container-core-columns-is-layout-9d6595d7 wp-block-columns-is-layout-flex\">\n<div class=\"wp-block-column is-layout-flow wp-block-column-is-layout-flow\" style=\"flex-basis:100%\">\n<div class=\"wp-block-columns is-layout-flex wp-container-core-columns-is-layout-9d6595d7 wp-block-columns-is-layout-flex\">\n<div class=\"wp-block-column is-layout-flow wp-block-column-is-layout-flow\"><style>.kb-form input.kadence-blocks-field.verify{opacity:0.0;position:absolute;top:0.0;left:0.0;width:0.0;height:0.0;z-index:-1;}<\/style>\n<div class=\"wp-block-kadence-form kadence-form-1062_c2ad91-4d kb-form-wrap\"><form class=\"kb-form\" action=\"\" method=\"post\" data-trp-original-action=\"\"><div class=\"kadence-blocks-form-field kb-field-desk-width-100 kb-input-size-standard\"><label for=\"kb_field_1062_c2ad91-4d_0\">Name<\/label><input name=\"kb_field_0\" id=\"kb_field_1062_c2ad91-4d_0\" data-label=\"Name\" type=\"text\" placeholder=\"\" value=\"\" data-type=\"text\" class=\"kb-field kb-text-style-field kb-text-field kb-field-0\"\/><\/div><div class=\"kadence-blocks-form-field kb-form-field-1 kb-field-desk-width-100 kb-input-size-standard\"><label for=\"kb_field_1062_c2ad91-4d_1\">Email<span class=\"required\">*<\/span><\/label><input name=\"kb_field_1\" id=\"kb_field_1062_c2ad91-4d_1\" data-label=\"Email\" type=\"email\" placeholder=\"\" value=\"\" data-type=\"email\" class=\"kb-field kb-text-style-field kb-email-field kb-field-1\" data-required=\"yes\"\/><\/div><div class=\"kadence-blocks-form-field kb-form-field-2 kb-field-desk-width-100 kb-input-size-standard\"><label for=\"kb_field_1062_c2ad91-4d_2\">Message<span class=\"required\">*<\/span><\/label><textarea name=\"kb_field_2\" id=\"kb_field_1062_c2ad91-4d_2\" data-label=\"Message\" type=\"textarea\" placeholder=\"\" data-type=\"textarea\" class=\"kb-field kb-text-style-field kb-textarea-field kb-field-2\" rows=\"4\" data-required=\"yes\"><\/textarea><\/div><input type=\"hidden\" name=\"_kb_form_id\" value=\"1062_c2ad91-4d\"\/><input type=\"hidden\" name=\"_kb_form_post_id\" value=\"1062\"\/><input type=\"hidden\" name=\"action\" value=\"kb_process_ajax_submit\"\/><label class=\"kadence-verify-label\">Email<input class=\"kadence-blocks-field verify\" type=\"text\" name=\"_kb_verify_email\" autocomplete=\"new-password\" aria-hidden=\"true\" placeholder=\"Email\" tabindex=\"-1\" data-1p-ignore=\"true\" data-lpignore=\"true\" \/><\/label><div class=\"kadence-blocks-form-field kb-submit-field kb-field-desk-width-100\"><button class=\"kb-forms-submit button kb-button-size-standard kb-button-width-auto\">Submit<\/button><\/div><input type=\"hidden\" name=\"trp-form-language\" value=\"en\"\/><\/form><\/div>\n<noscript><div class=\"kadence-blocks-form-message kadence-blocks-form-warning\">Please enable JavaScript in your browser to submit the form<\/div><style>.kadence-form-1062_c2ad91-4d .kadence-blocks-form-field.kb-submit-field { display: none; }<\/style><\/noscript><\/div>\n<\/div>\n<\/div>\n<\/div>\n\n\n<div class=\"wp-block-image\">\n<figure class=\"aligncenter size-large is-resized\"><img loading=\"lazy\" decoding=\"async\" width=\"683\" height=\"1024\" src=\"https:\/\/www.blackcatstudioart.com\/wp-content\/uploads\/2024\/03\/IMG_3246-683x1024.jpg\" alt=\"\" class=\"wp-image-846\" style=\"width:429px;height:auto\" srcset=\"https:\/\/www.blackcatstudioart.com\/wp-content\/uploads\/2024\/03\/IMG_3246-683x1024.jpg 683w, https:\/\/www.blackcatstudioart.com\/wp-content\/uploads\/2024\/03\/IMG_3246-200x300.jpg 200w, https:\/\/www.blackcatstudioart.com\/wp-content\/uploads\/2024\/03\/IMG_3246-768x1152.jpg 768w, https:\/\/www.blackcatstudioart.com\/wp-content\/uploads\/2024\/03\/IMG_3246-1024x1536.jpg 1024w, https:\/\/www.blackcatstudioart.com\/wp-content\/uploads\/2024\/03\/IMG_3246-1365x2048.jpg 1365w, https:\/\/www.blackcatstudioart.com\/wp-content\/uploads\/2024\/03\/IMG_3246-8x12.jpg 8w, https:\/\/www.blackcatstudioart.com\/wp-content\/uploads\/2024\/03\/IMG_3246-scaled.jpg 1707w\" sizes=\"auto, (max-width: 683px) 100vw, 683px\" \/><\/figure>\n<\/div><\/div><\/div>\n\n\n<style>.kadence-column1062_c2f6e3-42 > .kt-inside-inner-col{display:flex;}.kadence-column1062_c2f6e3-42 > .kt-inside-inner-col,.kadence-column1062_c2f6e3-42 > .kt-inside-inner-col:before{border-top-left-radius:0px;border-top-right-radius:0px;border-bottom-right-radius:0px;border-bottom-left-radius:0px;}.kadence-column1062_c2f6e3-42 > .kt-inside-inner-col{column-gap:var(--global-kb-gap-sm, 1rem);}.kadence-column1062_c2f6e3-42 > .kt-inside-inner-col{flex-direction:column;align-items:center;}.kadence-column1062_c2f6e3-42 > .kt-inside-inner-col > .kb-image-is-ratio-size{align-self:stretch;}.kadence-column1062_c2f6e3-42 > .kt-inside-inner-col > .wp-block-kadence-advancedgallery{align-self:stretch;}.kadence-column1062_c2f6e3-42 > .kt-inside-inner-col > .aligncenter{width:100%;}.kadence-column1062_c2f6e3-42 > .kt-inside-inner-col:before{opacity:0.3;}.kadence-column1062_c2f6e3-42{position:relative;}.kadence-column1062_c2f6e3-42, .kt-inside-inner-col > .kadence-column1062_c2f6e3-42:not(.specificity){margin-top:0px;margin-right:0px;margin-bottom:0px;margin-left:0px;}@media all and (max-width: 1024px){.kadence-column1062_c2f6e3-42 > .kt-inside-inner-col{padding-right:var(--global-kb-spacing-xs, 1rem);padding-left:var(--global-kb-spacing-xs, 1rem);flex-direction:column;justify-content:center;align-items:center;}}@media all and (max-width: 767px){.kadence-column1062_c2f6e3-42 > .kt-inside-inner-col{padding-right:var(--global-kb-spacing-xxs, 0.5rem);padding-left:var(--global-kb-spacing-xxs, 0.5rem);flex-direction:column;justify-content:center;align-items:center;}}<\/style>\n<div class=\"wp-block-kadence-column kadence-column1062_c2f6e3-42 kb-section-dir-vertical inner-column-2\"><div class=\"kt-inside-inner-col\"><div class=\"wp-block-image\">\n<figure class=\"aligncenter size-large is-resized\"><img loading=\"lazy\" decoding=\"async\" width=\"1024\" height=\"683\" src=\"https:\/\/www.blackcatstudioart.com\/wp-content\/uploads\/2024\/03\/IMG_3236-1024x683.jpg\" alt=\"\" class=\"wp-image-833\" style=\"width:511px;height:auto\" srcset=\"https:\/\/www.blackcatstudioart.com\/wp-content\/uploads\/2024\/03\/IMG_3236-1024x683.jpg 1024w, https:\/\/www.blackcatstudioart.com\/wp-content\/uploads\/2024\/03\/IMG_3236-300x200.jpg 300w, https:\/\/www.blackcatstudioart.com\/wp-content\/uploads\/2024\/03\/IMG_3236-768x512.jpg 768w, https:\/\/www.blackcatstudioart.com\/wp-content\/uploads\/2024\/03\/IMG_3236-1536x1024.jpg 1536w, https:\/\/www.blackcatstudioart.com\/wp-content\/uploads\/2024\/03\/IMG_3236-2048x1365.jpg 2048w, https:\/\/www.blackcatstudioart.com\/wp-content\/uploads\/2024\/03\/IMG_3236-18x12.jpg 18w\" sizes=\"auto, (max-width: 1024px) 100vw, 1024px\" \/><\/figure>\n<\/div>\n\n<style>.kb-image1062_71078f-4f.kb-image-is-ratio-size, .kb-image1062_71078f-4f .kb-image-is-ratio-size{max-width:512px;width:100%;}.wp-block-kadence-column > .kt-inside-inner-col > .kb-image1062_71078f-4f.kb-image-is-ratio-size, .wp-block-kadence-column > .kt-inside-inner-col > .kb-image1062_71078f-4f .kb-image-is-ratio-size{align-self:unset;}.kb-image1062_71078f-4f figure{max-width:512px;}.kb-image1062_71078f-4f .image-is-svg, .kb-image1062_71078f-4f .image-is-svg img{width:100%;}.kb-image1062_71078f-4f .kb-image-has-overlay:after{opacity:0.3;}<\/style>\n<div class=\"wp-block-kadence-image kb-image1062_71078f-4f\"><figure class=\"aligncenter size-medium_large\"><img loading=\"lazy\" decoding=\"async\" width=\"768\" height=\"512\" src=\"https:\/\/www.blackcatstudioart.com\/wp-content\/uploads\/2024\/03\/IMG_3243-768x512.jpg\" alt=\"\" class=\"kb-img wp-image-838\" srcset=\"https:\/\/www.blackcatstudioart.com\/wp-content\/uploads\/2024\/03\/IMG_3243-768x512.jpg 768w, https:\/\/www.blackcatstudioart.com\/wp-content\/uploads\/2024\/03\/IMG_3243-300x200.jpg 300w, https:\/\/www.blackcatstudioart.com\/wp-content\/uploads\/2024\/03\/IMG_3243-1024x683.jpg 1024w, https:\/\/www.blackcatstudioart.com\/wp-content\/uploads\/2024\/03\/IMG_3243-1536x1024.jpg 1536w, https:\/\/www.blackcatstudioart.com\/wp-content\/uploads\/2024\/03\/IMG_3243-2048x1365.jpg 2048w, https:\/\/www.blackcatstudioart.com\/wp-content\/uploads\/2024\/03\/IMG_3243-18x12.jpg 18w\" sizes=\"auto, (max-width: 768px) 100vw, 768px\" \/><\/figure><\/div>\n\n\n<div class=\"wp-block-image\">\n<figure class=\"aligncenter size-large is-resized\"><img loading=\"lazy\" decoding=\"async\" width=\"683\" height=\"1024\" src=\"https:\/\/www.blackcatstudioart.com\/wp-content\/uploads\/2024\/03\/IMG_3247-683x1024.jpg\" alt=\"\" class=\"wp-image-839\" style=\"width:373px;height:auto\" srcset=\"https:\/\/www.blackcatstudioart.com\/wp-content\/uploads\/2024\/03\/IMG_3247-683x1024.jpg 683w, https:\/\/www.blackcatstudioart.com\/wp-content\/uploads\/2024\/03\/IMG_3247-200x300.jpg 200w, https:\/\/www.blackcatstudioart.com\/wp-content\/uploads\/2024\/03\/IMG_3247-768x1152.jpg 768w, https:\/\/www.blackcatstudioart.com\/wp-content\/uploads\/2024\/03\/IMG_3247-1024x1536.jpg 1024w, https:\/\/www.blackcatstudioart.com\/wp-content\/uploads\/2024\/03\/IMG_3247-1365x2048.jpg 1365w, https:\/\/www.blackcatstudioart.com\/wp-content\/uploads\/2024\/03\/IMG_3247-8x12.jpg 8w, https:\/\/www.blackcatstudioart.com\/wp-content\/uploads\/2024\/03\/IMG_3247-scaled.jpg 1707w\" sizes=\"auto, (max-width: 683px) 100vw, 683px\" \/><\/figure>\n<\/div>\n\n<div class=\"wp-block-image\">\n<figure class=\"aligncenter size-large is-resized\"><img loading=\"lazy\" decoding=\"async\" width=\"1024\" height=\"683\" src=\"https:\/\/www.blackcatstudioart.com\/wp-content\/uploads\/2024\/03\/IMG_3240-1024x683.jpg\" alt=\"\" class=\"wp-image-845\" style=\"width:493px;height:auto\" srcset=\"https:\/\/www.blackcatstudioart.com\/wp-content\/uploads\/2024\/03\/IMG_3240-1024x683.jpg 1024w, https:\/\/www.blackcatstudioart.com\/wp-content\/uploads\/2024\/03\/IMG_3240-300x200.jpg 300w, https:\/\/www.blackcatstudioart.com\/wp-content\/uploads\/2024\/03\/IMG_3240-768x512.jpg 768w, https:\/\/www.blackcatstudioart.com\/wp-content\/uploads\/2024\/03\/IMG_3240-1536x1024.jpg 1536w, https:\/\/www.blackcatstudioart.com\/wp-content\/uploads\/2024\/03\/IMG_3240-2048x1365.jpg 2048w, https:\/\/www.blackcatstudioart.com\/wp-content\/uploads\/2024\/03\/IMG_3240-18x12.jpg 18w\" sizes=\"auto, (max-width: 1024px) 100vw, 1024px\" \/><\/figure>\n<\/div>\n\n<div class=\"wp-block-image\">\n<figure class=\"aligncenter size-large is-resized\"><img loading=\"lazy\" decoding=\"async\" width=\"683\" height=\"1024\" src=\"https:\/\/www.blackcatstudioart.com\/wp-content\/uploads\/2024\/03\/IMG_3270-683x1024.jpg\" alt=\"\" class=\"wp-image-840\" style=\"width:469px;height:auto\" srcset=\"https:\/\/www.blackcatstudioart.com\/wp-content\/uploads\/2024\/03\/IMG_3270-683x1024.jpg 683w, https:\/\/www.blackcatstudioart.com\/wp-content\/uploads\/2024\/03\/IMG_3270-200x300.jpg 200w, https:\/\/www.blackcatstudioart.com\/wp-content\/uploads\/2024\/03\/IMG_3270-768x1152.jpg 768w, https:\/\/www.blackcatstudioart.com\/wp-content\/uploads\/2024\/03\/IMG_3270-1024x1536.jpg 1024w, https:\/\/www.blackcatstudioart.com\/wp-content\/uploads\/2024\/03\/IMG_3270-1365x2048.jpg 1365w, https:\/\/www.blackcatstudioart.com\/wp-content\/uploads\/2024\/03\/IMG_3270-8x12.jpg 8w, https:\/\/www.blackcatstudioart.com\/wp-content\/uploads\/2024\/03\/IMG_3270-scaled.jpg 1707w\" sizes=\"auto, (max-width: 683px) 100vw, 683px\" \/><\/figure>\n<\/div>\n\n<div class=\"wp-block-image\">\n<figure class=\"aligncenter size-large is-resized\"><img loading=\"lazy\" decoding=\"async\" width=\"683\" height=\"1024\" src=\"https:\/\/www.blackcatstudioart.com\/wp-content\/uploads\/2024\/03\/IMG_3263-683x1024.jpg\" alt=\"\" class=\"wp-image-843\" style=\"width:412px;height:auto\" srcset=\"https:\/\/www.blackcatstudioart.com\/wp-content\/uploads\/2024\/03\/IMG_3263-683x1024.jpg 683w, https:\/\/www.blackcatstudioart.com\/wp-content\/uploads\/2024\/03\/IMG_3263-200x300.jpg 200w, https:\/\/www.blackcatstudioart.com\/wp-content\/uploads\/2024\/03\/IMG_3263-768x1152.jpg 768w, https:\/\/www.blackcatstudioart.com\/wp-content\/uploads\/2024\/03\/IMG_3263-1024x1536.jpg 1024w, https:\/\/www.blackcatstudioart.com\/wp-content\/uploads\/2024\/03\/IMG_3263-1365x2048.jpg 1365w, https:\/\/www.blackcatstudioart.com\/wp-content\/uploads\/2024\/03\/IMG_3263-8x12.jpg 8w, https:\/\/www.blackcatstudioart.com\/wp-content\/uploads\/2024\/03\/IMG_3263-scaled.jpg 1707w\" sizes=\"auto, (max-width: 683px) 100vw, 683px\" \/><\/figure>\n<\/div>\n\n<div class=\"wp-block-image\">\n<figure class=\"aligncenter size-large is-resized\"><img loading=\"lazy\" decoding=\"async\" width=\"1024\" height=\"683\" src=\"https:\/\/www.blackcatstudioart.com\/wp-content\/uploads\/2024\/03\/IMG_3261-1024x683.jpg\" alt=\"\" class=\"wp-image-844\" style=\"width:502px;height:auto\" srcset=\"https:\/\/www.blackcatstudioart.com\/wp-content\/uploads\/2024\/03\/IMG_3261-1024x683.jpg 1024w, https:\/\/www.blackcatstudioart.com\/wp-content\/uploads\/2024\/03\/IMG_3261-300x200.jpg 300w, https:\/\/www.blackcatstudioart.com\/wp-content\/uploads\/2024\/03\/IMG_3261-768x512.jpg 768w, https:\/\/www.blackcatstudioart.com\/wp-content\/uploads\/2024\/03\/IMG_3261-1536x1024.jpg 1536w, https:\/\/www.blackcatstudioart.com\/wp-content\/uploads\/2024\/03\/IMG_3261-2048x1365.jpg 2048w, https:\/\/www.blackcatstudioart.com\/wp-content\/uploads\/2024\/03\/IMG_3261-18x12.jpg 18w\" sizes=\"auto, (max-width: 1024px) 100vw, 1024px\" \/><\/figure>\n<\/div>\n\n\n<figure class=\"wp-block-image size-large\"><img loading=\"lazy\" decoding=\"async\" width=\"1024\" height=\"683\" src=\"https:\/\/www.blackcatstudioart.com\/wp-content\/uploads\/2024\/03\/IMG_3279-1024x683.jpg\" alt=\"\" class=\"wp-image-842\" srcset=\"https:\/\/www.blackcatstudioart.com\/wp-content\/uploads\/2024\/03\/IMG_3279-1024x683.jpg 1024w, https:\/\/www.blackcatstudioart.com\/wp-content\/uploads\/2024\/03\/IMG_3279-300x200.jpg 300w, https:\/\/www.blackcatstudioart.com\/wp-content\/uploads\/2024\/03\/IMG_3279-768x512.jpg 768w, https:\/\/www.blackcatstudioart.com\/wp-content\/uploads\/2024\/03\/IMG_3279-1536x1024.jpg 1536w, https:\/\/www.blackcatstudioart.com\/wp-content\/uploads\/2024\/03\/IMG_3279-2048x1365.jpg 2048w, https:\/\/www.blackcatstudioart.com\/wp-content\/uploads\/2024\/03\/IMG_3279-18x12.jpg 18w\" sizes=\"auto, (max-width: 1024px) 100vw, 1024px\" \/><\/figure>\n<\/div><\/div>\n\n<\/div><\/div>","protected":false},"excerpt":{"rendered":"<p>Entendido ist mein erstes Resinmodell und meine Interpretation des gez\u00e4hmten spanischen Feuers, dass man dem spanischen Pferd schon seit dem&nbsp; Mittelalter zuspricht. Der PREhengst im modernen Typ in Vaqueroaufmachung mit klassisch eingeflochtener M\u00e4hne und Schweif hat Traditionalgr\u00f6\u00dfe (1:9). Durch die einzigartige Darstellung als Spanier im Schritt l\u00e4sst er sich vielseitig in der Performance oder f\u00fcr&#8230;<\/p>","protected":false},"author":2,"featured_media":0,"parent":0,"menu_order":0,"comment_status":"closed","ping_status":"closed","template":"","meta":{"_kadence_starter_templates_imported_post":false,"_kad_post_transparent":"","_kad_post_title":"hide","_kad_post_layout":"fullwidth","_kad_post_sidebar_id":"","_kad_post_content_style":"unboxed","_kad_post_vertical_padding":"hide","_kad_post_feature":"hide","_kad_post_feature_position":"","_kad_post_header":false,"_kad_post_footer":false,"footnotes":""},"class_list":["post-1062","page","type-page","status-publish","hentry"],"_links":{"self":[{"href":"https:\/\/www.blackcatstudioart.com\/en\/wp-json\/wp\/v2\/pages\/1062","targetHints":{"allow":["GET"]}}],"collection":[{"href":"https:\/\/www.blackcatstudioart.com\/en\/wp-json\/wp\/v2\/pages"}],"about":[{"href":"https:\/\/www.blackcatstudioart.com\/en\/wp-json\/wp\/v2\/types\/page"}],"author":[{"embeddable":true,"href":"https:\/\/www.blackcatstudioart.com\/en\/wp-json\/wp\/v2\/users\/2"}],"replies":[{"embeddable":true,"href":"https:\/\/www.blackcatstudioart.com\/en\/wp-json\/wp\/v2\/comments?post=1062"}],"version-history":[{"count":8,"href":"https:\/\/www.blackcatstudioart.com\/en\/wp-json\/wp\/v2\/pages\/1062\/revisions"}],"predecessor-version":[{"id":1310,"href":"https:\/\/www.blackcatstudioart.com\/en\/wp-json\/wp\/v2\/pages\/1062\/revisions\/1310"}],"wp:attachment":[{"href":"https:\/\/www.blackcatstudioart.com\/en\/wp-json\/wp\/v2\/media?parent=1062"}],"curies":[{"name":"wp","href":"https:\/\/api.w.org\/{rel}","templated":true}]}}