{"id":1022,"date":"2024-02-13T00:28:23","date_gmt":"2024-02-12T23:28:23","guid":{"rendered":"https:\/\/www.blackcatstudioart.com\/?page_id=1022"},"modified":"2025-07-09T18:29:09","modified_gmt":"2025-07-09T16:29:09","slug":"zeitgeist","status":"publish","type":"page","link":"https:\/\/www.blackcatstudioart.com\/en\/zeitgeist\/","title":{"rendered":"Zeitgeist"},"content":{"rendered":"<div style=\"height:24px\" aria-hidden=\"true\" class=\"wp-block-spacer\"><\/div>\n\n\n\n<h1 class=\"wp-block-heading has-text-align-center\"><strong>Zeitgeist<\/strong><\/h1>\n\n\n\n<p><\/p>\n\n\n<style>.kb-row-layout-id1022_13d3ca-8d > .kt-row-column-wrap{align-content:start;}:where(.kb-row-layout-id1022_13d3ca-8d > .kt-row-column-wrap) > .wp-block-kadence-column{justify-content:start;}.kb-row-layout-id1022_13d3ca-8d > .kt-row-column-wrap{column-gap:var(--global-kb-gap-md, 2rem);row-gap:var(--global-kb-gap-md, 2rem);max-width:1200px;margin-left:auto;margin-right:auto;padding-top:var(--global-kb-spacing-md, 2rem);padding-bottom:var(--global-kb-spacing-sm, 1.5rem);grid-template-columns:repeat(2, minmax(0, 1fr));}.kb-row-layout-id1022_13d3ca-8d > .kt-row-layout-overlay{opacity:0.30;}@media all and (max-width: 1024px){.kb-row-layout-id1022_13d3ca-8d > .kt-row-column-wrap{grid-template-columns:repeat(2, minmax(0, 1fr));}}@media all and (max-width: 767px){.kb-row-layout-id1022_13d3ca-8d > .kt-row-column-wrap{grid-template-columns:minmax(0, 1fr);}}<\/style><div class=\"kb-row-layout-wrap kb-row-layout-id1022_13d3ca-8d alignnone wp-block-kadence-rowlayout\"><div class=\"kt-row-column-wrap kt-has-2-columns kt-row-layout-equal kt-tab-layout-inherit kt-mobile-layout-row kt-row-valign-top\">\n<style>.kadence-column1022_da6c3c-75 > .kt-inside-inner-col{display:flex;}.kadence-column1022_da6c3c-75 > .kt-inside-inner-col,.kadence-column1022_da6c3c-75 > .kt-inside-inner-col:before{border-top-left-radius:0px;border-top-right-radius:0px;border-bottom-right-radius:0px;border-bottom-left-radius:0px;}.kadence-column1022_da6c3c-75 > .kt-inside-inner-col{column-gap:var(--global-kb-gap-sm, 1rem);}.kadence-column1022_da6c3c-75 > .kt-inside-inner-col{flex-direction:column;align-items:center;}.kadence-column1022_da6c3c-75 > .kt-inside-inner-col > .kb-image-is-ratio-size{align-self:stretch;}.kadence-column1022_da6c3c-75 > .kt-inside-inner-col > .wp-block-kadence-advancedgallery{align-self:stretch;}.kadence-column1022_da6c3c-75 > .kt-inside-inner-col > .aligncenter{width:100%;}.kadence-column1022_da6c3c-75 > .kt-inside-inner-col:before{opacity:0.3;}.kadence-column1022_da6c3c-75{position:relative;}@media all and (max-width: 1024px){.kadence-column1022_da6c3c-75 > .kt-inside-inner-col{flex-direction:column;justify-content:center;align-items:center;}}@media all and (max-width: 767px){.kadence-column1022_da6c3c-75 > .kt-inside-inner-col{flex-direction:column;justify-content:center;align-items:center;}}<\/style>\n<div class=\"wp-block-kadence-column kadence-column1022_da6c3c-75 kb-section-dir-vertical\"><div class=\"kt-inside-inner-col\">\n<p class=\"has-text-align-center\" id=\"block-42fb4595-1bb9-4676-a358-87cb8efa46d5\" style=\"margin-right:var(--wp--preset--spacing--50);margin-left:var(--wp--preset--spacing--50)\"><strong>Horses for sale are limited resin models from hand-sculpted Originals and are only made for adult Collectors. These horses aren\u00b4t Toys!<\/strong><\/p>\n\n\n\n<p class=\"has-text-align-center\" id=\"block-828ab2ff-263a-4bd4-8842-72a8688f4ff6\">The Horses you see here are the first completed Resin-copy.<\/p>\n\n\n\n<h2 class=\"wp-block-heading has-text-align-center\">Zeitgeist<\/h2>\n\n\n\n<p class=\"has-text-align-center\" style=\"margin-right:var(--wp--preset--spacing--40);margin-left:var(--wp--preset--spacing--40)\">Zeitgeist is a German warmblood mare and my third resin - but the first in small size. The resin is a completely new, hand-sculpted version of the same model (taken by me). However, as the first version had too many mistakes and I didn't want to change it anyway, I decided to make a completely new model. And you can see it here.<\/p>\n\n\n\n<p class=\"has-text-align-center\" style=\"margin-right:var(--wp--preset--spacing--40);margin-left:var(--wp--preset--spacing--40)\">The model shows a young warmblood mare of no specific breed, stretching her neck curiously. The mane is kept in a sport cut, typical of the breed, and the mop of hair and tail are long and open.<\/p>\n\n\n<div class=\"wp-block-image\">\n<figure class=\"aligncenter size-full is-resized\"><img loading=\"lazy\" decoding=\"async\" width=\"894\" height=\"666\" src=\"https:\/\/www.blackcatstudioart.com\/wp-content\/uploads\/2024\/08\/IMG_5313.jpg\" alt=\"\" class=\"wp-image-1093\" style=\"width:553px;height:auto\" srcset=\"https:\/\/www.blackcatstudioart.com\/wp-content\/uploads\/2024\/08\/IMG_5313.jpg 894w, https:\/\/www.blackcatstudioart.com\/wp-content\/uploads\/2024\/08\/IMG_5313-300x223.jpg 300w, https:\/\/www.blackcatstudioart.com\/wp-content\/uploads\/2024\/08\/IMG_5313-768x572.jpg 768w, https:\/\/www.blackcatstudioart.com\/wp-content\/uploads\/2024\/08\/IMG_5313-16x12.jpg 16w\" sizes=\"auto, (max-width: 894px) 100vw, 894px\" \/><\/figure>\n<\/div>\n\n\n<p class=\"has-text-align-center\">Your copy will be casted after your order and are only pre-prepped! Horses can have visible and invisible airbubbles. Every horse will be casted as solid cast.<\/p>\n\n\n\n<p class=\"has-text-align-center\" style=\"margin-right:var(--wp--preset--spacing--40);margin-left:var(--wp--preset--spacing--40)\"><strong>Price per copy: 135\u20ac<\/strong><\/p>\n\n\n\n<p class=\"has-text-align-center\" style=\"margin-right:var(--wp--preset--spacing--40);margin-left:var(--wp--preset--spacing--40)\"><strong>plus packing and shipping costs (insured, from 6,49\u20ac)<\/strong><\/p>\n\n\n\n<p class=\"has-text-align-center\" style=\"margin-right:var(--wp--preset--spacing--40);margin-left:var(--wp--preset--spacing--40)\">Shipping costs will be adjusted accordingly to multiple models.<\/p>\n\n\n\n<p class=\"has-text-align-center\">Shipping costs will be added separately. \nShipping and sales only to Germany, Ireland, UK, Belgium, Netherlands, Denmark, Italy, Slovenia, Czech Republic, Hungary and Finland. All other EU countries cannot be supplied due to the obligations and costs of implementing the packaging laws. Third countries (e.g. USA) on request.<\/p>\n\n\n\n<p class=\"has-text-align-center\">Shipping to the USA is possible. Other third countries gladly on request.<\/p>\n\n\n\n<p class=\"has-text-align-center\" style=\"margin-right:var(--wp--preset--spacing--40);margin-left:var(--wp--preset--spacing--40)\">Models are payable by bank transfer and prepayment immediately after order confirmation. Payments via Paypal are currently only available for international customers.<\/p>\n\n\n\n<p class=\"has-text-align-center\"><strong>How to order:<\/strong><\/p>\n\n\n\n<p class=\"has-text-align-center\" style=\"margin-right:var(--wp--preset--spacing--40);margin-left:var(--wp--preset--spacing--40)\"><strong>If you are interested, simply send an e-mail to mail@blackcatstudioart.de or use the contact form at the end of the page stating how many models you would like to buy.<\/strong><\/p>\n\n\n\n<p class=\"has-text-align-center\" style=\"margin-right:var(--wp--preset--spacing--40);margin-left:var(--wp--preset--spacing--40)\">Interested parties will then receive a reply mail. If models are available, the personal data are needed for the order confirmation. By sending a mail with your data you\u00b4ll recieve your order confirmation and request to pay your copies. This constitutes a contract of sale.<\/p>\n\n\n\n<p class=\"has-text-align-center\" style=\"margin-right:var(--wp--preset--spacing--40);margin-left:var(--wp--preset--spacing--40)\">Models are to be paid immediately by prepayment incl. shipping costs.<\/p>\n\n\n\n<p class=\"has-text-align-center\" style=\"margin-right:var(--wp--preset--spacing--40);margin-left:var(--wp--preset--spacing--40)\">Each package receives a shipment number I will sent by mail.<\/p>\n\n\n\n<p class=\"has-text-align-center\" style=\"margin-right:var(--wp--preset--spacing--40);margin-left:var(--wp--preset--spacing--40)\"><strong>You will find further information at the site \u201eABG &amp; Widerufsbelehrung\u201c\/ the terms and conditions.<\/strong><\/p>\n\n\n\n<p class=\"has-text-align-center\" style=\"margin-right:var(--wp--preset--spacing--40);margin-left:var(--wp--preset--spacing--40)\"><strong>By sending an email to me or using the contact form  you confirm that you have read this page as well as the terms and conditions and the cancellation policy and that you agree with them.<\/strong><\/p>\n\n\n\n<h6 class=\"wp-block-heading\">&nbsp;<\/h6>\n\n\n\n<h6 class=\"wp-block-heading has-text-align-center\">Important:<\/h6>\n\n\n\n<p class=\"has-text-align-center\" style=\"margin-right:var(--wp--preset--spacing--40);margin-left:var(--wp--preset--spacing--40)\">Due to EU-law you have the right to return your order within 14 days if you buy a model for private use. If you want to do that, send a mail to me. More Information on the return of the model under current law are on the page \u201eTerms &amp; Cancellation Policy\u201c.<\/p>\n\n\n\n<p class=\"has-text-align-center\" style=\"margin-right:var(--wp--preset--spacing--40);margin-left:var(--wp--preset--spacing--40)\">I further reserve the right not to sell to certain persons and also to exclude purchasers I had a bad experience with from buying available and future models!<\/p>\n\n\n\n<p class=\"has-text-align-center\" style=\"margin-right:var(--wp--preset--spacing--40);margin-left:var(--wp--preset--spacing--40)\">With the purchase of the model only the right to change as well as to paint is acquired. In the case of changes, these as well as I am to be named as the original artist. The right to casts, scans of the model or other processes for reproduction or other private and commercial use are NOT sold (neither for modified nor unmodified models).<\/p>\n\n\n<style>.kb-form input.kadence-blocks-field.verify{opacity:0.0;position:absolute;top:0.0;left:0.0;width:0.0;height:0.0;z-index:-1;}<\/style>\n<div class=\"wp-block-kadence-form kadence-form-1022_c92e05-cc kb-form-wrap\"><form class=\"kb-form\" action=\"\" method=\"post\" data-trp-original-action=\"\"><div class=\"kadence-blocks-form-field kb-field-desk-width-100 kb-input-size-standard\"><label for=\"kb_field_1022_c92e05-cc_0\">Name<\/label><input name=\"kb_field_0\" id=\"kb_field_1022_c92e05-cc_0\" data-label=\"Name\" type=\"text\" placeholder=\"\" value=\"\" data-type=\"text\" class=\"kb-field kb-text-style-field kb-text-field kb-field-0\"\/><\/div><div class=\"kadence-blocks-form-field kb-form-field-1 kb-field-desk-width-100 kb-input-size-standard\"><label for=\"kb_field_1022_c92e05-cc_1\">Email<span class=\"required\">*<\/span><\/label><input name=\"kb_field_1\" id=\"kb_field_1022_c92e05-cc_1\" data-label=\"Email\" type=\"email\" placeholder=\"\" value=\"\" data-type=\"email\" class=\"kb-field kb-text-style-field kb-email-field kb-field-1\" data-required=\"yes\"\/><\/div><div class=\"kadence-blocks-form-field kb-form-field-2 kb-field-desk-width-100 kb-input-size-standard\"><label for=\"kb_field_1022_c92e05-cc_2\">Message<span class=\"required\">*<\/span><\/label><textarea name=\"kb_field_2\" id=\"kb_field_1022_c92e05-cc_2\" data-label=\"Message\" type=\"textarea\" placeholder=\"\" data-type=\"textarea\" class=\"kb-field kb-text-style-field kb-textarea-field kb-field-2\" rows=\"4\" data-required=\"yes\"><\/textarea><\/div><input type=\"hidden\" name=\"_kb_form_id\" value=\"1022_c92e05-cc\"\/><input type=\"hidden\" name=\"_kb_form_post_id\" value=\"1022\"\/><input type=\"hidden\" name=\"action\" value=\"kb_process_ajax_submit\"\/><label class=\"kadence-verify-label\">Email<input class=\"kadence-blocks-field verify\" type=\"text\" name=\"_kb_verify_email\" autocomplete=\"new-password\" aria-hidden=\"true\" placeholder=\"Email\" tabindex=\"-1\" data-1p-ignore=\"true\" data-lpignore=\"true\" \/><\/label><div class=\"kadence-blocks-form-field kb-submit-field kb-field-desk-width-100\"><button class=\"kb-forms-submit button kb-button-size-standard kb-button-width-auto\">Submit<\/button><\/div><input type=\"hidden\" name=\"trp-form-language\" value=\"en\"\/><\/form><\/div>\n<noscript><div class=\"kadence-blocks-form-message kadence-blocks-form-warning\">Please enable JavaScript in your browser to submit the form<\/div><style>.kadence-form-1022_c92e05-cc .kadence-blocks-form-field.kb-submit-field { display: none; }<\/style><\/noscript><\/div><\/div>\n\n\n<style>.kadence-column1022_43cff1-df > .kt-inside-inner-col{display:flex;}.kadence-column1022_43cff1-df > .kt-inside-inner-col,.kadence-column1022_43cff1-df > .kt-inside-inner-col:before{border-top-left-radius:0px;border-top-right-radius:0px;border-bottom-right-radius:0px;border-bottom-left-radius:0px;}.kadence-column1022_43cff1-df > .kt-inside-inner-col{column-gap:var(--global-kb-gap-sm, 1rem);}.kadence-column1022_43cff1-df > .kt-inside-inner-col{flex-direction:column;justify-content:flex-start;}.kadence-column1022_43cff1-df > .kt-inside-inner-col > .aligncenter{width:100%;}.kt-row-column-wrap > .kadence-column1022_43cff1-df{align-self:flex-start;}.kt-inner-column-height-full:not(.kt-has-1-columns) > .wp-block-kadence-column.kadence-column1022_43cff1-df{align-self:auto;}.kt-inner-column-height-full:not(.kt-has-1-columns) > .wp-block-kadence-column.kadence-column1022_43cff1-df > .kt-inside-inner-col{flex-direction:column;justify-content:flex-start;}.kadence-column1022_43cff1-df > .kt-inside-inner-col:before{opacity:0.3;}.kadence-column1022_43cff1-df{position:relative;}@media all and (max-width: 1024px){.kt-row-column-wrap > .kadence-column1022_43cff1-df{align-self:flex-start;}}@media all and (max-width: 1024px){.kt-inner-column-height-full:not(.kt-has-1-columns) > .wp-block-kadence-column.kadence-column1022_43cff1-df{align-self:auto;}}@media all and (max-width: 1024px){.kt-inner-column-height-full:not(.kt-has-1-columns) > .wp-block-kadence-column.kadence-column1022_43cff1-df > .kt-inside-inner-col{flex-direction:column;justify-content:flex-start;}}@media all and (max-width: 1024px){.kadence-column1022_43cff1-df > .kt-inside-inner-col{flex-direction:column;justify-content:flex-start;}}@media all and (max-width: 767px){.kt-row-column-wrap > .kadence-column1022_43cff1-df{align-self:flex-start;}.kt-inner-column-height-full:not(.kt-has-1-columns) > .wp-block-kadence-column.kadence-column1022_43cff1-df{align-self:auto;}.kt-inner-column-height-full:not(.kt-has-1-columns) > .wp-block-kadence-column.kadence-column1022_43cff1-df > .kt-inside-inner-col{flex-direction:column;justify-content:flex-start;}.kadence-column1022_43cff1-df > .kt-inside-inner-col{flex-direction:column;justify-content:flex-start;}}<\/style>\n<div class=\"wp-block-kadence-column kadence-column1022_43cff1-df\"><div class=\"kt-inside-inner-col\"><div class=\"wp-block-image\">\n<figure class=\"aligncenter size-full is-resized\"><img loading=\"lazy\" decoding=\"async\" width=\"931\" height=\"666\" src=\"https:\/\/www.blackcatstudioart.com\/wp-content\/uploads\/2024\/08\/Z13.jpg\" alt=\"\" class=\"wp-image-1095\" style=\"width:521px;height:auto\" srcset=\"https:\/\/www.blackcatstudioart.com\/wp-content\/uploads\/2024\/08\/Z13.jpg 931w, https:\/\/www.blackcatstudioart.com\/wp-content\/uploads\/2024\/08\/Z13-300x215.jpg 300w, https:\/\/www.blackcatstudioart.com\/wp-content\/uploads\/2024\/08\/Z13-768x549.jpg 768w, https:\/\/www.blackcatstudioart.com\/wp-content\/uploads\/2024\/08\/Z13-18x12.jpg 18w\" sizes=\"auto, (max-width: 931px) 100vw, 931px\" \/><\/figure>\n<\/div>\n\n<div class=\"wp-block-image\">\n<figure class=\"aligncenter size-full is-resized\"><img loading=\"lazy\" decoding=\"async\" width=\"796\" height=\"662\" src=\"https:\/\/www.blackcatstudioart.com\/wp-content\/uploads\/2024\/08\/Z6.jpg\" alt=\"\" class=\"wp-image-1096\" style=\"width:522px;height:auto\" srcset=\"https:\/\/www.blackcatstudioart.com\/wp-content\/uploads\/2024\/08\/Z6.jpg 796w, https:\/\/www.blackcatstudioart.com\/wp-content\/uploads\/2024\/08\/Z6-300x249.jpg 300w, https:\/\/www.blackcatstudioart.com\/wp-content\/uploads\/2024\/08\/Z6-768x639.jpg 768w, https:\/\/www.blackcatstudioart.com\/wp-content\/uploads\/2024\/08\/Z6-14x12.jpg 14w\" sizes=\"auto, (max-width: 796px) 100vw, 796px\" \/><\/figure>\n<\/div>\n\n<div class=\"wp-block-image\">\n<figure class=\"aligncenter size-full is-resized\"><img loading=\"lazy\" decoding=\"async\" width=\"1000\" height=\"666\" src=\"https:\/\/www.blackcatstudioart.com\/wp-content\/uploads\/2024\/08\/Z3.jpg\" alt=\"\" class=\"wp-image-1097\" style=\"width:519px;height:auto\" srcset=\"https:\/\/www.blackcatstudioart.com\/wp-content\/uploads\/2024\/08\/Z3.jpg 1000w, https:\/\/www.blackcatstudioart.com\/wp-content\/uploads\/2024\/08\/Z3-300x200.jpg 300w, https:\/\/www.blackcatstudioart.com\/wp-content\/uploads\/2024\/08\/Z3-768x511.jpg 768w, https:\/\/www.blackcatstudioart.com\/wp-content\/uploads\/2024\/08\/Z3-18x12.jpg 18w\" sizes=\"auto, (max-width: 1000px) 100vw, 1000px\" \/><\/figure>\n<\/div>\n\n<div class=\"wp-block-image\">\n<figure class=\"aligncenter size-full is-resized\"><img loading=\"lazy\" decoding=\"async\" width=\"1000\" height=\"666\" src=\"https:\/\/www.blackcatstudioart.com\/wp-content\/uploads\/2024\/08\/Z2.jpg\" alt=\"\" class=\"wp-image-1098\" style=\"width:518px;height:auto\" srcset=\"https:\/\/www.blackcatstudioart.com\/wp-content\/uploads\/2024\/08\/Z2.jpg 1000w, https:\/\/www.blackcatstudioart.com\/wp-content\/uploads\/2024\/08\/Z2-300x200.jpg 300w, https:\/\/www.blackcatstudioart.com\/wp-content\/uploads\/2024\/08\/Z2-768x511.jpg 768w, https:\/\/www.blackcatstudioart.com\/wp-content\/uploads\/2024\/08\/Z2-18x12.jpg 18w\" sizes=\"auto, (max-width: 1000px) 100vw, 1000px\" \/><\/figure>\n<\/div>\n\n<div class=\"wp-block-image\">\n<figure class=\"aligncenter size-full is-resized\"><img loading=\"lazy\" decoding=\"async\" width=\"835\" height=\"662\" src=\"https:\/\/www.blackcatstudioart.com\/wp-content\/uploads\/2024\/08\/Z5.jpg\" alt=\"\" class=\"wp-image-1099\" style=\"width:516px;height:auto\" srcset=\"https:\/\/www.blackcatstudioart.com\/wp-content\/uploads\/2024\/08\/Z5.jpg 835w, https:\/\/www.blackcatstudioart.com\/wp-content\/uploads\/2024\/08\/Z5-300x238.jpg 300w, https:\/\/www.blackcatstudioart.com\/wp-content\/uploads\/2024\/08\/Z5-768x609.jpg 768w, https:\/\/www.blackcatstudioart.com\/wp-content\/uploads\/2024\/08\/Z5-15x12.jpg 15w\" sizes=\"auto, (max-width: 835px) 100vw, 835px\" \/><\/figure>\n<\/div>\n\n<div class=\"wp-block-image\">\n<figure class=\"aligncenter size-full is-resized\"><img loading=\"lazy\" decoding=\"async\" width=\"761\" height=\"662\" src=\"https:\/\/www.blackcatstudioart.com\/wp-content\/uploads\/2024\/08\/IMG_5315.jpg\" alt=\"\" class=\"wp-image-1100\" style=\"width:506px;height:auto\" srcset=\"https:\/\/www.blackcatstudioart.com\/wp-content\/uploads\/2024\/08\/IMG_5315.jpg 761w, https:\/\/www.blackcatstudioart.com\/wp-content\/uploads\/2024\/08\/IMG_5315-300x261.jpg 300w, https:\/\/www.blackcatstudioart.com\/wp-content\/uploads\/2024\/08\/IMG_5315-14x12.jpg 14w\" sizes=\"auto, (max-width: 761px) 100vw, 761px\" \/><\/figure>\n<\/div>\n\n<div class=\"wp-block-image\">\n<figure class=\"aligncenter size-full is-resized\"><img loading=\"lazy\" decoding=\"async\" width=\"831\" height=\"598\" src=\"https:\/\/www.blackcatstudioart.com\/wp-content\/uploads\/2024\/07\/Zeitgeist-2.jpg\" alt=\"\" class=\"wp-image-1052\" style=\"width:523px;height:auto\" srcset=\"https:\/\/www.blackcatstudioart.com\/wp-content\/uploads\/2024\/07\/Zeitgeist-2.jpg 831w, https:\/\/www.blackcatstudioart.com\/wp-content\/uploads\/2024\/07\/Zeitgeist-2-300x216.jpg 300w, https:\/\/www.blackcatstudioart.com\/wp-content\/uploads\/2024\/07\/Zeitgeist-2-768x553.jpg 768w, https:\/\/www.blackcatstudioart.com\/wp-content\/uploads\/2024\/07\/Zeitgeist-2-18x12.jpg 18w\" sizes=\"auto, (max-width: 831px) 100vw, 831px\" \/><\/figure>\n<\/div>\n\n<div class=\"wp-block-image\">\n<figure class=\"aligncenter size-large is-resized\"><img loading=\"lazy\" decoding=\"async\" width=\"605\" height=\"1024\" src=\"https:\/\/www.blackcatstudioart.com\/wp-content\/uploads\/2024\/07\/Zeitgeist2-3-605x1024.jpg\" alt=\"\" class=\"wp-image-1053\" style=\"width:467px;height:auto\" srcset=\"https:\/\/www.blackcatstudioart.com\/wp-content\/uploads\/2024\/07\/Zeitgeist2-3-605x1024.jpg 605w, https:\/\/www.blackcatstudioart.com\/wp-content\/uploads\/2024\/07\/Zeitgeist2-3-177x300.jpg 177w, https:\/\/www.blackcatstudioart.com\/wp-content\/uploads\/2024\/07\/Zeitgeist2-3-768x1300.jpg 768w, https:\/\/www.blackcatstudioart.com\/wp-content\/uploads\/2024\/07\/Zeitgeist2-3-7x12.jpg 7w, https:\/\/www.blackcatstudioart.com\/wp-content\/uploads\/2024\/07\/Zeitgeist2-3.jpg 900w\" sizes=\"auto, (max-width: 605px) 100vw, 605px\" \/><\/figure>\n<\/div>\n\n<div class=\"wp-block-image\">\n<figure class=\"aligncenter size-full is-resized\"><img loading=\"lazy\" decoding=\"async\" width=\"1000\" height=\"750\" src=\"https:\/\/www.blackcatstudioart.com\/wp-content\/uploads\/2024\/07\/Zeitgeist3-2.jpg\" alt=\"\" class=\"wp-image-1055\" style=\"width:511px;height:auto\" srcset=\"https:\/\/www.blackcatstudioart.com\/wp-content\/uploads\/2024\/07\/Zeitgeist3-2.jpg 1000w, https:\/\/www.blackcatstudioart.com\/wp-content\/uploads\/2024\/07\/Zeitgeist3-2-300x225.jpg 300w, https:\/\/www.blackcatstudioart.com\/wp-content\/uploads\/2024\/07\/Zeitgeist3-2-768x576.jpg 768w, https:\/\/www.blackcatstudioart.com\/wp-content\/uploads\/2024\/07\/Zeitgeist3-2-16x12.jpg 16w\" sizes=\"auto, (max-width: 1000px) 100vw, 1000px\" \/><\/figure>\n<\/div><\/div><\/div>\n\n<\/div><\/div>","protected":false},"excerpt":{"rendered":"<p>Zeitgeist Die hier zum Verkauf angebotenen Resinmodelle sind stark limitierte Resinabg\u00fcsse von von Hand modellierter Originalfiguren. Es handelt sich dabei um Sammlerst\u00fccke f\u00fcr Erwachsene. Die Abg\u00fcsse sind KEIN Spielzeug! Die abgebildeten Modell zeigen das erste komplette Resinmodell sowie die Original Skulptur. Zeitgeist Zeitgeist ist eine deutsche Warmblutstute und mein drittes Resin \u2013 aber das erste&#8230;<\/p>","protected":false},"author":2,"featured_media":0,"parent":0,"menu_order":0,"comment_status":"closed","ping_status":"closed","template":"","meta":{"_kadence_starter_templates_imported_post":false,"_kad_post_transparent":"","_kad_post_title":"hide","_kad_post_layout":"fullwidth","_kad_post_sidebar_id":"","_kad_post_content_style":"unboxed","_kad_post_vertical_padding":"hide","_kad_post_feature":"hide","_kad_post_feature_position":"","_kad_post_header":false,"_kad_post_footer":false,"footnotes":""},"class_list":["post-1022","page","type-page","status-publish","hentry"],"_links":{"self":[{"href":"https:\/\/www.blackcatstudioart.com\/en\/wp-json\/wp\/v2\/pages\/1022","targetHints":{"allow":["GET"]}}],"collection":[{"href":"https:\/\/www.blackcatstudioart.com\/en\/wp-json\/wp\/v2\/pages"}],"about":[{"href":"https:\/\/www.blackcatstudioart.com\/en\/wp-json\/wp\/v2\/types\/page"}],"author":[{"embeddable":true,"href":"https:\/\/www.blackcatstudioart.com\/en\/wp-json\/wp\/v2\/users\/2"}],"replies":[{"embeddable":true,"href":"https:\/\/www.blackcatstudioart.com\/en\/wp-json\/wp\/v2\/comments?post=1022"}],"version-history":[{"count":28,"href":"https:\/\/www.blackcatstudioart.com\/en\/wp-json\/wp\/v2\/pages\/1022\/revisions"}],"predecessor-version":[{"id":1256,"href":"https:\/\/www.blackcatstudioart.com\/en\/wp-json\/wp\/v2\/pages\/1022\/revisions\/1256"}],"wp:attachment":[{"href":"https:\/\/www.blackcatstudioart.com\/en\/wp-json\/wp\/v2\/media?parent=1022"}],"curies":[{"name":"wp","href":"https:\/\/api.w.org\/{rel}","templated":true}]}}