{"id":1002,"date":"2024-02-13T00:28:23","date_gmt":"2024-02-12T23:28:23","guid":{"rendered":"https:\/\/www.blackcatstudioart.com\/?page_id=1002"},"modified":"2024-08-07T18:27:48","modified_gmt":"2024-08-07T16:27:48","slug":"collectamare","status":"publish","type":"page","link":"https:\/\/www.blackcatstudioart.com\/en\/collectamare\/","title":{"rendered":"CollectA Dutch Draft Roan Mare CM"},"content":{"rendered":"<style>.kb-row-layout-id1002_eda27d-26 > .kt-row-column-wrap{align-content:center;}:where(.kb-row-layout-id1002_eda27d-26 > .kt-row-column-wrap) > .wp-block-kadence-column{justify-content:center;}.kb-row-layout-id1002_eda27d-26 > .kt-row-column-wrap{column-gap:var(--global-kb-gap-none, 0rem );row-gap:var(--global-kb-gap-md, 2rem);max-width:var( --global-content-width, 1290px );padding-left:var(--global-content-edge-padding);padding-right:var(--global-content-edge-padding);padding-top:var(--global-kb-spacing-3xl, 6.5rem);padding-bottom:var(--global-kb-spacing-xxl, 5rem);grid-template-columns:minmax(0, calc(50% - ((var(--global-kb-gap-none, 0rem ) * 1 )\/2)))minmax(0, calc(50% - ((var(--global-kb-gap-none, 0rem ) * 1 )\/2)));}.kb-row-layout-id1002_eda27d-26{background-color:#dee2e6;}.kb-row-layout-id1002_eda27d-26 > .kt-row-layout-overlay{opacity:0.30;}.kb-row-layout-id1002_eda27d-26 .kt-row-layout-top-sep{height:100px;}.kb-row-layout-id1002_eda27d-26 .kt-row-layout-top-sep svg{width:100%;}.kb-row-layout-id1002_eda27d-26 .kt-row-layout-top-sep svg{fill:#212529!important;}@media all and (max-width: 1024px){.kb-row-layout-id1002_eda27d-26 > .kt-row-column-wrap{grid-template-columns:minmax(0, 1fr);}}@media all and (max-width: 767px){.kb-row-layout-id1002_eda27d-26 > .kt-row-column-wrap{grid-template-columns:minmax(0, 1fr);}}<\/style><div class=\"kb-row-layout-wrap kb-row-layout-id1002_eda27d-26 alignnone kt-row-has-bg wp-block-kadence-rowlayout\"><div class=\"kt-row-column-wrap kt-has-2-columns kt-row-layout-equal kt-tab-layout-row kt-mobile-layout-row kt-row-valign-middle kb-theme-content-width\">\n<style>.kadence-column1002_b788b3-fc > .kt-inside-inner-col,.kadence-column1002_b788b3-fc > .kt-inside-inner-col:before{border-top-left-radius:0px;border-top-right-radius:0px;border-bottom-right-radius:0px;border-bottom-left-radius:0px;}.kadence-column1002_b788b3-fc > .kt-inside-inner-col{column-gap:var(--global-kb-gap-sm, 1rem);}.kadence-column1002_b788b3-fc > .kt-inside-inner-col{flex-direction:column;}.kadence-column1002_b788b3-fc > .kt-inside-inner-col > .aligncenter{width:100%;}.kadence-column1002_b788b3-fc > .kt-inside-inner-col:before{opacity:0.3;}.kadence-column1002_b788b3-fc{position:relative;}@media all and (max-width: 1024px){.kadence-column1002_b788b3-fc > .kt-inside-inner-col{flex-direction:column;justify-content:center;}}@media all and (max-width: 767px){.kadence-column1002_b788b3-fc > .kt-inside-inner-col{flex-direction:column;justify-content:center;}}<\/style>\n<div class=\"wp-block-kadence-column kadence-column1002_b788b3-fc\"><div class=\"kt-inside-inner-col\">\n<h2 class=\"wp-block-heading\">CollectA Dutch Draft Roan Mare CM<\/h2>\n\n\n\n<p class=\"has-text-align-center\">Die Stute hat von mir eine neumodellierte M\u00e4hne, die teilweise eingeflochten, teilweise offen ist, bekommen. Dazu wurde ihr von mir der Aufdruck entfernt, der Bauch und ein Teil&nbsp; der Kruppe sowie ein Teil der Stirn aufmodelliert. Der neu modellierte Schweif besticht mit einer rasierten Schweifr\u00fcbe und den dekorativ eingeflochtenen restlichen Haaren. Gehalten wird der kleine Dutt von dekorativen B\u00e4ndern. Zwei kleine L\u00f6cher im Schweifhaar bieten Platz f\u00fcr d\u00fcnne, dekorative F\u00e4hnchen.<\/p>\n\n\n\n<p class=\"has-text-align-center\">The model is unprepped and is sold as UNFINISHED and RAW custom. First come, first served.<\/p>\n\n\n\n<p class=\"has-text-align-center\"><strong>Price: 70\u20ac<\/strong><\/p>\n\n\n\n<p class=\"has-text-align-center\"><strong>plus packing and shipping costs (insured, from 8,99\u20ac)<\/strong><\/p>\n\n\n\n<p class=\"has-text-align-center\">Shipping costs will be adjusted accordingly to multiple models.<\/p>\n\n\n\n<p class=\"has-text-align-center\">Shipping costs will be added separately. \nShipping and sales only to Germany, Ireland, UK, Belgium, Netherlands, Denmark, Italy, Slovenia, Czech Republic, Hungary and Finland. All other EU countries cannot be supplied due to the obligations and costs of implementing the packaging laws. Third countries (e.g. USA) on request.<\/p>\n\n\n\n<p class=\"has-text-align-center\">Shipping to the USA is possible. Other third countries gladly on request.<\/p>\n\n\n\n<p class=\"has-text-align-center\">Models are payable by bank transfer and prepayment immediately after order confirmation. Payments via Paypal are currently only available for international customers.<\/p>\n\n\n\n<p class=\"has-text-align-center\"><strong>How to order:<\/strong><br>Interested parties can send <strong>mail@blackcatstudioart.de<\/strong> or use the <strong>or use the contact form<\/strong> Interested parties will then receive a reply email. If models are available, personal details are required for the order confirmation. <strong>By sending a mail with your data you\u00b4ll recieve your order confirmation and request to pay your copies. This constitutes a contract of sale.<\/strong><\/p>\n\n\n\n<p class=\"has-text-align-center\">Models are to be paid immediately by prepayment incl. shipping costs.<\/p>\n\n\n\n<p class=\"has-text-align-center\">Each package receives a shipment number I will sent by mail.<\/p>\n\n\n\n<p class=\"has-text-align-center\"><strong>You will find further information at the site \u201eABG &amp; Widerufsbelehrung\u201c\/ the terms and conditions.<\/strong><\/p>\n\n\n\n<h6 class=\"wp-block-heading has-text-align-center\">Important:<\/h6>\n\n\n\n<p class=\"has-text-align-center\">Due to EU-law you have the right to return your order within 14 days if you buy a model for private use. If you want to do that, send a mail to me. More Information on the return of the model under current law are on the page \u201eTerms &amp; Cancellation Policy\u201c.<\/p>\n\n\n\n<p class=\"has-text-align-center\">I further reserve the right not to sell to certain persons and also to exclude purchasers I had a bad experience with from buying available and future models!<\/p>\n\n\n\n<p class=\"has-text-align-center\">With the purchase of the model only the right to change as well as to paint is acquired. In the case of changes, these as well as I am to be named as the original artist. The right to casts, scans of the model or other processes for reproduction or other private and commercial use are NOT sold (neither for modified nor unmodified models).<\/p>\n\n\n<style>.kb-form input.kadence-blocks-field.verify{opacity:0.0;position:absolute;top:0.0;left:0.0;width:0.0;height:0.0;z-index:-1;}<\/style>\n<div class=\"wp-block-kadence-form kadence-form-1002_b8493f-8f kb-form-wrap\"><form class=\"kb-form\" action=\"\" method=\"post\" data-trp-original-action=\"\"><div class=\"kadence-blocks-form-field kb-field-desk-width-100 kb-input-size-standard\"><label for=\"kb_field_1002_b8493f-8f_0\">Name<\/label><input name=\"kb_field_0\" id=\"kb_field_1002_b8493f-8f_0\" data-label=\"Name\" type=\"text\" placeholder=\"\" value=\"\" data-type=\"text\" class=\"kb-field kb-text-style-field kb-text-field kb-field-0\"\/><\/div><div class=\"kadence-blocks-form-field kb-form-field-1 kb-field-desk-width-100 kb-input-size-standard\"><label for=\"kb_field_1002_b8493f-8f_1\">Email<span class=\"required\">*<\/span><\/label><input name=\"kb_field_1\" id=\"kb_field_1002_b8493f-8f_1\" data-label=\"Email\" type=\"email\" placeholder=\"\" value=\"\" data-type=\"email\" class=\"kb-field kb-text-style-field kb-email-field kb-field-1\" data-required=\"yes\"\/><\/div><div class=\"kadence-blocks-form-field kb-form-field-2 kb-field-desk-width-100 kb-input-size-standard\"><label for=\"kb_field_1002_b8493f-8f_2\">Message<span class=\"required\">*<\/span><\/label><textarea name=\"kb_field_2\" id=\"kb_field_1002_b8493f-8f_2\" data-label=\"Message\" type=\"textarea\" placeholder=\"\" data-type=\"textarea\" class=\"kb-field kb-text-style-field kb-textarea-field kb-field-2\" rows=\"4\" data-required=\"yes\"><\/textarea><\/div><input type=\"hidden\" name=\"_kb_form_id\" value=\"1002_b8493f-8f\"\/><input type=\"hidden\" name=\"_kb_form_post_id\" value=\"1002\"\/><input type=\"hidden\" name=\"action\" value=\"kb_process_ajax_submit\"\/><label class=\"kadence-verify-label\">Email<input class=\"kadence-blocks-field verify\" type=\"text\" name=\"_kb_verify_email\" autocomplete=\"new-password\" aria-hidden=\"true\" placeholder=\"Email\" tabindex=\"-1\" data-1p-ignore=\"true\" data-lpignore=\"true\" \/><\/label><div class=\"kadence-blocks-form-field kb-submit-field kb-field-desk-width-100\"><button class=\"kb-forms-submit button kb-button-size-standard kb-button-width-auto\">Submit<\/button><\/div><input type=\"hidden\" name=\"trp-form-language\" value=\"en\"\/><\/form><\/div>\n<noscript><div class=\"kadence-blocks-form-message kadence-blocks-form-warning\">Please enable JavaScript in your browser to submit the form<\/div><style>.kadence-form-1002_b8493f-8f .kadence-blocks-form-field.kb-submit-field { display: none; }<\/style><\/noscript>\n\n<div class=\"wp-block-image\">\n<figure class=\"aligncenter size-large is-resized\"><img loading=\"lazy\" decoding=\"async\" width=\"683\" height=\"1024\" src=\"https:\/\/www.blackcatstudioart.com\/wp-content\/uploads\/2024\/07\/draft4-1-683x1024.jpg\" alt=\"\" class=\"wp-image-1009\" style=\"width:358px;height:auto\" srcset=\"https:\/\/www.blackcatstudioart.com\/wp-content\/uploads\/2024\/07\/draft4-1-683x1024.jpg 683w, https:\/\/www.blackcatstudioart.com\/wp-content\/uploads\/2024\/07\/draft4-1-200x300.jpg 200w, https:\/\/www.blackcatstudioart.com\/wp-content\/uploads\/2024\/07\/draft4-1-768x1152.jpg 768w, https:\/\/www.blackcatstudioart.com\/wp-content\/uploads\/2024\/07\/draft4-1-8x12.jpg 8w, https:\/\/www.blackcatstudioart.com\/wp-content\/uploads\/2024\/07\/draft4-1.jpg 800w\" sizes=\"auto, (max-width: 683px) 100vw, 683px\" \/><\/figure>\n<\/div><\/div><\/div>\n\n\n<style>.kadence-column1002_eec4f8-0e > .kt-inside-inner-col,.kadence-column1002_eec4f8-0e > .kt-inside-inner-col:before{border-top-left-radius:0px;border-top-right-radius:0px;border-bottom-right-radius:0px;border-bottom-left-radius:0px;}.kadence-column1002_eec4f8-0e > .kt-inside-inner-col{column-gap:var(--global-kb-gap-sm, 1rem);}.kadence-column1002_eec4f8-0e > .kt-inside-inner-col{flex-direction:column;}.kadence-column1002_eec4f8-0e > .kt-inside-inner-col > .aligncenter{width:100%;}.kadence-column1002_eec4f8-0e > .kt-inside-inner-col:before{opacity:0.3;}.kadence-column1002_eec4f8-0e{position:relative;}@media all and (max-width: 1024px){.kadence-column1002_eec4f8-0e > .kt-inside-inner-col{flex-direction:column;justify-content:center;}}@media all and (max-width: 767px){.kadence-column1002_eec4f8-0e > .kt-inside-inner-col{flex-direction:column;justify-content:center;}}<\/style>\n<div class=\"wp-block-kadence-column kadence-column1002_eec4f8-0e\"><div class=\"kt-inside-inner-col\"><div class=\"wp-block-image\">\n<figure class=\"aligncenter size-full is-resized\"><img loading=\"lazy\" decoding=\"async\" width=\"1000\" height=\"667\" src=\"https:\/\/www.blackcatstudioart.com\/wp-content\/uploads\/2024\/07\/Draft-2.jpg\" alt=\"\" class=\"wp-image-1005\" style=\"width:582px;height:auto\" srcset=\"https:\/\/www.blackcatstudioart.com\/wp-content\/uploads\/2024\/07\/Draft-2.jpg 1000w, https:\/\/www.blackcatstudioart.com\/wp-content\/uploads\/2024\/07\/Draft-2-300x200.jpg 300w, https:\/\/www.blackcatstudioart.com\/wp-content\/uploads\/2024\/07\/Draft-2-768x512.jpg 768w, https:\/\/www.blackcatstudioart.com\/wp-content\/uploads\/2024\/07\/Draft-2-18x12.jpg 18w\" sizes=\"auto, (max-width: 1000px) 100vw, 1000px\" \/><\/figure>\n<\/div>\n\n<div class=\"wp-block-image\">\n<figure class=\"aligncenter size-full is-resized\"><img loading=\"lazy\" decoding=\"async\" width=\"1000\" height=\"667\" src=\"https:\/\/www.blackcatstudioart.com\/wp-content\/uploads\/2024\/07\/draft1-2.jpg\" alt=\"\" class=\"wp-image-1006\" style=\"width:585px;height:auto\" srcset=\"https:\/\/www.blackcatstudioart.com\/wp-content\/uploads\/2024\/07\/draft1-2.jpg 1000w, https:\/\/www.blackcatstudioart.com\/wp-content\/uploads\/2024\/07\/draft1-2-300x200.jpg 300w, https:\/\/www.blackcatstudioart.com\/wp-content\/uploads\/2024\/07\/draft1-2-768x512.jpg 768w, https:\/\/www.blackcatstudioart.com\/wp-content\/uploads\/2024\/07\/draft1-2-18x12.jpg 18w\" sizes=\"auto, (max-width: 1000px) 100vw, 1000px\" \/><\/figure>\n<\/div>\n\n<div class=\"wp-block-image\">\n<figure class=\"aligncenter size-full is-resized\"><img loading=\"lazy\" decoding=\"async\" width=\"1000\" height=\"667\" src=\"https:\/\/www.blackcatstudioart.com\/wp-content\/uploads\/2024\/07\/draft5-1.jpg\" alt=\"\" class=\"wp-image-1007\" style=\"width:591px;height:auto\" srcset=\"https:\/\/www.blackcatstudioart.com\/wp-content\/uploads\/2024\/07\/draft5-1.jpg 1000w, https:\/\/www.blackcatstudioart.com\/wp-content\/uploads\/2024\/07\/draft5-1-300x200.jpg 300w, https:\/\/www.blackcatstudioart.com\/wp-content\/uploads\/2024\/07\/draft5-1-768x512.jpg 768w, https:\/\/www.blackcatstudioart.com\/wp-content\/uploads\/2024\/07\/draft5-1-18x12.jpg 18w\" sizes=\"auto, (max-width: 1000px) 100vw, 1000px\" \/><\/figure>\n<\/div>\n\n<div class=\"wp-block-image\">\n<figure class=\"aligncenter size-large is-resized\"><img loading=\"lazy\" decoding=\"async\" width=\"683\" height=\"1024\" src=\"https:\/\/www.blackcatstudioart.com\/wp-content\/uploads\/2024\/07\/draft2-1-683x1024.jpg\" alt=\"\" class=\"wp-image-1008\" style=\"width:444px;height:auto\" srcset=\"https:\/\/www.blackcatstudioart.com\/wp-content\/uploads\/2024\/07\/draft2-1-683x1024.jpg 683w, https:\/\/www.blackcatstudioart.com\/wp-content\/uploads\/2024\/07\/draft2-1-200x300.jpg 200w, https:\/\/www.blackcatstudioart.com\/wp-content\/uploads\/2024\/07\/draft2-1-768x1152.jpg 768w, https:\/\/www.blackcatstudioart.com\/wp-content\/uploads\/2024\/07\/draft2-1-8x12.jpg 8w, https:\/\/www.blackcatstudioart.com\/wp-content\/uploads\/2024\/07\/draft2-1.jpg 800w\" sizes=\"auto, (max-width: 683px) 100vw, 683px\" \/><\/figure>\n<\/div>\n\n<div class=\"wp-block-image\">\n<figure class=\"aligncenter size-large is-resized\"><img loading=\"lazy\" decoding=\"async\" width=\"683\" height=\"1024\" src=\"https:\/\/www.blackcatstudioart.com\/wp-content\/uploads\/2024\/07\/draft3-1-683x1024.jpg\" alt=\"\" class=\"wp-image-1010\" style=\"width:438px;height:auto\" srcset=\"https:\/\/www.blackcatstudioart.com\/wp-content\/uploads\/2024\/07\/draft3-1-683x1024.jpg 683w, https:\/\/www.blackcatstudioart.com\/wp-content\/uploads\/2024\/07\/draft3-1-200x300.jpg 200w, https:\/\/www.blackcatstudioart.com\/wp-content\/uploads\/2024\/07\/draft3-1-768x1152.jpg 768w, https:\/\/www.blackcatstudioart.com\/wp-content\/uploads\/2024\/07\/draft3-1-8x12.jpg 8w, https:\/\/www.blackcatstudioart.com\/wp-content\/uploads\/2024\/07\/draft3-1.jpg 800w\" sizes=\"auto, (max-width: 683px) 100vw, 683px\" \/><\/figure>\n<\/div><\/div><\/div>\n\n<\/div><\/div>","protected":false},"excerpt":{"rendered":"<p>CollectA Dutch Draft Roan Mare CM Die Stute hat von mir eine neumodellierte M\u00e4hne, die teilweise eingeflochten, teilweise offen ist, bekommen. Dazu wurde ihr von mir der Aufdruck entfernt, der Bauch und ein Teil&nbsp; der Kruppe sowie ein Teil der Stirn aufmodelliert. Der neu modellierte Schweif besticht mit einer rasierten Schweifr\u00fcbe und den dekorativ eingeflochtenen&#8230;<\/p>","protected":false},"author":2,"featured_media":0,"parent":0,"menu_order":0,"comment_status":"closed","ping_status":"closed","template":"","meta":{"_kadence_starter_templates_imported_post":false,"_kad_post_transparent":"","_kad_post_title":"hide","_kad_post_layout":"fullwidth","_kad_post_sidebar_id":"","_kad_post_content_style":"unboxed","_kad_post_vertical_padding":"hide","_kad_post_feature":"hide","_kad_post_feature_position":"","_kad_post_header":false,"_kad_post_footer":false,"footnotes":""},"class_list":["post-1002","page","type-page","status-publish","hentry"],"_links":{"self":[{"href":"https:\/\/www.blackcatstudioart.com\/en\/wp-json\/wp\/v2\/pages\/1002","targetHints":{"allow":["GET"]}}],"collection":[{"href":"https:\/\/www.blackcatstudioart.com\/en\/wp-json\/wp\/v2\/pages"}],"about":[{"href":"https:\/\/www.blackcatstudioart.com\/en\/wp-json\/wp\/v2\/types\/page"}],"author":[{"embeddable":true,"href":"https:\/\/www.blackcatstudioart.com\/en\/wp-json\/wp\/v2\/users\/2"}],"replies":[{"embeddable":true,"href":"https:\/\/www.blackcatstudioart.com\/en\/wp-json\/wp\/v2\/comments?post=1002"}],"version-history":[{"count":5,"href":"https:\/\/www.blackcatstudioart.com\/en\/wp-json\/wp\/v2\/pages\/1002\/revisions"}],"predecessor-version":[{"id":1111,"href":"https:\/\/www.blackcatstudioart.com\/en\/wp-json\/wp\/v2\/pages\/1002\/revisions\/1111"}],"wp:attachment":[{"href":"https:\/\/www.blackcatstudioart.com\/en\/wp-json\/wp\/v2\/media?parent=1002"}],"curies":[{"name":"wp","href":"https:\/\/api.w.org\/{rel}","templated":true}]}}